{"id":115,"date":"2015-10-20T07:47:02","date_gmt":"2015-10-20T07:47:02","guid":{"rendered":"http:\/\/www.verkkovaria.fi\/yhteiset\/kemia\/?page_id=115"},"modified":"2016-06-27T14:53:34","modified_gmt":"2016-06-27T14:53:34","slug":"kemikaalilainsaadanto","status":"publish","type":"page","link":"https:\/\/www.verkkovaria.fi\/yhteiset\/kemia\/?page_id=115","title":{"rendered":"Kemikaalilains\u00e4\u00e4d\u00e4nt\u00f6"},"content":{"rendered":"<p><em>Osaamistavoite: kemikaaleja koskevan lains\u00e4\u00e4d\u00e4nn\u00f6n perusteiden tunteminen s\u00e4\u00e4d\u00f6sten huomioon ottamiseksi omassa ty\u00f6ss\u00e4, kemikaalien k\u00e4ytt\u00f6\u00e4 koskevien vastuukysymysten tiedostaminen<\/em><\/p>\n<p>Kuka tahansa voi joutua jollakin tavoin tekemisiin myrkyllisten tai muuten haitallisten kemikaalien kanssa ty\u00f6ss\u00e4\u00e4n. V\u00e4ltt\u00e4m\u00e4tt\u00e4 ei olla tekemisiss\u00e4 itse aineen kanssa vaan tehd\u00e4\u00e4n esimerkiksi vieraskielisen tuoteselosteen k\u00e4\u00e4nn\u00f6sty\u00f6t\u00e4, laaditaan mainos jollekin tuotteelle tai p\u00e4\u00e4tet\u00e4\u00e4n aineiden sis\u00e4\u00e4nostoista tai kuljetuksista. Kaikissa n\u00e4iss\u00e4kin t\u00f6iss\u00e4 t\u00e4ytyy olla tietoinen kyseess\u00e4 olevan aineen k\u00e4ytt\u00f6\u00f6n liittyvist\u00e4 turvallisuuskysymyksist\u00e4 ja siit\u00e4, millaisia rajoituksia lait asettavat aineen k\u00e4yt\u00f6lle.<\/p>\n<p>EU:ssa kemikaalien k\u00e4ytt\u00f6\u00e4 rajoittaa ja ohjaa REACH-asetus: <strong>lue, mit\u00e4 alla olevassa linkiss\u00e4 asetuksesta kerrotaan<\/strong>.<\/p>\n<p><a href=\"http:\/\/www.kemikaalineuvonta.fi\/fi\/Saadosalue\/REACH\/\">http:\/\/www.kemikaalineuvonta.fi\/fi\/Saadosalue\/REACH\/<\/a><\/p>\n<p>REACH ei ole syntynyt helposti eik\u00e4 se viel\u00e4k\u00e4\u00e4n ole niin kattava kuin ymp\u00e4rist\u00f6n\u00e4k\u00f6kohdat ja monien kemikaalien toistaiseksi tuntemattomat terveysvaikutukset huomioon ottaen olisi hyv\u00e4. Rajoituksia laadittaessa joudutaan usein asettamaan vastakkain kaksi tahoa: teollisuus ja ymp\u00e4rist\u00f6. On aivan ymm\u00e4rrett\u00e4v\u00e4\u00e4, ett\u00e4 kemikaalien valmistuksesta tulonsa saava tai kemikaalien avulla tuotteita valmistava teollisuus ei ole suostuvainen rajoituksiin, jotka v\u00e4hent\u00e4isiv\u00e4t oman toiminnan mahdollisuuksia. Ymp\u00e4rist\u00f6v\u00e4ki puolestaan ei ole halukas sallimaan mink\u00e4\u00e4n kemikaalin k\u00e4ytt\u00f6\u00e4 ennen kuin sen kaikki mahdolliset ymp\u00e4rist\u00f6- ja terveysvaikutukset on tarkoin testattu ja kemikaali todettu turvalliseksi.<\/p>\n<h3>Teht\u00e4v\u00e4: Laillinen myrkky? Kenen vastuu?<\/h3>\n<p>Monien kemikaalien tiedet\u00e4\u00e4n aiheuttavan terveyshaittoja tai vahinkoa ymp\u00e4rist\u00f6lle, mutta silti niit\u00e4 saa k\u00e4ytt\u00e4\u00e4 varsin vapaasti, kunhan t\u00e4ytt\u00e4\u00e4 tietyt s\u00e4\u00e4d\u00f6ksiss\u00e4 m\u00e4\u00e4r\u00e4tyt ehdot. T\u00e4ss\u00e4 teht\u00e4v\u00e4ss\u00e4 laaditaan tekstidokumentti. <strong>Tee kaikki teht\u00e4v\u00e4n osat samaan dokumenttiin.<\/strong> Muista kirjoittaa otsikot paikoilleen!<\/p>\n<h4>A) Miss\u00e4 kaikkialla myrkky\u00e4 on<\/h4>\n<p><strong>Selvit\u00e4, millaisissa tuotteissa esiintyy alla mainittuihin ryhmiin kuuluvia aineita<\/strong> (ei tarvitse olla juuri esimerkkiaine). Yrit\u00e4 l\u00f6yt\u00e4\u00e4 jokaiseen ryhm\u00e4\u00e4n ainakin kolme tuotetta. <strong>Kirjoita<\/strong> l\u00f6yt\u00e4m\u00e4si tuoteet tekstidokumenttiin niin, ett\u00e4 ensin mainitset aineryhm\u00e4n (eli alla mainitun ryhm\u00e4n) ja sen alla luettelet tuotteet, joista l\u00f6ytyy t\u00e4h\u00e4n aineryhm\u00e4\u00e4n kuuluvia aineita.<\/p>\n<p><strong>Aineryhm\u00e4t:<\/strong><\/p>\n<ul>\n<li>Pysyv\u00e4t orgaaniset saastuttajat (POP = Persistent Organic Pollutants): esim. PCB, dioksiinit<\/li>\n<li>Perfluoratut alkyyliaineet: esim.perfluoro-okaanisulfonaatit, perfluoroalkyylihappo<\/li>\n<li>Bromatut palonestoaineet: esim. difenyylieetterit, heksabromisyklododekaani<\/li>\n<li>Hormonih\u00e4iritsij\u00e4t: esim. bisfenoli A, ftalaatit, dietanoliamiini, monoetanoliamiini, parabeenit<\/li>\n<\/ul>\n<p>&nbsp;<\/p>\n<h4>B) Miten myrkky p\u00e4\u00e4ttyy tuotteesta ymp\u00e4rist\u00f6\u00f6n ja ihmisiin<\/h4>\n<p>Alla on mainittu kolme ainetta, joiden kulku tuotteesta ymp\u00e4rist\u00f6\u00f6n ja ymp\u00e4rist\u00f6st\u00e4 toiseen ihmiseen sinun tulee selvitt\u00e4\u00e4. Eli<strong> ota selv\u00e4\u00e4 siit\u00e4, mill\u00e4 tavoin mainittu aine irtoaa tuotteesta, jossa sit\u00e4 on, miten se kulkeutuu ymp\u00e4rist\u00f6\u00f6n<\/strong> (esim. levi\u00e4\u00e4k\u00f6 ilman vai veden mukana)<strong>, ja miten se p\u00e4\u00e4tyy ymp\u00e4rist\u00f6st\u00e4 johonkin toiseen ihmiseen<\/strong> (esim. hengitet\u00e4\u00e4nk\u00f6 se vai sy\u00f6d\u00e4\u00e4nk\u00f6 se jonkin mukana). <strong>Kirjoita<\/strong> tekstidokumenttiin ensin aineen nimi, sitten tuote, josta ep\u00e4ilet aineen levi\u00e4v\u00e4n ymp\u00e4rist\u00f6\u00f6n (tuotteita voi olla monta, joten voit valita niist\u00e4 yhden) ja sitten kuvaus siit\u00e4, miten levi\u00e4minen tapahtuu ja miten aine lopuksi p\u00e4\u00e4tyy toiseen ihmiseen.<\/p>\n<p><strong>Aineet, joiden kulkua tulee seurata:<\/strong><\/p>\n<ul>\n<li>heksabromisyklododekaani<\/li>\n<li>PCB<\/li>\n<li>estrogeeni<\/li>\n<\/ul>\n<p>&nbsp;<\/p>\n<h4>C) Kenen vastuulla kemikaali on?<\/h4>\n<p>Teollisuus k\u00e4ytt\u00e4\u00e4 kemikaalia valmistaessaan tuotteita, jotka myy tukkukauppiaalle, joka myy tuotteet eteenp\u00e4in v\u00e4hitt\u00e4iskauppoihin, jotka myyv\u00e4t tuotteet kuluttajille, jotka k\u00e4ytt\u00e4v\u00e4t tuotetta ja lopulta heitt\u00e4v\u00e4t sen pois (tavalla tai toisella). Onko vastuu myrkyist\u00e4 ja niiden vaaroista valmistajalla, myyj\u00e4ll\u00e4 vai ostajalla?<\/p>\n<p><strong>Pohdi alla kuvattuja tilanteita. Pohdintasi p\u00e4\u00e4tteeksi tee tilanteiden alla annettu teht\u00e4v\u00e4.<\/strong><\/p>\n<p><em>Tuotteen valmistaja tiet\u00e4\u00e4 k\u00e4ytt\u00e4v\u00e4ns\u00e4 myrkyllist\u00e4 kemikaalia, mutta on ottanut sen huomioon tuotteen valmistuksessa. Valmistusprosessissa ei myrkky\u00e4 p\u00e4\u00e4se ymp\u00e4rist\u00f6\u00f6n lainkaan eik\u00e4 sit\u00e4 valmiista tuotteestakaan p\u00e4\u00e4se vapautumaan, jos tuotetta k\u00e4ytet\u00e4\u00e4n ohjeiden mukaisesti. Onko valmistaja vastuussa siit\u00e4, ett\u00e4 tuotteen ostaja ei ehk\u00e4 osaa k\u00e4ytt\u00e4\u00e4 tuotetta oikein?<\/em><\/p>\n<p><em>Tukkukauppias ostaa tuotetta, jonka tiet\u00e4\u00e4 sis\u00e4lt\u00e4v\u00e4n myrkyllisi\u00e4 aineita, mutta jonka k\u00e4ytt\u00f6 on turvallista, kunhan sen tekee oikein. Jos ostaja k\u00e4ytt\u00e4\u00e4 tuotetta v\u00e4\u00e4rin, onko vastuu tukkukauppiaalla?<\/em><\/p>\n<p><em>Tukkukauppias ostaa tuotetta, jonka myrkyllisyydest\u00e4 ei ole varma. Myydess\u00e4\u00e4n tuotetta eteenp\u00e4in h\u00e4n laittaa mukaan huomautuksen siit\u00e4, ett\u00e4 tuote saattaa sis\u00e4lt\u00e4\u00e4 jotakin myrkyllist\u00e4 kemikaalia. Onko vastuu tuotteen myrkyllisyydest\u00e4 tukkukauppiaalla vai tuoteen valmistajalla?<\/em><\/p>\n<p><em>V\u00e4hitt\u00e4iskauppias myy kuluttajille tuotetta, jonka kaikki tiet\u00e4v\u00e4t sis\u00e4lt\u00e4v\u00e4n myrkyllisi\u00e4 kemikaaleja. Onko vastuu myrkyllisten kemikaalien levi\u00e4misest\u00e4 v\u00e4hitt\u00e4iskauppiaalla vai kuluttajalla?<\/em><\/p>\n<p><em>Kuluttaja ostaa kaupasta tuotteen, jonka valmistuksessa on k\u00e4ytetty myrkyllisi\u00e4 kemikaaleja, mutta tuote itsess\u00e4\u00e4n ei niit\u00e4 en\u00e4\u00e4 sis\u00e4ll\u00e4. Onko vastuu tuotteen valmistuksessa k\u00e4ytettyjen myrkkyjen mahdollisesta ymp\u00e4rist\u00f6\u00f6n levi\u00e4misest\u00e4 tuotteen ostaneella kuluttajalla vai tuotteen valmistajalla?<\/em><\/p>\n<p><em>Kuluttaja on ostanut kaupasta tuotteen, josta saattaa vapautua myrkyllisi\u00e4 kemikaaleja. Tuotteen k\u00e4yt\u00f6n j\u00e4lkeen kuluttaja heitt\u00e4\u00e4 tuotteen roskiin, mist\u00e4 se p\u00e4\u00e4tyy kaatopaikalle, miss\u00e4 myrkylliset kemikaalit p\u00e4\u00e4sev\u00e4t levi\u00e4m\u00e4\u00e4n luontoon. Onko vastuu tapahtuneesta ymp\u00e4rist\u00f6vahingosta tuotetta k\u00e4ytt\u00e4neell\u00e4 kuluttajalla vai tuotteen valmistajalla? Vai ehk\u00e4 myyj\u00e4ll\u00e4, joka salli kuluttajan ostaa saastuttavan tuotteen?<\/em><\/p>\n<p><em>Kuluttaja ostaa kaupasta tuotteen, jonka tiet\u00e4\u00e4 valmistetuksi tehtaassa, joka ei piittaa ymp\u00e4rist\u00f6s\u00e4\u00e4d\u00f6ksist\u00e4 vaan k\u00e4ytt\u00e4\u00e4 kaikkia kemikaaleja holtittomasti. Tuote itsess\u00e4\u00e4n ei pilaa ymp\u00e4rist\u00f6\u00e4, mutta tehdas, jossa se on valmistettu, aivan varmasti pilaa. Onko tuotteen kaupasta ostaneella kuluttajalla osavastuu tehtaan ymp\u00e4rist\u00f6\u00e4 pilaavasta toiminnasta? Ent\u00e4 mik\u00e4 osuus vastuusta on kauppiailla, jotka myyv\u00e4t tuota tuotetta kaupoissaan?<\/em><\/p>\n<p><strong>Pohdinnan j\u00e4lkeinen teht\u00e4v\u00e4:<\/strong><\/p>\n<p>Mieti kuluttajan (tuotteiden ostajan) roolia eri kemikaalien k\u00e4yt\u00f6ss\u00e4 ja kirjoita aiheesta pohdiskeleva kirjoitus. <strong>Anna kirjoituksessasi vastaus mm. seuraaviin kysymyksiin:<\/strong><\/p>\n<ul>\n<li>Millaisin keinoin kuluttaja voi (Suomessa) vaikuttaa siihen, millaisia kemikaaleja teollisuudessa saa k\u00e4ytt\u00e4\u00e4?<\/li>\n<li>Mik\u00e4 osa kemikaalien k\u00e4yt\u00f6st\u00e4 on kuluttajan vastuulla vai onko mik\u00e4\u00e4n?<\/li>\n<li>Miten kuluttajat voisi saada tietoisemmiksi omista vaikutusmahdollisuuksistaan ja mahdollisesta vastuustaan?<\/li>\n<li>Mit\u00e4 kuka tahansa voi tehd\u00e4 est\u00e4\u00e4kseen ymp\u00e4rist\u00f6mme kohtuuttoman kemikalisoitumisen?<\/li>\n<li>Millaisin keinoin voisit omassa ty\u00f6ss\u00e4si ehk\u00e4ist\u00e4 ymp\u00e4rist\u00f6n kemikalisoitumisesta aiheutuvia haittoja?<\/li>\n<\/ul>\n<p><strong>Palauta valmis tekstidokumentti (jossa teht\u00e4v\u00e4t A, B ja C) Fronteriin VerkkoKEMIAn palautuskansioon tai muuhun sovittuun paikkaan.<\/strong><\/p>\n","protected":false},"excerpt":{"rendered":"<p>Osaamistavoite: kemikaaleja koskevan lains\u00e4\u00e4d\u00e4nn\u00f6n perusteiden tunteminen s\u00e4\u00e4d\u00f6sten huomioon ottamiseksi omassa ty\u00f6ss\u00e4, kemikaalien k\u00e4ytt\u00f6\u00e4 koskevien vastuukysymysten tiedostaminen Kuka tahansa voi joutua jollakin tavoin tekemisiin myrkyllisten tai muuten haitallisten kemikaalien kanssa ty\u00f6ss\u00e4\u00e4n. V\u00e4ltt\u00e4m\u00e4tt\u00e4 ei olla tekemisiss\u00e4 itse aineen kanssa vaan tehd\u00e4\u00e4n esimerkiksi vieraskielisen tuoteselosteen k\u00e4\u00e4nn\u00f6sty\u00f6t\u00e4, laaditaan mainos jollekin tuotteelle tai p\u00e4\u00e4tet\u00e4\u00e4n aineiden sis\u00e4\u00e4nostoista tai kuljetuksista. Kaikissa n\u00e4iss\u00e4kin &hellip; <a href=\"https:\/\/www.verkkovaria.fi\/yhteiset\/kemia\/?page_id=115\">Continued<\/a><\/p>\n","protected":false},"author":1,"featured_media":348,"parent":0,"menu_order":0,"comment_status":"closed","ping_status":"closed","template":"","meta":{"footnotes":"","_links_to":"","_links_to_target":""},"class_list":["post-115","page","type-page","status-publish","has-post-thumbnail","hentry"],"_links":{"self":[{"href":"https:\/\/www.verkkovaria.fi\/yhteiset\/kemia\/index.php?rest_route=\/wp\/v2\/pages\/115","targetHints":{"allow":["GET"]}}],"collection":[{"href":"https:\/\/www.verkkovaria.fi\/yhteiset\/kemia\/index.php?rest_route=\/wp\/v2\/pages"}],"about":[{"href":"https:\/\/www.verkkovaria.fi\/yhteiset\/kemia\/index.php?rest_route=\/wp\/v2\/types\/page"}],"author":[{"embeddable":true,"href":"https:\/\/www.verkkovaria.fi\/yhteiset\/kemia\/index.php?rest_route=\/wp\/v2\/users\/1"}],"replies":[{"embeddable":true,"href":"https:\/\/www.verkkovaria.fi\/yhteiset\/kemia\/index.php?rest_route=%2Fwp%2Fv2%2Fcomments&post=115"}],"version-history":[{"count":8,"href":"https:\/\/www.verkkovaria.fi\/yhteiset\/kemia\/index.php?rest_route=\/wp\/v2\/pages\/115\/revisions"}],"predecessor-version":[{"id":465,"href":"https:\/\/www.verkkovaria.fi\/yhteiset\/kemia\/index.php?rest_route=\/wp\/v2\/pages\/115\/revisions\/465"}],"wp:featuredmedia":[{"embeddable":true,"href":"https:\/\/www.verkkovaria.fi\/yhteiset\/kemia\/index.php?rest_route=\/wp\/v2\/media\/348"}],"wp:attachment":[{"href":"https:\/\/www.verkkovaria.fi\/yhteiset\/kemia\/index.php?rest_route=%2Fwp%2Fv2%2Fmedia&parent=115"}],"curies":[{"name":"wp","href":"https:\/\/api.w.org\/{rel}","templated":true}]}}