{"id":117,"date":"2015-10-20T07:47:19","date_gmt":"2015-10-20T07:47:19","guid":{"rendered":"http:\/\/www.verkkovaria.fi\/yhteiset\/kemia\/?page_id=117"},"modified":"2016-03-31T10:01:13","modified_gmt":"2016-03-31T10:01:13","slug":"luonnon-omat-myrkyt","status":"publish","type":"page","link":"https:\/\/www.verkkovaria.fi\/yhteiset\/kemia\/?page_id=117","title":{"rendered":"Luonnon omat myrkyt"},"content":{"rendered":"<p align=\"justify\"><em>Osaamistavoite: luonnontuntemuksellisen yleissivistyksen parantaminen, jotta voi turvallisesti retkeill\u00e4 luonnossa itsekseen ja my\u00f6s pienten lasten kanssa; oikean toiminnan osaaminen myrkytystapauksessa<br \/><\/em><\/p>\n<p align=\"justify\">Myrkkyjen valmistajana ihminen ei suinkaan ole ensimm\u00e4inen. Ensimm\u00e4iset myrkyt ovat per\u00e4isin suoraan luonnosta. Kasveilla, sienill\u00e4 ja el\u00e4imill\u00e4 on k\u00e4yt\u00f6ss\u00e4\u00e4n omat myrkkyns\u00e4, joita ne voivat k\u00e4ytt\u00e4\u00e4 eri tarkoituksiin. <\/p>\n<p align=\"justify\"><b>Kasvien ja sienten myrkkyjen tarkoitus voi olla:<\/b> <\/p>\n<ul>\n<li>est\u00e4\u00e4 el\u00e4imi\u00e4 sy\u00f6m\u00e4st\u00e4 kasvia tai sient\u00e4<\/li>\n<li>est\u00e4\u00e4 toisia kasveja tai sieni\u00e4 kasvamasta liian l\u00e4helle<\/li>\n<\/ul>\n<p>\u00a0<\/p>\n<p><b>El\u00e4imet k\u00e4ytt\u00e4v\u00e4t omia myrkkyj\u00e4\u00e4n:<\/b><\/p>\n<ul>\n<li>saalisel\u00e4imen tappamiseen<\/li>\n<li>puolustautumiseen petoja vastaan<\/li>\n<\/ul>\n<p align=\"justify\">\u00a0<\/p>\n<p align=\"justify\">Osa kasvien ja el\u00e4imien myrkyist\u00e4 on hyvin voimakkaita: niin voimakkaita, ett\u00e4 niist\u00e4 on ihmisellekin haittaa. T\u00e4st\u00e4 syyst\u00e4 on t\u00e4rke\u00e4\u00e4 osata erottaa luonnossa esimerkiksi myrkytt\u00f6m\u00e4t marjat myrkyllisist\u00e4. N\u00e4in varsinkin silloin, jos ty\u00f6skentelee pienten lasten kanssa. Pienille lapsille myrkylliset marjat tai sienet ovat paljon myrkyllisempi\u00e4 kuin aikuisille.<\/p>\n<p align=\"justify\">Suomesta l\u00f6ytyy monta myrkyllist\u00e4 kasvia. Esimerkiksi kielo, jota usein ker\u00e4t\u00e4\u00e4n maljakkoon sen hyv\u00e4n tuoksun vuoksi, on myrkyllinen: kieloja poimittuaan tulee pest\u00e4 k\u00e4det, ettei kielon myrkky\u00e4 p\u00e4\u00e4se vahingossa k\u00e4sien kautta suuhun. Aivan erityisen myrkyllisi\u00e4 ovat kielon hyvin kauniit punaiset marjat. Myrkyllisi\u00e4 sieni\u00e4kin on monta, tutuimmat niist\u00e4 ehk\u00e4 valkok\u00e4rp\u00e4ssieni ja punainen k\u00e4rp\u00e4ssieni. My\u00f6s suurena herkkuna sy\u00f6ty korvasieni on tappavan myrkyllinen osaamattomissa k\u00e4siss\u00e4.<\/p>\n<p align=\"justify\">Myrkyllisi\u00e4 el\u00e4imi\u00e4 Suomesta sen sijaan l\u00f6ytyy v\u00e4hemm\u00e4n: yksi nis\u00e4k\u00e4s (vesip\u00e4\u00e4st\u00e4inen), yksi matelija (kyy) ja kymmenkunta hy\u00f6nteist\u00e4 (ampiaiset, mehil\u00e4iset, kimalaiset ja muutama muu). Vesip\u00e4\u00e4st\u00e4isen myrkky ei ole ihmiselle vaarallista, ellei sitten satu olemaan kyseiselle myrkylle vahvasti allerginen. Vuosien 2000 \u2013 2009 v\u00e4lisen\u00e4 aikana ampiaisen pistoihin kuoli 7 henke\u00e4, mink\u00e4 takia ampiainen on Suomen myrkyllisist\u00e4 el\u00e4imist\u00e4 vaarallisin. Vertailun vuoksi mainittakoon, ett\u00e4 samana aikana monen lemmikkin\u00e4 pit\u00e4m\u00e4 koira tappoi 9 ihmist\u00e4. Perusterveelle ihmiselle muutama ampiaisen pisto ei ole vaaraksi, mutta allergisille ihmisille yksikin ampiaisen pisto voi olla kohtalokas.<\/p>\n<h3 align=\"justify\"><b>Teht\u00e4v\u00e4:<\/b><\/h3>\n<p align=\"justify\"><strong>T\u00e4ydenn\u00e4 ohessa olevaan taulukkoon<\/strong> (tekstidokumentti) <strong>siit\u00e4 puuttuvat tiedot<\/strong> (merkitty kysymysmerkein)<strong>.<\/strong> Ole tarkka tietojen kanssa! Merkitse n\u00e4kyville k\u00e4ytt\u00e4m\u00e4si l\u00e4hde. Huomaa merkit\u00e4 l\u00e4hde my\u00f6s kuviin! Jos et ole aivan varma l\u00e4hteen luotettavuudesta, tarkasta tiedot my\u00f6s jostakin toisesta l\u00e4hteest\u00e4.<\/p>\n<p align=\"justify\"><strong>Kun olet t\u00e4ydent\u00e4nyt taulukon, palauta se Fronteriin VerkkoKEMIAn palautuskansioon tai muuhun sovittuun paikkaan.<\/strong> Huomaa kirjoittaa oma nimesi taulukkoon kohdalle, jossa sit\u00e4 kysyt\u00e4\u00e4n!<\/p>\n<p align=\"justify\"><strong>Linkki t\u00e4ytett\u00e4v\u00e4\u00e4n taulukkoon: <a href=\"http:\/\/www.verkkovaria.fi\/yhteiset\/kemia\/wp-content\/uploads\/2015\/10\/Luonnon_myrkyt_taulukko.odt\" rel=\"\">Luonnon_myrkyt_taulukko<\/a><\/strong><\/p>\n<p align=\"justify\"><strong>Esimerkkej\u00e4 k\u00e4ytt\u00f6kelpoisista l\u00e4hdekirjoista:<\/strong><\/p>\n<ul>\n<li>\n<p align=\"justify\">Michael Chinery: <em><strong>Euroopan hy\u00f6nteisopas<\/strong><\/em> (Otava 1994)<\/p>\n<\/li>\n<li>\n<p align=\"justify\">Jouni Paarlahti: <em><strong>Myrkkykasvit<\/strong><\/em> (WSOY 2005)<\/p>\n<\/li>\n<li>\n<p align=\"justify\">Risto Tuomikoski: <em><strong>Sienet v\u00e4rikuvina<\/strong><\/em> (WSOY 1973)<\/p>\n<\/li>\n<li>\n<p align=\"justify\">Juha Valste: <em><strong>Nis\u00e4kk\u00e4\u00e4t Suomen luonnossa<\/strong><\/em> (Otava 2007)<\/p>\n<\/li>\n<\/ul>\n<p align=\"justify\"><b>Esimerkkej\u00e4 sopivista nettimateriaaleista:<\/b><\/p>\n<ul>\n<li>\n<p align=\"justify\"><a href=\"http:\/\/www.hus.fi\/sairaanhoito\/sairaanhoitopalvelut\/myrkytystietokeskus\/Sivut\/default.aspx\">http:\/\/www.hus.fi\/sairaanhoito\/sairaanhoitopalvelut\/myrkytystietokeskus\/Sivut\/default.aspx<\/a><\/p>\n<\/li>\n<li>\n<p align=\"justify\"><a href=\"http:\/\/www.helsinki.fi\/project\/biologian-oppimateriaalit\/pdf\/3-myrkkykasvit-ja-sienet.pdf\">http:\/\/www.helsinki.fi\/project\/biologian-oppimateriaalit\/pdf\/3-myrkkykasvit-ja-sienet.pdf<\/a><\/p>\n<\/li>\n<li>\n<p align=\"justify\"><a href=\"https:\/\/fi.wikipedia.org\/\">https:\/\/fi.wikipedia.org\/<\/a><\/p>\n<\/li>\n<li>\n<p align=\"justify\">Voit kokeilla my\u00f6s suoraan googlella ja katsoa, millaisia sivustoja aiheesta l\u00f6ytyy. <strong>Muista kuitenkin varmentaa jotenkin, ett\u00e4 l\u00f6yt\u00e4m\u00e4si tieto on luotettavaa!<\/strong><\/p>\n<\/li>\n<\/ul>\n","protected":false},"excerpt":{"rendered":"<p>Osaamistavoite: luonnontuntemuksellisen yleissivistyksen parantaminen, jotta voi turvallisesti retkeill\u00e4 luonnossa itsekseen ja my\u00f6s pienten lasten kanssa; oikean toiminnan osaaminen myrkytystapauksessa Myrkkyjen valmistajana ihminen ei suinkaan ole ensimm\u00e4inen. Ensimm\u00e4iset myrkyt ovat per\u00e4isin suoraan luonnosta. Kasveilla, sienill\u00e4 ja el\u00e4imill\u00e4 on k\u00e4yt\u00f6ss\u00e4\u00e4n omat myrkkyns\u00e4, joita ne voivat k\u00e4ytt\u00e4\u00e4 eri tarkoituksiin. Kasvien ja sienten myrkkyjen tarkoitus voi olla: est\u00e4\u00e4 el\u00e4imi\u00e4 &hellip; <a href=\"https:\/\/www.verkkovaria.fi\/yhteiset\/kemia\/?page_id=117\">Continued<\/a><\/p>\n","protected":false},"author":1,"featured_media":293,"parent":0,"menu_order":0,"comment_status":"closed","ping_status":"closed","template":"","meta":{"footnotes":"","_links_to":"","_links_to_target":""},"class_list":["post-117","page","type-page","status-publish","has-post-thumbnail","hentry"],"_links":{"self":[{"href":"https:\/\/www.verkkovaria.fi\/yhteiset\/kemia\/index.php?rest_route=\/wp\/v2\/pages\/117","targetHints":{"allow":["GET"]}}],"collection":[{"href":"https:\/\/www.verkkovaria.fi\/yhteiset\/kemia\/index.php?rest_route=\/wp\/v2\/pages"}],"about":[{"href":"https:\/\/www.verkkovaria.fi\/yhteiset\/kemia\/index.php?rest_route=\/wp\/v2\/types\/page"}],"author":[{"embeddable":true,"href":"https:\/\/www.verkkovaria.fi\/yhteiset\/kemia\/index.php?rest_route=\/wp\/v2\/users\/1"}],"replies":[{"embeddable":true,"href":"https:\/\/www.verkkovaria.fi\/yhteiset\/kemia\/index.php?rest_route=%2Fwp%2Fv2%2Fcomments&post=117"}],"version-history":[{"count":9,"href":"https:\/\/www.verkkovaria.fi\/yhteiset\/kemia\/index.php?rest_route=\/wp\/v2\/pages\/117\/revisions"}],"predecessor-version":[{"id":433,"href":"https:\/\/www.verkkovaria.fi\/yhteiset\/kemia\/index.php?rest_route=\/wp\/v2\/pages\/117\/revisions\/433"}],"wp:featuredmedia":[{"embeddable":true,"href":"https:\/\/www.verkkovaria.fi\/yhteiset\/kemia\/index.php?rest_route=\/wp\/v2\/media\/293"}],"wp:attachment":[{"href":"https:\/\/www.verkkovaria.fi\/yhteiset\/kemia\/index.php?rest_route=%2Fwp%2Fv2%2Fmedia&parent=117"}],"curies":[{"name":"wp","href":"https:\/\/api.w.org\/{rel}","templated":true}]}}