{"id":14,"date":"2015-09-24T07:19:07","date_gmt":"2015-09-24T07:19:07","guid":{"rendered":"http:\/\/www.verkkovaria.fi\/yhteiset\/kemia\/?page_id=14"},"modified":"2016-03-18T15:41:25","modified_gmt":"2016-03-18T15:41:25","slug":"tehtava-1-jaksollinen-jarjestelma","status":"publish","type":"page","link":"https:\/\/www.verkkovaria.fi\/yhteiset\/kemia\/?page_id=14","title":{"rendered":"Yleinen kemia"},"content":{"rendered":"<p><strong>Yleinen kemia<\/strong> on kaikkien alojen opiskelijoille yhteinen osio. Se antaa kemiallisista ilmi\u00f6ist\u00e4 perustiedot, joiden osaaminen auttaa sinua hahmottamaan paremmin varsinaisessa ty\u00f6tilanteessa tai ymp\u00e4rist\u00f6ss\u00e4si yleens\u00e4 esiintyvi\u00e4 kemiallisia tapahtumia ja huomioimaan niist\u00e4 aiheutuvat vaikutukset.<\/p>\n<p>Suurin osa yleisen kemian sis\u00e4ll\u00f6st\u00e4 on sinulle tuttua jo peruskoulusta. Jos kemia on hyvin muistissasi peruskouluajoilta, n\u00e4iden teht\u00e4vien tekeminen k\u00e4y kuin tanssi! Jos kemia on syyst\u00e4 tai toisesta p\u00e4\u00e4ssyt unohtumaan, teht\u00e4v\u00e4t kyll\u00e4 palauttavat sen mieleesi. Yleisen kemian osiossa teht\u00e4v\u00e4sivuilla on paljon teksti\u00e4, jotta et joutuisi k\u00e4ytt\u00e4m\u00e4\u00e4n aikaasi siihen, ett\u00e4 etsit sen itse jostakin muusta l\u00e4hteest\u00e4. Jos et kuitenkaan ymm\u00e4rr\u00e4 asiaa sivuilla annetun materiaalin avulla, k\u00e4yt\u00e4 vapaasti my\u00f6s muita tietol\u00e4hteit\u00e4.<\/p>\n<p>Tee teht\u00e4v\u00e4t annetussa j\u00e4rjestyksess\u00e4. My\u00f6hemmiss\u00e4 teht\u00e4viss\u00e4 edellytet\u00e4\u00e4n, ett\u00e4 edellinen on tehty.<\/p>\n<p>Jokaisen teht\u00e4v\u00e4sivun alussa on kerrottu, mik\u00e4 on juuri siin\u00e4 teht\u00e4v\u00e4ss\u00e4 tavoiteltu osaaminen. Osaamistavoite on kirjoitettu n\u00e4kyville oranssilla. Kohdat, joissa sinun tulee itse tehd\u00e4 jotakin (eli varsinaiset teht\u00e4v\u00e4t), on otsikoitu pinkill\u00e4. Sivujen lopussa on kertaus keltaisella ja teht\u00e4vien oikeat vastaukset vihre\u00e4ll\u00e4.<\/p>\n<h3>Linkit yleisen kemian teht\u00e4viin:<\/h3>\n<p><a href=\"http:\/\/www.verkkovaria.fi\/yhteiset\/kemia\/?page_id=78\" target=\"_blank\">Aineen rakenne ja alkuaineiden jaksollinen j\u00e4rjestelm\u00e4<\/a><\/p>\n<p><a href=\"http:\/\/www.verkkovaria.fi\/yhteiset\/kemia\/?page_id=80\" target=\"_blank\">Kemiallinen reaktio<\/a><\/p>\n<p><a href=\"http:\/\/www.verkkovaria.fi\/yhteiset\/kemia\/?page_id=82\" target=\"_blank\">Hapot ja em\u00e4kset<\/a><\/p>\n<p><a href=\"http:\/\/www.verkkovaria.fi\/yhteiset\/kemia\/?page_id=84\" target=\"_blank\">Orgaaninen kemia<\/a><\/p>\n<p><a href=\"http:\/\/www.verkkovaria.fi\/yhteiset\/kemia\/?page_id=88\" target=\"_blank\">Kemikaalien k\u00e4ytt\u00f6turvallisuus<\/a><\/p>\n<p><a href=\"http:\/\/www.verkkovaria.fi\/yhteiset\/kemia\/?page_id=86\" target=\"_blank\">Ymp\u00e4rist\u00f6kemia<\/a><\/p>\n","protected":false},"excerpt":{"rendered":"<p>Yleinen kemia on kaikkien alojen opiskelijoille yhteinen osio. Se antaa kemiallisista ilmi\u00f6ist\u00e4 perustiedot, joiden osaaminen auttaa sinua hahmottamaan paremmin varsinaisessa ty\u00f6tilanteessa tai ymp\u00e4rist\u00f6ss\u00e4si yleens\u00e4 esiintyvi\u00e4 kemiallisia tapahtumia ja huomioimaan niist\u00e4 aiheutuvat vaikutukset. Suurin osa yleisen kemian sis\u00e4ll\u00f6st\u00e4 on sinulle tuttua jo peruskoulusta. Jos kemia on hyvin muistissasi peruskouluajoilta, n\u00e4iden teht\u00e4vien tekeminen k\u00e4y kuin tanssi! Jos &hellip; <a href=\"https:\/\/www.verkkovaria.fi\/yhteiset\/kemia\/?page_id=14\">Continued<\/a><\/p>\n","protected":false},"author":1,"featured_media":303,"parent":0,"menu_order":0,"comment_status":"closed","ping_status":"closed","template":"","meta":{"footnotes":"","_links_to":"","_links_to_target":""},"class_list":["post-14","page","type-page","status-publish","has-post-thumbnail","hentry"],"_links":{"self":[{"href":"https:\/\/www.verkkovaria.fi\/yhteiset\/kemia\/index.php?rest_route=\/wp\/v2\/pages\/14","targetHints":{"allow":["GET"]}}],"collection":[{"href":"https:\/\/www.verkkovaria.fi\/yhteiset\/kemia\/index.php?rest_route=\/wp\/v2\/pages"}],"about":[{"href":"https:\/\/www.verkkovaria.fi\/yhteiset\/kemia\/index.php?rest_route=\/wp\/v2\/types\/page"}],"author":[{"embeddable":true,"href":"https:\/\/www.verkkovaria.fi\/yhteiset\/kemia\/index.php?rest_route=\/wp\/v2\/users\/1"}],"replies":[{"embeddable":true,"href":"https:\/\/www.verkkovaria.fi\/yhteiset\/kemia\/index.php?rest_route=%2Fwp%2Fv2%2Fcomments&post=14"}],"version-history":[{"count":11,"href":"https:\/\/www.verkkovaria.fi\/yhteiset\/kemia\/index.php?rest_route=\/wp\/v2\/pages\/14\/revisions"}],"predecessor-version":[{"id":310,"href":"https:\/\/www.verkkovaria.fi\/yhteiset\/kemia\/index.php?rest_route=\/wp\/v2\/pages\/14\/revisions\/310"}],"wp:featuredmedia":[{"embeddable":true,"href":"https:\/\/www.verkkovaria.fi\/yhteiset\/kemia\/index.php?rest_route=\/wp\/v2\/media\/303"}],"wp:attachment":[{"href":"https:\/\/www.verkkovaria.fi\/yhteiset\/kemia\/index.php?rest_route=%2Fwp%2Fv2%2Fmedia&parent=14"}],"curies":[{"name":"wp","href":"https:\/\/api.w.org\/{rel}","templated":true}]}}