{"id":158,"date":"2016-01-27T10:32:27","date_gmt":"2016-01-27T10:32:27","guid":{"rendered":"http:\/\/www.verkkovaria.fi\/yhteiset\/kemia\/?page_id=158"},"modified":"2017-04-21T13:16:36","modified_gmt":"2017-04-21T13:16:36","slug":"talotekniikan-kemia","status":"publish","type":"page","link":"https:\/\/www.verkkovaria.fi\/yhteiset\/kemia\/?page_id=158","title":{"rendered":"Talotekniikan kemia"},"content":{"rendered":"<p>Teht\u00e4v\u00e4t palautetaan sovittuun paikkaan\u00a0viimeist\u00e4\u00e4n viikkoa ennen jakson p\u00e4\u00e4ttymist\u00e4. Teht\u00e4v\u00e4t on mahdollista tehd\u00e4 my\u00f6s parin kanssa, mutta t\u00e4st\u00e4 on sovittava opettajan kanssa etuk\u00e4teen ennen teht\u00e4vien palauttamista.<\/p>\n<p>Ota rohkeasti yhteytt\u00e4 opettajaan, jos tarvitset apua!<\/p>\n<p style=\"text-align: center;\"><a style=\"color: #ffffff;\" href=\"http:\/\/www.verkkovaria.fi\/yhteiset\/kemia\/?page_id=218\" target=\"_blank\" rel=\"noopener noreferrer\">Teht\u00e4v\u00e4 1. K\u00e4ytt\u00f6metallit<\/a><\/p>\n<p style=\"text-align: center;\"><a style=\"color: #ffffff;\" href=\"http:\/\/www.verkkovaria.fi\/yhteiset\/kemia\/?page_id=215\" target=\"_blank\" rel=\"noopener noreferrer\">Teht\u00e4v\u00e4 2. J\u00e4tteet ja ymp\u00e4rist\u00f6<\/a><\/p>\n<p style=\"text-align: center;\"><a style=\"color: #ffffff;\" href=\"http:\/\/www.verkkovaria.fi\/yhteiset\/kemia\/?page_id=212\" target=\"_blank\" rel=\"noopener noreferrer\">Teht\u00e4v\u00e4 3. S\u00e4hk\u00f6<\/a><\/p>\n<p style=\"text-align: center;\"><a style=\"color: #ffffff;\" href=\"http:\/\/www.verkkovaria.fi\/yhteiset\/kemia\/?page_id=402\" target=\"_blank\" rel=\"noopener noreferrer\">Teht\u00e4v\u00e4 4. Radon<\/a><\/p>\n<p style=\"text-align: center;\"><a style=\"color: #ffffff;\" href=\"http:\/\/www.verkkovaria.fi\/yhteiset\/kemia\/?page_id=405\" target=\"_blank\" rel=\"noopener noreferrer\">Teht\u00e4v\u00e4 5. Erilaisia aineita<\/a><\/p>\n","protected":false},"excerpt":{"rendered":"<p>Teht\u00e4v\u00e4t palautetaan sovittuun paikkaan\u00a0viimeist\u00e4\u00e4n viikkoa ennen jakson p\u00e4\u00e4ttymist\u00e4. Teht\u00e4v\u00e4t on mahdollista tehd\u00e4 my\u00f6s parin kanssa, mutta t\u00e4st\u00e4 on sovittava opettajan kanssa etuk\u00e4teen ennen teht\u00e4vien palauttamista. Ota rohkeasti yhteytt\u00e4 opettajaan, jos tarvitset apua! Teht\u00e4v\u00e4 1. K\u00e4ytt\u00f6metallit Teht\u00e4v\u00e4 2. J\u00e4tteet ja ymp\u00e4rist\u00f6 Teht\u00e4v\u00e4 3. S\u00e4hk\u00f6 Teht\u00e4v\u00e4 4. Radon Teht\u00e4v\u00e4 5. Erilaisia aineita<\/p>\n","protected":false},"author":1,"featured_media":0,"parent":0,"menu_order":0,"comment_status":"closed","ping_status":"closed","template":"","meta":{"footnotes":"","_links_to":"","_links_to_target":""},"class_list":["post-158","page","type-page","status-publish","hentry"],"_links":{"self":[{"href":"https:\/\/www.verkkovaria.fi\/yhteiset\/kemia\/index.php?rest_route=\/wp\/v2\/pages\/158","targetHints":{"allow":["GET"]}}],"collection":[{"href":"https:\/\/www.verkkovaria.fi\/yhteiset\/kemia\/index.php?rest_route=\/wp\/v2\/pages"}],"about":[{"href":"https:\/\/www.verkkovaria.fi\/yhteiset\/kemia\/index.php?rest_route=\/wp\/v2\/types\/page"}],"author":[{"embeddable":true,"href":"https:\/\/www.verkkovaria.fi\/yhteiset\/kemia\/index.php?rest_route=\/wp\/v2\/users\/1"}],"replies":[{"embeddable":true,"href":"https:\/\/www.verkkovaria.fi\/yhteiset\/kemia\/index.php?rest_route=%2Fwp%2Fv2%2Fcomments&post=158"}],"version-history":[{"count":12,"href":"https:\/\/www.verkkovaria.fi\/yhteiset\/kemia\/index.php?rest_route=\/wp\/v2\/pages\/158\/revisions"}],"predecessor-version":[{"id":483,"href":"https:\/\/www.verkkovaria.fi\/yhteiset\/kemia\/index.php?rest_route=\/wp\/v2\/pages\/158\/revisions\/483"}],"wp:attachment":[{"href":"https:\/\/www.verkkovaria.fi\/yhteiset\/kemia\/index.php?rest_route=%2Fwp%2Fv2%2Fmedia&parent=158"}],"curies":[{"name":"wp","href":"https:\/\/api.w.org\/{rel}","templated":true}]}}