{"id":16,"date":"2015-09-24T07:19:32","date_gmt":"2015-09-24T07:19:32","guid":{"rendered":"http:\/\/www.verkkovaria.fi\/yhteiset\/kemia\/?page_id=16"},"modified":"2016-04-19T09:31:55","modified_gmt":"2016-04-19T09:31:55","slug":"tehtava-2-kemiallinen-reaktio","status":"publish","type":"page","link":"https:\/\/www.verkkovaria.fi\/yhteiset\/kemia\/?page_id=16","title":{"rendered":"Alakohtaiset teht\u00e4v\u00e4t"},"content":{"rendered":"<p><strong>Alakohtaiset teht\u00e4v\u00e4t<\/strong> auttavat sinua perehtym\u00e4\u00e4n juuri oman alasi kannalta keskeisiin kemiallisiin ilmi\u00f6ihin ja aineisiin. Alakohtaisia teht\u00e4vi\u00e4 sinun tulee tehd\u00e4 kahdesta kolmeen: sovi opettajan kanssa, mitk\u00e4 teht\u00e4v\u00e4t suoritat.<\/p>\n<p>Jos olet <strong>tekniikan<\/strong> alan opiskelija suoritat ainoastaan osion <strong>Talotekniikan kemia<\/strong>. T\u00e4st\u00e4 osiosta teet kaikki teht\u00e4v\u00e4t.\u00a0<\/p>\n<p>Alakohtaisissa teht\u00e4viss\u00e4 on my\u00f6s valmistavia teht\u00e4vi\u00e4, jotka on syyt\u00e4 tehd\u00e4 ennen varsinaista teht\u00e4v\u00e4\u00e4. Toisin kuin yleisess\u00e4 kemiassa, valmistavien teht\u00e4vien vastauksia ei ole annettu sivun lopussa, joten pid\u00e4th\u00e4n huolen, ett\u00e4 selvit\u00e4t vastaukset luotettavasta l\u00e4hteest\u00e4!<\/p>\n<p>Alakohtaisten teht\u00e4vien tekemisen j\u00e4lkeen tai niiden rinnalla osallistut my\u00f6s ryhm\u00e4ty\u00f6h\u00f6n. <strong>Ryhm\u00e4ty\u00f6<\/strong> on ohjeistettu omalla sivullaan, jolle p\u00e4\u00e4set <strong><a href=\"http:\/\/www.verkkovaria.fi\/yhteiset\/kemia\/?page_id=363\" target=\"_blank\">t\u00e4st\u00e4<\/a><\/strong>.<\/p>\n<h3>Linkit alakohtaisiin teht\u00e4viin:<\/h3>\n<p><a href=\"http:\/\/www.verkkovaria.fi\/yhteiset\/kemia\/?page_id=101\" target=\"_blank\">Ihmisen kemia<\/a><\/p>\n<p><a href=\"http:\/\/www.verkkovaria.fi\/yhteiset\/kemia\/?page_id=103\" target=\"_blank\">L\u00e4\u00e4kkeet<\/a><\/p>\n<p><a href=\"http:\/\/www.verkkovaria.fi\/yhteiset\/kemia\/?page_id=105\" target=\"_blank\">S\u00e4hk\u00f6kemia<\/a><\/p>\n<p><a href=\"http:\/\/www.verkkovaria.fi\/yhteiset\/kemia\/?page_id=107\" target=\"_blank\">Ravintoaineiden kemia<\/a><\/p>\n<p><a href=\"http:\/\/www.verkkovaria.fi\/yhteiset\/kemia\/?page_id=109\" target=\"_blank\">Muovit<\/a><\/p>\n<p><a href=\"http:\/\/www.verkkovaria.fi\/yhteiset\/kemia\/?page_id=352\" target=\"_blank\">Metallien kemia<\/a><\/p>\n<p><a href=\"http:\/\/www.verkkovaria.fi\/yhteiset\/kemia\/?page_id=111\" target=\"_blank\">Kosmetiikan kemia<\/a><\/p>\n<p><a href=\"http:\/\/www.verkkovaria.fi\/yhteiset\/kemia\/?page_id=113\" target=\"_blank\">V\u00e4rien ja maalien kemia<\/a><\/p>\n<p><a href=\"http:\/\/www.verkkovaria.fi\/yhteiset\/kemia\/?page_id=115\" target=\"_blank\">Kemikaalilains\u00e4\u00e4d\u00e4nt\u00f6<\/a><\/p>\n<p><a href=\"http:\/\/www.verkkovaria.fi\/yhteiset\/kemia\/?page_id=117\" target=\"_blank\">Luonnon omat myrkyt<\/a><\/p>\n<p><a href=\"http:\/\/www.verkkovaria.fi\/yhteiset\/kemia\/?page_id=158\" target=\"_blank\">Talotekniikan kemia<\/a><\/p>\n","protected":false},"excerpt":{"rendered":"<p>Alakohtaiset teht\u00e4v\u00e4t auttavat sinua perehtym\u00e4\u00e4n juuri oman alasi kannalta keskeisiin kemiallisiin ilmi\u00f6ihin ja aineisiin. Alakohtaisia teht\u00e4vi\u00e4 sinun tulee tehd\u00e4 kahdesta kolmeen: sovi opettajan kanssa, mitk\u00e4 teht\u00e4v\u00e4t suoritat. Jos olet tekniikan alan opiskelija suoritat ainoastaan osion Talotekniikan kemia. T\u00e4st\u00e4 osiosta teet kaikki teht\u00e4v\u00e4t.\u00a0 Alakohtaisissa teht\u00e4viss\u00e4 on my\u00f6s valmistavia teht\u00e4vi\u00e4, jotka on syyt\u00e4 tehd\u00e4 ennen varsinaista teht\u00e4v\u00e4\u00e4. &hellip; <a href=\"https:\/\/www.verkkovaria.fi\/yhteiset\/kemia\/?page_id=16\">Continued<\/a><\/p>\n","protected":false},"author":1,"featured_media":303,"parent":0,"menu_order":0,"comment_status":"closed","ping_status":"closed","template":"","meta":{"footnotes":"","_links_to":"","_links_to_target":""},"class_list":["post-16","page","type-page","status-publish","has-post-thumbnail","hentry"],"_links":{"self":[{"href":"https:\/\/www.verkkovaria.fi\/yhteiset\/kemia\/index.php?rest_route=\/wp\/v2\/pages\/16","targetHints":{"allow":["GET"]}}],"collection":[{"href":"https:\/\/www.verkkovaria.fi\/yhteiset\/kemia\/index.php?rest_route=\/wp\/v2\/pages"}],"about":[{"href":"https:\/\/www.verkkovaria.fi\/yhteiset\/kemia\/index.php?rest_route=\/wp\/v2\/types\/page"}],"author":[{"embeddable":true,"href":"https:\/\/www.verkkovaria.fi\/yhteiset\/kemia\/index.php?rest_route=\/wp\/v2\/users\/1"}],"replies":[{"embeddable":true,"href":"https:\/\/www.verkkovaria.fi\/yhteiset\/kemia\/index.php?rest_route=%2Fwp%2Fv2%2Fcomments&post=16"}],"version-history":[{"count":20,"href":"https:\/\/www.verkkovaria.fi\/yhteiset\/kemia\/index.php?rest_route=\/wp\/v2\/pages\/16\/revisions"}],"predecessor-version":[{"id":453,"href":"https:\/\/www.verkkovaria.fi\/yhteiset\/kemia\/index.php?rest_route=\/wp\/v2\/pages\/16\/revisions\/453"}],"wp:featuredmedia":[{"embeddable":true,"href":"https:\/\/www.verkkovaria.fi\/yhteiset\/kemia\/index.php?rest_route=\/wp\/v2\/media\/303"}],"wp:attachment":[{"href":"https:\/\/www.verkkovaria.fi\/yhteiset\/kemia\/index.php?rest_route=%2Fwp%2Fv2%2Fmedia&parent=16"}],"curies":[{"name":"wp","href":"https:\/\/api.w.org\/{rel}","templated":true}]}}