{"id":2,"date":"2015-09-18T13:40:07","date_gmt":"2015-09-18T13:40:07","guid":{"rendered":"http:\/\/www.verkkovaria.fi\/yhteiset\/kemia\/?page_id=2"},"modified":"2017-04-05T07:10:10","modified_gmt":"2017-04-05T07:10:10","slug":"about","status":"publish","type":"page","link":"https:\/\/www.verkkovaria.fi\/yhteiset\/kemia\/","title":{"rendered":"Etusivu"},"content":{"rendered":"<h3>Tervetuloa opiskelemaan kemiaa!<\/h3>\n<p>El\u00e4m\u00e4mme on t\u00e4ynn\u00e4 kemiaa, joten oli tulevaisuuden ammattisi mik\u00e4 tahansa, perustiedot kemiasta ovat tarpeen. T\u00e4ll\u00e4 kurssilla muistutat mieleesi jo yl\u00e4koulussa oppimasi kemian perustiedot, joiden varaan p\u00e4\u00e4set sitten rakentamaan omaa kemiallista osaamistasi.<\/p>\n<p>Alkuun p\u00e4\u00e4set katsomalla valikosta\u00a0<strong>Opiskelijalle &gt; Opiskeluprosessi<\/strong>!<\/p>\n<p style=\"text-align: center;\">Yleinen kemia<\/p>\n<p style=\"text-align: center;\"><a href=\"http:\/\/www.verkkovaria.fi\/yhteiset\/kemia\/?page_id=78\">Aineen rakenne ja alkuaineiden<br \/>\njaksollinen j\u00e4rjestelm\u00e4<\/a><\/p>\n<p style=\"text-align: center;\"><a href=\"http:\/\/www.verkkovaria.fi\/yhteiset\/kemia\/?page_id=80\">Kemiallinen reaktio<\/a><\/p>\n<p style=\"text-align: center;\"><a href=\"http:\/\/www.verkkovaria.fi\/yhteiset\/kemia\/?page_id=82\">Hapot ja em\u00e4kset<\/a><\/p>\n<p style=\"text-align: center;\"><a href=\"http:\/\/www.verkkovaria.fi\/yhteiset\/kemia\/?page_id=84\">Orgaaninen kemia<\/a><\/p>\n<p style=\"text-align: center;\"><a href=\"http:\/\/www.verkkovaria.fi\/yhteiset\/kemia\/?page_id=88\">Kemikaalien k\u00e4ytt\u00f6turvallisuus<\/a><\/p>\n<p style=\"text-align: center;\"><a href=\"http:\/\/www.verkkovaria.fi\/yhteiset\/kemia\/?page_id=86\">Ymp\u00e4rist\u00f6kemia<\/a><\/p>\n<p style=\"text-align: center;\">Alakohtaiset teht\u00e4v\u00e4t<\/p>\n<p style=\"text-align: center;\"><a href=\"http:\/\/www.verkkovaria.fi\/yhteiset\/kemia\/?page_id=363\">Kemian ryhm\u00e4ty\u00f6<\/a><\/p>\n<p style=\"text-align: center;\"><a href=\"http:\/\/www.verkkovaria.fi\/yhteiset\/kemia\/?page_id=101\">Ihmisen kemia<\/a><\/p>\n<p style=\"text-align: center;\"><a href=\"http:\/\/www.verkkovaria.fi\/yhteiset\/kemia\/?page_id=107\">Ravintoaineiden kemia<\/a><\/p>\n<p style=\"text-align: center;\"><a href=\"http:\/\/www.verkkovaria.fi\/yhteiset\/kemia\/?page_id=103\">L\u00e4\u00e4kkeet<\/a><\/p>\n<p style=\"text-align: center;\"><a href=\"http:\/\/www.verkkovaria.fi\/yhteiset\/kemia\/?page_id=105\">S\u00e4hk\u00f6kemia<\/a><\/p>\n<p style=\"text-align: center;\"><a href=\"http:\/\/www.verkkovaria.fi\/yhteiset\/kemia\/?page_id=109\">Muovit<\/a><\/p>\n<p style=\"text-align: center;\"><a href=\"http:\/\/www.verkkovaria.fi\/yhteiset\/kemia\/?page_id=352\">Metallien kemia<\/a><\/p>\n<p style=\"text-align: center;\"><a href=\"http:\/\/www.verkkovaria.fi\/yhteiset\/kemia\/?page_id=113\">V\u00e4rien ja maalien kemia<\/a><\/p>\n<p style=\"text-align: center;\"><a href=\"http:\/\/www.verkkovaria.fi\/yhteiset\/kemia\/?page_id=117\">Luonnon omat myrkyt<\/a><\/p>\n<p style=\"text-align: center;\"><a href=\"http:\/\/www.verkkovaria.fi\/yhteiset\/kemia\/?page_id=115\">Kemikaalilains\u00e4\u00e4d\u00e4nt\u00f6<\/a><\/p>\n<p style=\"text-align: center;\"><a href=\"http:\/\/www.verkkovaria.fi\/yhteiset\/kemia\/?page_id=111\">Kosmetiikan kemia<\/a><\/p>\n<p style=\"text-align: center;\"><a href=\"http:\/\/www.verkkovaria.fi\/yhteiset\/kemia\/?page_id=158\">Talotekniikan kemia<\/a><\/p>\n","protected":false},"excerpt":{"rendered":"<p>Tervetuloa opiskelemaan kemiaa! El\u00e4m\u00e4mme on t\u00e4ynn\u00e4 kemiaa, joten oli tulevaisuuden ammattisi mik\u00e4 tahansa, perustiedot kemiasta ovat tarpeen. T\u00e4ll\u00e4 kurssilla muistutat mieleesi jo yl\u00e4koulussa oppimasi kemian perustiedot, joiden varaan p\u00e4\u00e4set sitten rakentamaan omaa kemiallista osaamistasi. Alkuun p\u00e4\u00e4set katsomalla valikosta\u00a0Opiskelijalle &gt; Opiskeluprosessi! Yleinen kemia Aineen rakenne ja alkuaineiden jaksollinen j\u00e4rjestelm\u00e4 Kemiallinen reaktio Hapot ja em\u00e4kset Orgaaninen kemia &hellip; <a href=\"https:\/\/www.verkkovaria.fi\/yhteiset\/kemia\/\">Continued<\/a><\/p>\n","protected":false},"author":1,"featured_media":285,"parent":0,"menu_order":0,"comment_status":"closed","ping_status":"closed","template":"","meta":{"footnotes":"","_links_to":"","_links_to_target":""},"class_list":["post-2","page","type-page","status-publish","has-post-thumbnail","hentry"],"_links":{"self":[{"href":"https:\/\/www.verkkovaria.fi\/yhteiset\/kemia\/index.php?rest_route=\/wp\/v2\/pages\/2","targetHints":{"allow":["GET"]}}],"collection":[{"href":"https:\/\/www.verkkovaria.fi\/yhteiset\/kemia\/index.php?rest_route=\/wp\/v2\/pages"}],"about":[{"href":"https:\/\/www.verkkovaria.fi\/yhteiset\/kemia\/index.php?rest_route=\/wp\/v2\/types\/page"}],"author":[{"embeddable":true,"href":"https:\/\/www.verkkovaria.fi\/yhteiset\/kemia\/index.php?rest_route=\/wp\/v2\/users\/1"}],"replies":[{"embeddable":true,"href":"https:\/\/www.verkkovaria.fi\/yhteiset\/kemia\/index.php?rest_route=%2Fwp%2Fv2%2Fcomments&post=2"}],"version-history":[{"count":13,"href":"https:\/\/www.verkkovaria.fi\/yhteiset\/kemia\/index.php?rest_route=\/wp\/v2\/pages\/2\/revisions"}],"predecessor-version":[{"id":480,"href":"https:\/\/www.verkkovaria.fi\/yhteiset\/kemia\/index.php?rest_route=\/wp\/v2\/pages\/2\/revisions\/480"}],"wp:featuredmedia":[{"embeddable":true,"href":"https:\/\/www.verkkovaria.fi\/yhteiset\/kemia\/index.php?rest_route=\/wp\/v2\/media\/285"}],"wp:attachment":[{"href":"https:\/\/www.verkkovaria.fi\/yhteiset\/kemia\/index.php?rest_route=%2Fwp%2Fv2%2Fmedia&parent=2"}],"curies":[{"name":"wp","href":"https:\/\/api.w.org\/{rel}","templated":true}]}}