{"id":212,"date":"2016-03-07T07:30:41","date_gmt":"2016-03-07T07:30:41","guid":{"rendered":"http:\/\/www.verkkovaria.fi\/yhteiset\/kemia\/?page_id=212"},"modified":"2016-06-27T15:02:14","modified_gmt":"2016-06-27T15:02:14","slug":"talotekniikan-kemia-tehtava-3-sahko","status":"publish","type":"page","link":"https:\/\/www.verkkovaria.fi\/yhteiset\/kemia\/?page_id=212","title":{"rendered":"Talotekniikan kemia, teht\u00e4v\u00e4 3: s\u00e4hk\u00f6"},"content":{"rendered":"<p>S\u00c4HK\u00d6. Hae tietoa internetist\u00e4 laittamalla Googleen sopivat hakusanat ja vastaa seuraaviin kysymyksiin.<\/p>\n<p>S\u00e4hk\u00f6n merkitys yhteiskunnassamme on hyvin suuri, ja s\u00e4hk\u00f6laitteita k\u00e4ytet\u00e4\u00e4n l\u00e4hes kaikilla aloilla.Teht\u00e4v\u00e4n tavoitteena on tuntea s\u00e4hk\u00f6\u00f6n liittyvi\u00e4 perusasioita arkiel\u00e4m\u00e4n ja ty\u00f6teht\u00e4vien kannalta.<\/p>\n<p>1. Mit\u00e4 s\u00e4hk\u00f6laitteita ammattialallasi k\u00e4ytet\u00e4\u00e4n?<\/p>\n<p>2. Mit\u00e4 eroa on tasavirralla ja vaihtovirralla?<\/p>\n<p>3. Luettele tasavirtal\u00e4hteit\u00e4.<\/p>\n<p>4. Luettele hyvi\u00e4 s\u00e4hk\u00f6johteita.<\/p>\n<p>5. Luettele s\u00e4hk\u00f6n eristeit\u00e4.<\/p>\n<p>6. Selvit\u00e4 mik\u00e4 on saunankiukaan teho.<\/p>\n<p>7. Mit\u00e4 etuja ja haittoja on s\u00e4hk\u00f6auton k\u00e4yt\u00f6st\u00e4?<\/p>\n<p>8. Mik\u00e4 on valokaari?<\/p>\n<p>9. Mik\u00e4 on vikavirtasuojakytkin?<\/p>\n<p>10. Mit\u00e4 on otettava huomioon, kun s\u00e4hk\u00f6paloa sammutetaan?<\/p>\n<p>11. Mik\u00e4 on sulake?<\/p>\n<p>12. Luettele syit\u00e4 sulakkeen palamiselle?<\/p>\n<p>13. Millaisen kuormituksen kest\u00e4\u00e4 a) 10 ampeerin b) 16 ampeerin c) 25 ampeerin sulake?<\/p>\n<p>14. Mit\u00e4 teet, kun huomaat kaverisi saaneen s\u00e4hk\u00f6iskun?<\/p>\n","protected":false},"excerpt":{"rendered":"<p>S\u00c4HK\u00d6. Hae tietoa internetist\u00e4 laittamalla Googleen sopivat hakusanat ja vastaa seuraaviin kysymyksiin. S\u00e4hk\u00f6n merkitys yhteiskunnassamme on hyvin suuri, ja s\u00e4hk\u00f6laitteita k\u00e4ytet\u00e4\u00e4n l\u00e4hes kaikilla aloilla.Teht\u00e4v\u00e4n tavoitteena on tuntea s\u00e4hk\u00f6\u00f6n liittyvi\u00e4 perusasioita arkiel\u00e4m\u00e4n ja ty\u00f6teht\u00e4vien kannalta. 1. Mit\u00e4 s\u00e4hk\u00f6laitteita ammattialallasi k\u00e4ytet\u00e4\u00e4n? 2. Mit\u00e4 eroa on tasavirralla ja vaihtovirralla? 3. Luettele tasavirtal\u00e4hteit\u00e4. 4. Luettele hyvi\u00e4 s\u00e4hk\u00f6johteita. 5. Luettele &hellip; <a href=\"https:\/\/www.verkkovaria.fi\/yhteiset\/kemia\/?page_id=212\">Continued<\/a><\/p>\n","protected":false},"author":3,"featured_media":0,"parent":0,"menu_order":0,"comment_status":"closed","ping_status":"closed","template":"","meta":{"footnotes":"","_links_to":"","_links_to_target":""},"class_list":["post-212","page","type-page","status-publish","hentry"],"_links":{"self":[{"href":"https:\/\/www.verkkovaria.fi\/yhteiset\/kemia\/index.php?rest_route=\/wp\/v2\/pages\/212","targetHints":{"allow":["GET"]}}],"collection":[{"href":"https:\/\/www.verkkovaria.fi\/yhteiset\/kemia\/index.php?rest_route=\/wp\/v2\/pages"}],"about":[{"href":"https:\/\/www.verkkovaria.fi\/yhteiset\/kemia\/index.php?rest_route=\/wp\/v2\/types\/page"}],"author":[{"embeddable":true,"href":"https:\/\/www.verkkovaria.fi\/yhteiset\/kemia\/index.php?rest_route=\/wp\/v2\/users\/3"}],"replies":[{"embeddable":true,"href":"https:\/\/www.verkkovaria.fi\/yhteiset\/kemia\/index.php?rest_route=%2Fwp%2Fv2%2Fcomments&post=212"}],"version-history":[{"count":7,"href":"https:\/\/www.verkkovaria.fi\/yhteiset\/kemia\/index.php?rest_route=\/wp\/v2\/pages\/212\/revisions"}],"predecessor-version":[{"id":469,"href":"https:\/\/www.verkkovaria.fi\/yhteiset\/kemia\/index.php?rest_route=\/wp\/v2\/pages\/212\/revisions\/469"}],"wp:attachment":[{"href":"https:\/\/www.verkkovaria.fi\/yhteiset\/kemia\/index.php?rest_route=%2Fwp%2Fv2%2Fmedia&parent=212"}],"curies":[{"name":"wp","href":"https:\/\/api.w.org\/{rel}","templated":true}]}}