{"id":218,"date":"2016-03-07T07:31:41","date_gmt":"2016-03-07T07:31:41","guid":{"rendered":"http:\/\/www.verkkovaria.fi\/yhteiset\/kemia\/?page_id=218"},"modified":"2016-06-27T14:57:29","modified_gmt":"2016-06-27T14:57:29","slug":"talotekniikan-kemia-tehtava-1-metallit","status":"publish","type":"page","link":"https:\/\/www.verkkovaria.fi\/yhteiset\/kemia\/?page_id=218","title":{"rendered":"Talotekniikan kemia, teht\u00e4v\u00e4 1: metallit"},"content":{"rendered":"<p>K\u00c4YTT\u00d6METALLIT<\/p>\n<p>T\u00e4rkeimm\u00e4t k\u00e4ytt\u00f6metallit ovat rauta, alumiini ja kupari.\u00a0Valitse jokin n\u00e4ist\u00e4 metalleista. Hae tietoa laittamalla Googleen sopivat hakusanat ja laadi valitsemaasi metalliin liittyv\u00e4 PowerPoint -esitys. Teht\u00e4v\u00e4n tavoitteena on perehty\u00e4 hieman syvemmin yhteen k\u00e4ytt\u00f6m\u00e4\u00e4r\u00e4lt\u00e4\u00e4n merkitt\u00e4v\u00e4\u00e4n metalliin.<\/p>\n<p>K\u00e4sittele esityksess\u00e4 ainakin seuraavia asioita:<\/p>\n<ul>\n<li>valmistusprosessi<\/li>\n<li>k\u00e4ytt\u00f6kohteet (t\u00e4m\u00e4 on t\u00e4rkein sis\u00e4lt\u00f6!)<\/li>\n<li>hinta<\/li>\n<li>metallista teht\u00e4v\u00e4t seokset<\/li>\n<li>kemialliset ominaisuudet: l\u00e4mm\u00f6njohtavuus, s\u00e4hk\u00f6njohtavuus, tiheys, sulaminen<\/li>\n<li>alttius korroosiolle<\/li>\n<\/ul>\n","protected":false},"excerpt":{"rendered":"<p>K\u00c4YTT\u00d6METALLIT T\u00e4rkeimm\u00e4t k\u00e4ytt\u00f6metallit ovat rauta, alumiini ja kupari.\u00a0Valitse jokin n\u00e4ist\u00e4 metalleista. Hae tietoa laittamalla Googleen sopivat hakusanat ja laadi valitsemaasi metalliin liittyv\u00e4 PowerPoint -esitys. Teht\u00e4v\u00e4n tavoitteena on perehty\u00e4 hieman syvemmin yhteen k\u00e4ytt\u00f6m\u00e4\u00e4r\u00e4lt\u00e4\u00e4n merkitt\u00e4v\u00e4\u00e4n metalliin. K\u00e4sittele esityksess\u00e4 ainakin seuraavia asioita: valmistusprosessi k\u00e4ytt\u00f6kohteet (t\u00e4m\u00e4 on t\u00e4rkein sis\u00e4lt\u00f6!) hinta metallista teht\u00e4v\u00e4t seokset kemialliset ominaisuudet: l\u00e4mm\u00f6njohtavuus, s\u00e4hk\u00f6njohtavuus, tiheys, sulaminen &hellip; <a href=\"https:\/\/www.verkkovaria.fi\/yhteiset\/kemia\/?page_id=218\">Continued<\/a><\/p>\n","protected":false},"author":3,"featured_media":0,"parent":0,"menu_order":0,"comment_status":"closed","ping_status":"closed","template":"","meta":{"footnotes":"","_links_to":"","_links_to_target":""},"class_list":["post-218","page","type-page","status-publish","hentry"],"_links":{"self":[{"href":"https:\/\/www.verkkovaria.fi\/yhteiset\/kemia\/index.php?rest_route=\/wp\/v2\/pages\/218","targetHints":{"allow":["GET"]}}],"collection":[{"href":"https:\/\/www.verkkovaria.fi\/yhteiset\/kemia\/index.php?rest_route=\/wp\/v2\/pages"}],"about":[{"href":"https:\/\/www.verkkovaria.fi\/yhteiset\/kemia\/index.php?rest_route=\/wp\/v2\/types\/page"}],"author":[{"embeddable":true,"href":"https:\/\/www.verkkovaria.fi\/yhteiset\/kemia\/index.php?rest_route=\/wp\/v2\/users\/3"}],"replies":[{"embeddable":true,"href":"https:\/\/www.verkkovaria.fi\/yhteiset\/kemia\/index.php?rest_route=%2Fwp%2Fv2%2Fcomments&post=218"}],"version-history":[{"count":6,"href":"https:\/\/www.verkkovaria.fi\/yhteiset\/kemia\/index.php?rest_route=\/wp\/v2\/pages\/218\/revisions"}],"predecessor-version":[{"id":467,"href":"https:\/\/www.verkkovaria.fi\/yhteiset\/kemia\/index.php?rest_route=\/wp\/v2\/pages\/218\/revisions\/467"}],"wp:attachment":[{"href":"https:\/\/www.verkkovaria.fi\/yhteiset\/kemia\/index.php?rest_route=%2Fwp%2Fv2%2Fmedia&parent=218"}],"curies":[{"name":"wp","href":"https:\/\/api.w.org\/{rel}","templated":true}]}}