{"id":363,"date":"2016-03-19T06:13:31","date_gmt":"2016-03-19T06:13:31","guid":{"rendered":"http:\/\/www.verkkovaria.fi\/yhteiset\/kemia\/?page_id=363"},"modified":"2016-06-27T14:30:10","modified_gmt":"2016-06-27T14:30:10","slug":"kemian-ryhmatyo","status":"publish","type":"page","link":"https:\/\/www.verkkovaria.fi\/yhteiset\/kemia\/?page_id=363","title":{"rendered":"Kemian ryhm\u00e4ty\u00f6"},"content":{"rendered":"<p align=\"justify\"><em>Osaamistavoite: kemian taitojen soveltaminen yhdess\u00e4 ty\u00f6skennelt\u00e4ess\u00e4, oman osaamisen tason arviointi<\/em><\/p>\n<p align=\"justify\"><strong>Alakohtaisten teht\u00e4vien j\u00e4lkeen<\/strong> (tai niiden tekemisen rinnalla) <strong>jokainen osallistuu yhteisen teht\u00e4v\u00e4n tekemiseen.<\/strong> Ryhm\u00e4ss\u00e4, joka suorittaa teht\u00e4v\u00e4n yhdess\u00e4, voi olla j\u00e4seni\u00e4 yhdest\u00e4 nelj\u00e4\u00e4n. Suoritettavan teht\u00e4v\u00e4n laajuus riippuu ryhm\u00e4n j\u00e4senten m\u00e4\u00e4r\u00e4st\u00e4.<\/p>\n<p align=\"justify\"><strong>Teht\u00e4v\u00e4n suorituksen lopputuloksena syntyy yhteinen tuotos, jonka muoto on vapaavalintainen.<\/strong> My\u00f6sk\u00e4\u00e4n aihe ei ole ennalta m\u00e4\u00e4r\u00e4tty vaan ryhm\u00e4 saa keksi\u00e4 sen itse ja hyv\u00e4ksytt\u00e4\u00e4 opettajalla. Aihe voi yhdistell\u00e4 erilaisia omassa ty\u00f6ss\u00e4 hy\u00f6dyllisi\u00e4 taitoja ja tietoja tai olla yleisempi esimerkiksi jonkin kemiaan liittyv\u00e4n asian opettamiseen tarkoitettu v\u00e4line. Aihe voi liitty\u00e4 my\u00f6s johonkin alakohtaiseen teht\u00e4v\u00e4\u00e4n (esim. ryhm\u00e4 kokoaa jokaisen itsekseen tekemien teht\u00e4vien perusteella laajemman asiakokonaisuuden yhteiseksi aiheeseen perehdytt\u00e4v\u00e4ksi nettisivuksi). Teht\u00e4v\u00e4n tekemisess\u00e4 voi hy\u00f6dynt\u00e4\u00e4 my\u00f6s ty\u00f6ss\u00e4oppimispaikkansa tietoutta, jos sattuu olemaan ty\u00f6ss\u00e4oppimisjaksolla.<\/p>\n<p align=\"justify\"><strong>Yhteinen tuotos voi olla muodoltaan melkein millainen hyv\u00e4ns\u00e4.<\/strong> Sivun alaosassa on annettu muutamia esimerkkej\u00e4 siit\u00e4, mik\u00e4 tuotos voisi olla ja mik\u00e4 esimerkiksi voisi olla sen aiheena. Tuotos voi olla my\u00f6s yhdistelm\u00e4, esim. esite + juliste, opetusvideo + oppimateriaali, n\u00e4ytesarja + opetusvideo.<\/p>\n<p align=\"justify\"><strong>Oli tuotos sitten mink\u00e4lainen hyv\u00e4ns\u00e4, siihen tulee liitty\u00e4 my\u00f6s tekstiosuus, jossa kerrotaan tuotoksen oleelliset asiat.<\/strong> Jos ryhm\u00e4si on p\u00e4\u00e4tt\u00e4nyt tehd\u00e4 tuotokseksi opetusvideon, tulee lis\u00e4ksi palauttaa my\u00f6s opetusvideon k\u00e4sikirjoitus (teksti, jossa k\u00e4y ilmi, mit\u00e4 miss\u00e4kin kohtaa tehd\u00e4\u00e4n ja sanotaan ja miksi). Jos ryhm\u00e4si tekee esitteen, esite itsess\u00e4\u00e4n on vaadittu tekstiosuus.<\/p>\n<p align=\"justify\">Tuotoksen palauttamisen j\u00e4lkeen opettaja antaa siit\u00e4 kirjallisen palautteen, jonka pohjalta ryhm\u00e4 yhdess\u00e4 arvioi omaa ty\u00f6skentely\u00e4\u00e4n aiheensa parissa.<\/p>\n<h3 align=\"justify\">Kuinka ryhm\u00e4ty\u00f6 tapahtuu<\/h3>\n<h4 align=\"justify\">Ryhm\u00e4n muodostaminen<\/h4>\n<p align=\"justify\">Ryhm\u00e4t voidaan muodostaa esim. l\u00e4hiopetuskerralla, jos sellainen p\u00e4\u00e4tet\u00e4\u00e4n pit\u00e4\u00e4. Voit muodostaa ryhm\u00e4n my\u00f6s itse, jos tied\u00e4t keit\u00e4 muita opiskelee verkkototeutusta on samaan aikaan. Voit my\u00f6s pyyt\u00e4\u00e4 opettajaa ehdottamaan sinulle ryhm\u00e4\u00e4.<\/p>\n<p align=\"justify\">Kun ryhm\u00e4 on muodostettu, ryhm\u00e4 suunnittelee itse aikataulun ty\u00f6skentelylleen ja hyv\u00e4ksytt\u00e4\u00e4 sen opettajalla. Aikataulusta tulee selvit\u00e4 ryhm\u00e4n ty\u00f6njako ja milloin mink\u00e4kin osan ty\u00f6st\u00e4 tulee olla valmiina ja koska lopullinen ty\u00f6 palautetaan.<\/p>\n<p align=\"justify\">Jos olet ainoa verkkototeutuksen opiskelija, sovit opettajan kanssa kuinka laajan ty\u00f6n teet t\u00e4ss\u00e4 kohdassa tai korvaatko t\u00e4m\u00e4n ty\u00f6n tekem\u00e4ll\u00e4 yhden alakohtaisen teht\u00e4v\u00e4n enemm\u00e4n.<\/p>\n<h4 align=\"justify\">Ryhm\u00e4n ty\u00f6skentely<\/h4>\n<p align=\"justify\">Ryhm\u00e4 voi p\u00e4\u00e4tt\u00e4\u00e4 itse ty\u00f6skentelyns\u00e4 tavan kuitenkin niin, ett\u00e4 opettaja on tietoinen tavasta. Jos ryhm\u00e4 ty\u00f6st\u00e4\u00e4 aihettaan yhdess\u00e4 jollakin verkkoalustalla, tulee opettajalla olla p\u00e4\u00e4sy tuolle alustalle, jotta h\u00e4n voi seurata ty\u00f6n etenemist\u00e4 ja antaa ohjeita ja arvioita ty\u00f6skentelyst\u00e4. Ryhm\u00e4 voi my\u00f6s sopia ty\u00f6st\u00e4v\u00e4ns\u00e4 aihettaan yhdess\u00e4 esim. oppilaitoksen kirjastossa tai muussa sopivassa tilassa, mutta silloinkin on syyt\u00e4 ilmoittaa opettajalle, milloin ja miss\u00e4 ty\u00f6skentely tapahtuu, jotta opettaja voi tarvittaessa antaa ohjausta.<\/p>\n<h4 align=\"justify\">Ryhm\u00e4n yhteisen tuotoksen palauttaminen<\/h4>\n<p align=\"justify\">Jos ryhm\u00e4n yhteinen tuotos on s\u00e4hk\u00f6inen, se palautetaan soveltuvin osin Fronteriin VerkkoKEMIAn palautuskansioon (huomatkaa ilmoittaa ty\u00f6ss\u00e4 kaikkien ryhm\u00e4n j\u00e4senten nimet, ei vain palauttajan!). Mik\u00e4li kyseess\u00e4 on verkkosivusto, palautetaan pelkk\u00e4 linkki sivustolle. Muun kuin s\u00e4hk\u00f6isen tuotoksen palauttamisesta sovitaan opettajan kanssa erikseen. Huomaa, ett\u00e4 ryhm\u00e4 joutuu palauttamaan jotakin tekstimuotoistakin, vaikka tuotosta itse\u00e4\u00e4n ei voisikaan palauttaa s\u00e4hk\u00f6isesti!<\/p>\n<h3 align=\"justify\">Esimerkkej\u00e4 mahdollisista tuotoksista<\/h3>\n<h4 align=\"justify\"><b>Esite: <\/b><\/h4>\n<ul>\n<li>\n<p align=\"justify\">Tietoa myrkkykasveista p\u00e4iv\u00e4kotihenkil\u00f6kunnalle (<i>kuvat ja tekstit<\/i>)<\/p>\n<\/li>\n<li>\n<p align=\"justify\">Tied\u00e4tk\u00f6, mit\u00e4 voitelet huuliisi joka p\u00e4iv\u00e4 (<i>teksti\u00e4<\/i>)<\/p>\n<\/li>\n<\/ul>\n<h4 align=\"justify\"><b>Juliste: <\/b><\/h4>\n<ul>\n<li>\n<p align=\"justify\">Huulipunan anatomia (<i>kuvia, lyhyit\u00e4 tekstej\u00e4<\/i>)<\/p>\n<\/li>\n<li>\n<p align=\"justify\">El\u00e4m\u00e4lle v\u00e4ltt\u00e4m\u00e4tt\u00f6m\u00e4t alkuaineet (<i>kuvia, piirroksia, lyhyit\u00e4 tekstej\u00e4<\/i>)<\/p>\n<\/li>\n<\/ul>\n<h4 align=\"justify\"><b>Opetusvideo:<\/b><\/h4>\n<ul>\n<li>\n<p align=\"justify\">Valitse oikeat suojavaatteet ty\u00f6skennelless\u00e4si kemikaalien kanssa (<i>kuvaa ja puhetta<\/i>)<\/p>\n<\/li>\n<li>\n<p align=\"justify\">pH-indikaattoriliemen valmistus ja k\u00e4ytt\u00f6 (<i>kuvaa ja puhetta, ehk\u00e4 v\u00e4litekstit?<\/i>)<\/p>\n<\/li>\n<\/ul>\n<h4 align=\"justify\">Opetustuokio<\/h4>\n<ul>\n<li>\n<p align=\"justify\">Kuinka tunnistaa uhkaava potilas ja toimia oikein uhkaavassa tilanteessa (<em>esim. turvallisuusalan opiskelijan ja l\u00e4hihoitajaopiskelijan yhteisty\u00f6n\u00e4 pit\u00e4m\u00e4 opetustuokio<\/em>)<\/p>\n<\/li>\n<li>\n<p align=\"justify\">Hopeaesineiden puhdistus kemiallisin menetelmin (<em>esim. ravintola-alan opiskelijoiden opetustuokio kaikille aiheesta kiinnostuneille tai vaikka ty\u00f6ss\u00e4oppimispaikan henkil\u00f6kunnalle<\/em>)<\/p>\n<\/li>\n<\/ul>\n<h4 align=\"justify\"><b>Oppimateriaali:<\/b><\/h4>\n<ul>\n<li>\n<p align=\"justify\">Miten koulunk\u00e4yntiavustaja voi auttaa oppilasta oppimaan kemialliset merkit (<i>ohjeteksti, ehk\u00e4 jokin opetusv\u00e4linekin? Kortit?<\/i>)<\/p>\n<\/li>\n<li>\n<p align=\"justify\">Mihin t\u00e4m\u00e4 j\u00e4te kuuluu? (<i>roskien lajittelupeli ohjeineen ja taustatietoineen<\/i>)<\/p>\n<\/li>\n<\/ul>\n<h4 align=\"justify\"><b>N\u00e4ytesarja:<\/b><\/h4>\n<ul>\n<li>\n<p align=\"justify\">Eri muovilaadut + niist\u00e4 kertovat tekstikortit (<i>esim. joukko muoviesineit\u00e4 ja tekstikortit, voi sis\u00e4lt\u00e4\u00e4 my\u00f6s jonkinlaisen teht\u00e4v\u00e4n katsojalle: &#8221;laita kortit paikoilleen ja tarkista menik\u00f6 oikein&#8221;<\/i>)<\/p>\n<\/li>\n<li>\n<p align=\"justify\">Erilaisia paristoja ja akkuja + esittelytekstit (<i>esim. joukko paristoja ja akkuja ja esittelyteksteiss\u00e4 kuva niiden poikkileikkauksesta ja selitys toimintaperiaatteesta ja vertailua muihin paristoihin ja akkuihin<\/i>)<\/p>\n<\/li>\n<\/ul>\n<h4 align=\"justify\"><b>Suunnitelma:<\/b><\/h4>\n<ul>\n<li>\n<p align=\"justify\">Suunnitelma autokorjaamon kemikaalij\u00e4tteen v\u00e4hent\u00e4miseksi (<i>teksti\u00e4, ehk\u00e4 kuviakin?<\/i>)<\/p>\n<\/li>\n<li>\n<p align=\"justify\">Kylm\u00e4ojan vesiluonnon pelastaminen lentokent\u00e4n glykolip\u00e4\u00e4st\u00f6n j\u00e4lkeen (<i>teksti\u00e4, kuvia, asiaa glykolin ymp\u00e4rist\u00f6vaikutuksista ja vahinkojen korjaamisesta<\/i>)<\/p>\n<\/li>\n<\/ul>\n<h4 align=\"justify\"><b>Tutkimus:<\/b><\/h4>\n<ul>\n<li>\n<p align=\"justify\">Eri harjoittelupaikkojen ohjeistukset kemikaalien s\u00e4ilytt\u00e4miseen (<i>teksti\u00e4, ehk\u00e4 taulukko helppoa vertailua varten?<\/i>)<\/p>\n<\/li>\n<li>\n<p align=\"justify\">Kodin kemikaalien mahdolliset haittavaikutukset (<i>teksti\u00e4, kuvia?<\/i>)<\/p>\n<\/li>\n<\/ul>\n<h4 align=\"justify\"><b>Nettisivu:<\/b><\/h4>\n<ul>\n<li>\n<p align=\"justify\">Kaikki korroosiosta (<i>teksti\u00e4, kuvia, videoita, linkkej\u00e4 hy\u00f6dyllisiin sivustoihin<\/i>)<\/p>\n<\/li>\n<li>\n<p align=\"justify\">Myrkylliset v\u00e4riaineet (<em>l<\/em><i>uettelo aineista, tiedot niiden myrkyllisyydest\u00e4, linkit k\u00e4ytt\u00f6turvallisuustiedotteisiin<\/i>)<\/p>\n<\/li>\n<\/ul>\n","protected":false},"excerpt":{"rendered":"<p>Osaamistavoite: kemian taitojen soveltaminen yhdess\u00e4 ty\u00f6skennelt\u00e4ess\u00e4, oman osaamisen tason arviointi Alakohtaisten teht\u00e4vien j\u00e4lkeen (tai niiden tekemisen rinnalla) jokainen osallistuu yhteisen teht\u00e4v\u00e4n tekemiseen. Ryhm\u00e4ss\u00e4, joka suorittaa teht\u00e4v\u00e4n yhdess\u00e4, voi olla j\u00e4seni\u00e4 yhdest\u00e4 nelj\u00e4\u00e4n. Suoritettavan teht\u00e4v\u00e4n laajuus riippuu ryhm\u00e4n j\u00e4senten m\u00e4\u00e4r\u00e4st\u00e4. Teht\u00e4v\u00e4n suorituksen lopputuloksena syntyy yhteinen tuotos, jonka muoto on vapaavalintainen. My\u00f6sk\u00e4\u00e4n aihe ei ole ennalta m\u00e4\u00e4r\u00e4tty &hellip; <a href=\"https:\/\/www.verkkovaria.fi\/yhteiset\/kemia\/?page_id=363\">Continued<\/a><\/p>\n","protected":false},"author":1,"featured_media":303,"parent":0,"menu_order":0,"comment_status":"closed","ping_status":"closed","template":"","meta":{"footnotes":"","_links_to":"","_links_to_target":""},"class_list":["post-363","page","type-page","status-publish","has-post-thumbnail","hentry"],"_links":{"self":[{"href":"https:\/\/www.verkkovaria.fi\/yhteiset\/kemia\/index.php?rest_route=\/wp\/v2\/pages\/363","targetHints":{"allow":["GET"]}}],"collection":[{"href":"https:\/\/www.verkkovaria.fi\/yhteiset\/kemia\/index.php?rest_route=\/wp\/v2\/pages"}],"about":[{"href":"https:\/\/www.verkkovaria.fi\/yhteiset\/kemia\/index.php?rest_route=\/wp\/v2\/types\/page"}],"author":[{"embeddable":true,"href":"https:\/\/www.verkkovaria.fi\/yhteiset\/kemia\/index.php?rest_route=\/wp\/v2\/users\/1"}],"replies":[{"embeddable":true,"href":"https:\/\/www.verkkovaria.fi\/yhteiset\/kemia\/index.php?rest_route=%2Fwp%2Fv2%2Fcomments&post=363"}],"version-history":[{"count":8,"href":"https:\/\/www.verkkovaria.fi\/yhteiset\/kemia\/index.php?rest_route=\/wp\/v2\/pages\/363\/revisions"}],"predecessor-version":[{"id":461,"href":"https:\/\/www.verkkovaria.fi\/yhteiset\/kemia\/index.php?rest_route=\/wp\/v2\/pages\/363\/revisions\/461"}],"wp:featuredmedia":[{"embeddable":true,"href":"https:\/\/www.verkkovaria.fi\/yhteiset\/kemia\/index.php?rest_route=\/wp\/v2\/media\/303"}],"wp:attachment":[{"href":"https:\/\/www.verkkovaria.fi\/yhteiset\/kemia\/index.php?rest_route=%2Fwp%2Fv2%2Fmedia&parent=363"}],"curies":[{"name":"wp","href":"https:\/\/api.w.org\/{rel}","templated":true}]}}