{"id":405,"date":"2016-03-22T11:15:05","date_gmt":"2016-03-22T11:15:05","guid":{"rendered":"http:\/\/www.verkkovaria.fi\/yhteiset\/kemia\/?page_id=405"},"modified":"2016-06-27T15:04:45","modified_gmt":"2016-06-27T15:04:45","slug":"talotekniikan-kemia-tehtava-5-erilaisia-aineita","status":"publish","type":"page","link":"https:\/\/www.verkkovaria.fi\/yhteiset\/kemia\/?page_id=405","title":{"rendered":"Talotekniikan kemia, teht\u00e4v\u00e4 5: erilaisia aineita"},"content":{"rendered":"<p>ERILAISIA AINEITA<\/p>\n<p>1. Luettele erilaisia kemiallisia aineita, joita ammattialasi erilaisissa ty\u00f6teht\u00e4viss\u00e4 tulee vastaan. Vihje: Mieti mit\u00e4 aineita k\u00e4ytet\u00e4\u00e4n puhdistamisessa, pintak\u00e4sittelyss\u00e4, viem\u00e4rin avaamisessa, metalliteollisuuden prosesseissa, hitsaamisessa yms.<\/p>\n<p>2. Valitse yksi n\u00e4ist\u00e4 aineista, ja kerro siit\u00e4 tarkemmin. Paljon tietoa l\u00f6ytyy aineen k\u00e4ytt\u00f6turvallisuustiedotteesta. K\u00e4ytt\u00f6turvallisuustiedotteita l\u00f6ytyy esimerkiksi internetist\u00e4 Googlen avulla. Voit k\u00e4ytt\u00e4\u00e4 hakusanoina etsim\u00e4\u00e4si ainetta ja sanaa &#8221;k\u00e4ytt\u00f6turvallisuustiedote&#8221;. Tee teht\u00e4v\u00e4 Wordilla tai PowerPointilla.<\/p>\n<p>Teht\u00e4v\u00e4n tavoitteena on selvitt\u00e4\u00e4 oman alan ty\u00f6teht\u00e4viss\u00e4 k\u00e4ytett\u00e4vi\u00e4 kemiallisia aineita ja tutustua yhteen niist\u00e4 paremmin. Samalla tutustutaan aineiden k\u00e4ytt\u00f6turvallisuustiedotteisiin. K\u00e4sittele seuraavia teemoja:<\/p>\n<ul>\n<li>k\u00e4ytt\u00f6tarkoitus<\/li>\n<li>mit\u00e4 vaaraa voi aiheuttaa aineen kanssa ty\u00f6skentelev\u00e4lle<\/li>\n<li>koostumus ja tiedot aineosista<\/li>\n<li>mahdolliset ensiaputoimenpiteet eri tilanteissa (hengitys, nieleminen, ihokosketus, roiskeet silmiin)<\/li>\n<li>palontorjuntatoimenpiteet<\/li>\n<li>k\u00e4sittely ja varastointi<\/li>\n<li>vaadittavat suojaimet<\/li>\n<li>fysikaaliset ja kemialliset ominaisuudet<\/li>\n<li>tiedot vaarallisuudesta ymp\u00e4rist\u00f6lle ja j\u00e4tteen k\u00e4sittelyyn liittyv\u00e4t n\u00e4k\u00f6kohdat<\/li>\n<\/ul>\n","protected":false},"excerpt":{"rendered":"<p>ERILAISIA AINEITA 1. Luettele erilaisia kemiallisia aineita, joita ammattialasi erilaisissa ty\u00f6teht\u00e4viss\u00e4 tulee vastaan. Vihje: Mieti mit\u00e4 aineita k\u00e4ytet\u00e4\u00e4n puhdistamisessa, pintak\u00e4sittelyss\u00e4, viem\u00e4rin avaamisessa, metalliteollisuuden prosesseissa, hitsaamisessa yms. 2. Valitse yksi n\u00e4ist\u00e4 aineista, ja kerro siit\u00e4 tarkemmin. Paljon tietoa l\u00f6ytyy aineen k\u00e4ytt\u00f6turvallisuustiedotteesta. K\u00e4ytt\u00f6turvallisuustiedotteita l\u00f6ytyy esimerkiksi internetist\u00e4 Googlen avulla. Voit k\u00e4ytt\u00e4\u00e4 hakusanoina etsim\u00e4\u00e4si ainetta ja sanaa &#8221;k\u00e4ytt\u00f6turvallisuustiedote&#8221;. Tee &hellip; <a href=\"https:\/\/www.verkkovaria.fi\/yhteiset\/kemia\/?page_id=405\">Continued<\/a><\/p>\n","protected":false},"author":3,"featured_media":0,"parent":0,"menu_order":0,"comment_status":"closed","ping_status":"closed","template":"","meta":{"footnotes":"","_links_to":"","_links_to_target":""},"class_list":["post-405","page","type-page","status-publish","hentry"],"_links":{"self":[{"href":"https:\/\/www.verkkovaria.fi\/yhteiset\/kemia\/index.php?rest_route=\/wp\/v2\/pages\/405","targetHints":{"allow":["GET"]}}],"collection":[{"href":"https:\/\/www.verkkovaria.fi\/yhteiset\/kemia\/index.php?rest_route=\/wp\/v2\/pages"}],"about":[{"href":"https:\/\/www.verkkovaria.fi\/yhteiset\/kemia\/index.php?rest_route=\/wp\/v2\/types\/page"}],"author":[{"embeddable":true,"href":"https:\/\/www.verkkovaria.fi\/yhteiset\/kemia\/index.php?rest_route=\/wp\/v2\/users\/3"}],"replies":[{"embeddable":true,"href":"https:\/\/www.verkkovaria.fi\/yhteiset\/kemia\/index.php?rest_route=%2Fwp%2Fv2%2Fcomments&post=405"}],"version-history":[{"count":5,"href":"https:\/\/www.verkkovaria.fi\/yhteiset\/kemia\/index.php?rest_route=\/wp\/v2\/pages\/405\/revisions"}],"predecessor-version":[{"id":471,"href":"https:\/\/www.verkkovaria.fi\/yhteiset\/kemia\/index.php?rest_route=\/wp\/v2\/pages\/405\/revisions\/471"}],"wp:attachment":[{"href":"https:\/\/www.verkkovaria.fi\/yhteiset\/kemia\/index.php?rest_route=%2Fwp%2Fv2%2Fmedia&parent=405"}],"curies":[{"name":"wp","href":"https:\/\/api.w.org\/{rel}","templated":true}]}}