{"id":86,"date":"2015-10-20T07:25:13","date_gmt":"2015-10-20T07:25:13","guid":{"rendered":"http:\/\/www.verkkovaria.fi\/yhteiset\/kemia\/?page_id=86"},"modified":"2016-03-19T12:47:20","modified_gmt":"2016-03-19T12:47:20","slug":"ymparistokemia","status":"publish","type":"page","link":"https:\/\/www.verkkovaria.fi\/yhteiset\/kemia\/?page_id=86","title":{"rendered":"Ymp\u00e4rist\u00f6kemia"},"content":{"rendered":"<p><em>T\u00e4m\u00e4n osion osaamistavoite on: tietoisuus v\u00e4\u00e4rin h\u00e4vitettyjen kemikaalien ymp\u00e4rist\u00f6haittojen vakavuudesta, oman vastuun ymm\u00e4rt\u00e4minen kemikaalien kuluttujana<\/em><\/p>\n<p>Ymp\u00e4rist\u00f6 saastuu ihmisen toiminnan seurauksena. Kemikaalit ja muut tuotteet, joita nykyisin tarvitsemme jokap\u00e4iv\u00e4isess\u00e4 el\u00e4m\u00e4ss\u00e4mme, tulee osata h\u00e4vitt\u00e4\u00e4 oikein, jotta ymp\u00e4rist\u00f6 ei niist\u00e4 kuormittuisi. Puhdas ja elinvoimainen ymp\u00e4rist\u00f6 on jokaisen oikeus ja v\u00e4ltt\u00e4m\u00e4tt\u00f6myys, jotta voisimme jatkossakin el\u00e4\u00e4 t\u00e4ll\u00e4 planeetalla. Jo pienetkin muutokset omissa kulutustottumuksissa ja toimintatavoissa auttavat pit\u00e4m\u00e4\u00e4n ymp\u00e4rist\u00f6mme puhtaana.<\/p>\n<p>Ymp\u00e4rist\u00f6asioiden huomioon ottaminen kuuluu jokaisen vastuullisesti kemiallisia aineita k\u00e4ytt\u00e4v\u00e4n velvollisuuksiin. T\u00e4m\u00e4n takia on tunnettava hieman kemikaalien ymp\u00e4rist\u00f6vaikutuksia, jotta osaa huomioida ne omassa ty\u00f6ss\u00e4\u00e4n k\u00e4sittelemiens\u00e4 kemikaalien kohdalla.<\/p>\n<p>Melkein jokaisella ty\u00f6paikalla vaaditaan ymp\u00e4rist\u00f6osaamista muun ammattitaidon lis\u00e4ksi. Tee siis n\u00e4m\u00e4 teht\u00e4v\u00e4t huolella! Teht\u00e4viin l\u00f6ytyy apua sivun alalaidasta, mutta pohdi ensin asioita itse.<\/p>\n<h3>Saastuminen ja sen seuraukset<\/h3>\n<p>Uutisista saamme useasti lukea, ett\u00e4 jossakin on tapahtunut kemikaalivuoto tai kemikaaleja kuljettanut auto on kaatunut tienvarteen tai jokin teollisuuslaitos on j\u00e4tt\u00e4nyt noudattamatta ymp\u00e4rist\u00f6ohjeistusta ja kaatanut j\u00e4tteens\u00e4 t\u00e4ysin v\u00e4\u00e4r\u00e4\u00e4n paikkaan.<\/p>\n<p>Suomen <a href=\"http:\/\/www.oikeusministerio.fi\/fi\/index\/julkaisut\/esitteet\/perustuslaki\/tunneperusoikeutesi.html\" target=\"_blank\">perustuslain<\/a> mukaan vastuu luonnosta ja sen monimuotoisuudesta, ymp\u00e4rist\u00f6st\u00e4 ja kulttuuriperinn\u00f6st\u00e4 kuuluu Suomessa kaikille.<\/p>\n<h3>Teht\u00e4v\u00e4 I:<\/h3>\n<p><strong>Tutustu saastumisen seurauksiin oheisista linkeist\u00e4.<\/strong> Jos et ymm\u00e4rr\u00e4 jotakin teksteiss\u00e4 usein esiintyv\u00e4\u00e4 sanaa, selvit\u00e4 sen merkitys!<\/p>\n<p><em><strong>Ilmastonmuutos:<\/strong><\/em> <a href=\"http:\/\/ec.europa.eu\/environment\/basics\/global-challenges\/consequences\/index_fi.htm\" target=\"_blank\">http:\/\/ec.europa.eu\/environment\/basics\/global-challenges\/consequences\/index_fi.htm<\/a><\/p>\n<p><em><strong>Biodiversiteetti:<\/strong><\/em> <a href=\"https:\/\/fi.wikipedia.org\/wiki\/Biodiversiteetti\" target=\"_blank\">https:\/\/fi.wikipedia.org\/wiki\/Biodiversiteetti<\/a><\/p>\n<p><em><strong>Antibioottiresistenssi:<\/strong><\/em> <a href=\"http:\/\/ecdc.europa.eu\/fi\/eaad\/antibiotics\/Pages\/facts.aspx\" target=\"_blank\">http:\/\/ecdc.europa.eu\/fi\/eaad\/antibiotics\/Pages\/facts.aspx<\/a><\/p>\n<p><em><strong>Antibioottiresistenssi:<\/strong><\/em> <a href=\"http:\/\/www.potilaanlaakarilehti.fi\/uutiset\/antibioottien-kaytto-lisaantynyt-maailmanlaajuisesti\/#.Vu0__UKli1E\" target=\"_blank\">http:\/\/www.potilaanlaakarilehti.fi\/uutiset\/antibioottien-kaytto-lisaantynyt-maailmanlaajuisesti\/#.Vu0__UKli1E<\/a><\/p>\n<p><strong>Aiheeseen tutustuttuasi pohdi seuraavia kysymyksi\u00e4:<\/strong><\/p>\n<ul>\n<li>Onko myrkyllisen kemikaalin roskiin heitt\u00e4minen rikos?<\/li>\n<li>Miten vakavasta ongelmasta saastumisessa ja sen seurauksissa on kyse? Koskettaako ongelma my\u00f6s sinua itse\u00e4si? Onko saastumisesta siis haittaa sinulle itsellesi?<\/li>\n<li>Miksi ymp\u00e4rist\u00f6n saastumista on vaikea est\u00e4\u00e4?<\/li>\n<\/ul>\n<h3>Vastuullinen kulutus<\/h3>\n<p>Kun hankimme kaupasta tuotteen, sen ymp\u00e4rist\u00f6vaikutuksista suurimmat ovat jo tapahtuneet. Monen tuotteen kohdalla sen raaka-aineiden tuottaminen ja tuotteen itsens\u00e4 valmistaminen ovat ymp\u00e4rist\u00f6lle kaikkein haitallisimmat vaiheet. Se, ett\u00e4 k\u00e4yt\u00e4mme tuotetta, on usein vain j\u00e4\u00e4vuoren huippu. Miten lopulta hankkiudumme tuotteesta eroon, voi j\u00e4lleen olla suuresti ymp\u00e4rist\u00f6\u00e4 kuormittava tekij\u00e4.<\/p>\n<p>Vastuullisuus ei koske meit\u00e4 vain silloin, kun hankimme jotakin tuotetta itsellemme: meid\u00e4n tulee olla vastuullisia my\u00f6s silloin, kun hankimme tuoteita esim. ty\u00f6paikkamme kalustukseksi, kahvihuoneessa nautittaviksi tai myyt\u00e4viksi.\u00a0<\/p>\n<h3>Teht\u00e4v\u00e4 J:<\/h3>\n<p><strong>Tutustu vastuulliseen kuluttamiseen<\/strong> esimerkiksi alla olevista linkeist\u00e4. Voit etsi\u00e4 aiheesta my\u00f6s muista l\u00e4hteist\u00e4.<\/p>\n<p><a href=\"http:\/\/www.ykliitto.fi\/yk70v\/taloudellinen\/vastuullinen-kuluttaminen\" target=\"_blank\">http:\/\/www.ykliitto.fi\/yk70v\/taloudellinen\/vastuullinen-kuluttaminen<\/a><\/p>\n<p><a href=\"http:\/\/www.edu.fi\/yleissivistava_koulutus\/aihekokonaisuudet\/kestava_kehitys\/teemoja\/ymparistotietoiseksi_kuluttajaksi\/vastuullinen_kulutus\" target=\"_blank\">http:\/\/www.edu.fi\/yleissivistava_koulutus\/aihekokonaisuudet\/kestava_kehitys\/teemoja\/ymparistotietoiseksi_kuluttajaksi\/vastuullinen_kulutus<\/a><\/p>\n<p><a href=\"http:\/\/www.tiedostavakuluttaja.fi\/\" target=\"_blank\">http:\/\/www.tiedostavakuluttaja.fi\/<\/a><\/p>\n<p><strong>Tutustuttuasi aineistoon, pohdiskele seuraavia kysymyksi\u00e4.<\/strong><\/p>\n<ul>\n<li>Olet menossa kauppaan ostamaan vaatteita (esim. housuja tai puseroa). <strong>Millaisia asioita sinun tulisi vastuullisena ja valveutuneena kuluttajana ottaa huomioon vaatteita ostaessasi?<\/strong> Kirjoita asiat itsellesi muistiin.<\/li>\n<li>Katso kirjoittamaasi listaa ja palauta mieleesi edellinen kerta, kun ostit jonkin vaatteen. <strong>Kuinka monta listallasi olevaa asiaa k\u00e4vi mieless\u00e4si edellisell\u00e4 ostokerralla?<\/strong><\/li>\n<li>Katso viel\u00e4 kirjoittamaasi listaa. <strong>Kuinka monta listallasi olevaa asiaa otit huomioon ostaessasi vaatetta edellisen kerran?<\/strong> Millaisten syiden takia et ottanut listallasi olevia asioita huomioon? Mit\u00e4 pit\u00e4isi tapahtua, jotta alkaisit aina ottaa huomioon kaikki listallasi olevat asiat?<\/li>\n<li>Mik\u00e4 mahtaisi olla kaikkein tehokkain keino opettaa vastuullisuutta ty\u00f6kavereille, yst\u00e4ville, sukulaisille tai kenelle tahansa toiselle ihmiselle?<\/li>\n<\/ul>\n<h3>Kertaus: mit\u00e4 sinun tulee osata tehty\u00e4si t\u00e4m\u00e4n osion<\/h3>\n<ul>\n<li>Tiet\u00e4\u00e4 millaisia ymp\u00e4rist\u00f6vaikutuksia kemikaaleilla on ja mihin ne voivat pahimmillaan johtaa<\/li>\n<li>Ymm\u00e4rt\u00e4\u00e4 oma vastuusi yhteisest\u00e4 ymp\u00e4rist\u00f6st\u00e4 niin kuluttajana kuin ammattihenkil\u00f6n\u00e4kin<\/li>\n<\/ul>\n<h3>\u00a0<\/h3>\n<h3>Apua pohdintateht\u00e4viin:<\/h3>\n<h4>Teht\u00e4v\u00e4 I:<\/h4>\n<ul>\n<li>Perustuslaki velvoittaa jokaisen kansalaisen pit\u00e4m\u00e4\u00e4n huolta ymp\u00e4rist\u00f6st\u00e4: ymp\u00e4rist\u00f6n t\u00e4rveleminen on rikoslaissa mainuttu rikosnimike.<\/li>\n<li>Saastuminen on suurimpia ongelmia, mit\u00e4 ihmiskunnalla on. Se koskettaa meist\u00e4 jokaista ja sill\u00e4 on vaikutusta meihin jokaiseen. Ymp\u00e4rist\u00f6n saasteet siirtyv\u00e4t meihin sy\u00f6dyn ruoan mukana, hengitysilman seassa, jopa suoraan ihon l\u00e4vitse koskettaessamme jotakin pintaa. Saasteilta ei siis p\u00e4\u00e4se karkuun.<\/li>\n<li>Lains\u00e4\u00e4d\u00e4nn\u00f6ss\u00e4 on otettava huomioon my\u00f6s elinkeinonharjoittajien mahdollisuudet harjoittaa omaa elinkeinoaan, mik\u00e4 est\u00e4\u00e4 kaiken saastuttamisen kielt\u00e4misen. Poliittisesti ymp\u00e4rist\u00f6n suojeleminen on vaikea asia, koska eri ihmisryhmill\u00e4 on erilaiset k\u00e4sitykset siit\u00e4, mik\u00e4 on suojelemisen riitt\u00e4v\u00e4 taso ja kuinka paljon suojeleminen saa aiheuttaa kustannuksia. Ymp\u00e4rist\u00f6n saastumisen ehk\u00e4isemisess\u00e4 t\u00e4rke\u00e4 rooli on my\u00f6s jokaisella yksitt\u00e4isell\u00e4 ihmisell\u00e4: tehdess\u00e4mme valintoja kaupassa tai p\u00e4\u00e4t\u00f6ksi\u00e4 esim. lomamatkan kohteista, vaikutamme siihen, millaisia tuotteita tai palveluja meille tarjotaan. Jos emme itse piittaa ymp\u00e4rist\u00f6st\u00e4, miksi kukaan muukaan siit\u00e4 piittaisi?<\/li>\n<\/ul>\n<h4>\u00a0<\/h4>\n<h4>Teht\u00e4v\u00e4 J:<\/h4>\n<ul>\n<li>Ennen ostamista tulisi mietti\u00e4 mm. seuraavia asioita: miss\u00e4 tuote on tehty, kuka sen on tehnyt, onko tuotannossa huomioitu ymp\u00e4rist\u00f6, maksetaanko ty\u00f6ntekij\u00e4lle oikeudenmukainen palkka ty\u00f6st\u00e4\u00e4n, onko materiaali ymp\u00e4rist\u00f6n kannalta suotava, miten ja mist\u00e4 asti tuote on kuljetettu kauppaan, tarvitsenko t\u00e4t\u00e4 tuotetta todella, voisinko ostaa tuotteen my\u00f6s k\u00e4ytettyn\u00e4<\/li>\n<li>Montako asiaa k\u00e4vi mieless\u00e4si (tai montako asiaa listallasi edes on) riippuu siit\u00e4 kuinka valveutunut ja vastuullinen olet kuluttajana. Jos et ajatellut asioista yht\u00e4k\u00e4\u00e4n, \u00e4l\u00e4 harmistu: kukaan ei ole sepp\u00e4 syntyess\u00e4\u00e4n, joten ei kukaan ole syntyj\u00e4\u00e4n valveutunut ja vastuullinen vaan sellaiseksi opitaan!<\/li>\n<li>Montako asiaa otit huomioon ostaessasi edellisen vaatteesi, kertoo vastuullisuudestasi. Syit\u00e4, miksi et ehk\u00e4 ottanut yht\u00e4k\u00e4\u00e4n asiaa huomioon, voi olla useita: eettisesti tuotettu vaate on liian kallis, ymp\u00e4rist\u00f6\u00e4 s\u00e4\u00e4st\u00e4v\u00e4sti tehty vaate on v\u00e4\u00e4r\u00e4n v\u00e4rinen, sopiva kauppa on liian kaukana, sinulla ei ole aikaa selvitt\u00e4\u00e4 vaatteen alkuper\u00e4\u00e4 jne. Jos syy, miksi et ottanut yht\u00e4k\u00e4\u00e4n asiaa huomioon, oli v\u00e4linpit\u00e4m\u00e4tt\u00f6myys, mietih\u00e4n t\u00e4t\u00e4: tahtoisitko itse ommella vaatteita surkeissa oloissa n\u00e4lk\u00e4palkalla? Onko oikeudenmukaista olla v\u00e4linpit\u00e4m\u00e4t\u00f6n?<\/li>\n<li>Paras tapa opettaa on n\u00e4ytt\u00e4\u00e4 hyv\u00e4\u00e4 esimerkki\u00e4. Kun itse toimit esimerkillisesti, alkavat toisetkin v\u00e4hitellen toimia niin. Muutos l\u00e4htee aina sinusta itsest\u00e4si: et voi vaatia toisilta enemp\u00e4\u00e4 kuin itselt\u00e4si.<\/li>\n<\/ul>\n","protected":false},"excerpt":{"rendered":"<p>T\u00e4m\u00e4n osion osaamistavoite on: tietoisuus v\u00e4\u00e4rin h\u00e4vitettyjen kemikaalien ymp\u00e4rist\u00f6haittojen vakavuudesta, oman vastuun ymm\u00e4rt\u00e4minen kemikaalien kuluttujana Ymp\u00e4rist\u00f6 saastuu ihmisen toiminnan seurauksena. Kemikaalit ja muut tuotteet, joita nykyisin tarvitsemme jokap\u00e4iv\u00e4isess\u00e4 el\u00e4m\u00e4ss\u00e4mme, tulee osata h\u00e4vitt\u00e4\u00e4 oikein, jotta ymp\u00e4rist\u00f6 ei niist\u00e4 kuormittuisi. Puhdas ja elinvoimainen ymp\u00e4rist\u00f6 on jokaisen oikeus ja v\u00e4ltt\u00e4m\u00e4tt\u00f6myys, jotta voisimme jatkossakin el\u00e4\u00e4 t\u00e4ll\u00e4 planeetalla. Jo pienetkin &hellip; <a href=\"https:\/\/www.verkkovaria.fi\/yhteiset\/kemia\/?page_id=86\">Continued<\/a><\/p>\n","protected":false},"author":1,"featured_media":290,"parent":0,"menu_order":0,"comment_status":"closed","ping_status":"closed","template":"","meta":{"footnotes":"","_links_to":"","_links_to_target":""},"class_list":["post-86","page","type-page","status-publish","has-post-thumbnail","hentry"],"_links":{"self":[{"href":"https:\/\/www.verkkovaria.fi\/yhteiset\/kemia\/index.php?rest_route=\/wp\/v2\/pages\/86","targetHints":{"allow":["GET"]}}],"collection":[{"href":"https:\/\/www.verkkovaria.fi\/yhteiset\/kemia\/index.php?rest_route=\/wp\/v2\/pages"}],"about":[{"href":"https:\/\/www.verkkovaria.fi\/yhteiset\/kemia\/index.php?rest_route=\/wp\/v2\/types\/page"}],"author":[{"embeddable":true,"href":"https:\/\/www.verkkovaria.fi\/yhteiset\/kemia\/index.php?rest_route=\/wp\/v2\/users\/1"}],"replies":[{"embeddable":true,"href":"https:\/\/www.verkkovaria.fi\/yhteiset\/kemia\/index.php?rest_route=%2Fwp%2Fv2%2Fcomments&post=86"}],"version-history":[{"count":7,"href":"https:\/\/www.verkkovaria.fi\/yhteiset\/kemia\/index.php?rest_route=\/wp\/v2\/pages\/86\/revisions"}],"predecessor-version":[{"id":388,"href":"https:\/\/www.verkkovaria.fi\/yhteiset\/kemia\/index.php?rest_route=\/wp\/v2\/pages\/86\/revisions\/388"}],"wp:featuredmedia":[{"embeddable":true,"href":"https:\/\/www.verkkovaria.fi\/yhteiset\/kemia\/index.php?rest_route=\/wp\/v2\/media\/290"}],"wp:attachment":[{"href":"https:\/\/www.verkkovaria.fi\/yhteiset\/kemia\/index.php?rest_route=%2Fwp%2Fv2%2Fmedia&parent=86"}],"curies":[{"name":"wp","href":"https:\/\/api.w.org\/{rel}","templated":true}]}}