{"id":88,"date":"2015-10-20T07:25:29","date_gmt":"2015-10-20T07:25:29","guid":{"rendered":"http:\/\/www.verkkovaria.fi\/yhteiset\/kemia\/?page_id=88"},"modified":"2016-06-27T14:22:20","modified_gmt":"2016-06-27T14:22:20","slug":"kemikaalien-kayttoturvallisuus","status":"publish","type":"page","link":"https:\/\/www.verkkovaria.fi\/yhteiset\/kemia\/?page_id=88","title":{"rendered":"Kemikaalien k\u00e4ytt\u00f6turvallisuus"},"content":{"rendered":"<p><em><strong>T\u00e4m\u00e4n osion osaamistavoite on:<\/strong> varoitusmerkein varustettujen kemikaalien turvallinen k\u00e4sittely ja s\u00e4ilytys, k\u00e4ytt\u00f6turvallisuustiedotteen sis\u00e4ll\u00f6n ymm\u00e4rt\u00e4minen ja huomioon ottaminen omissa ty\u00f6teht\u00e4viss\u00e4<\/em><\/p>\n<p>Alalla kuin alalla joudutaan tekemisiin erilaisten kemikaalien kanssa. Osa kemikaaleista on t\u00e4ysin vaarattomia, mutta osaa t\u00e4ytyy osata k\u00e4sitell\u00e4 oikein, jotta ei aiheuttaisi vaaraa itselleen eik\u00e4 ymp\u00e4rist\u00f6lleen. Kemikaalien myrkyllisyys tai muu vaarallisuus tulee merkit\u00e4 tuotteeseen varoitusmerkein. Kaikista kemikaaleista on my\u00f6s laadittava k\u00e4ytt\u00f6turvallisuustiedote, josta selvi\u00e4\u00e4 kyseisen kemikaalin oikeanlainen s\u00e4ilytt\u00e4mistapa ja suojavarusteet, joita tulee k\u00e4ytt\u00e4\u00e4 kyseist\u00e4 kemikaalia k\u00e4ytett\u00e4ess\u00e4.<\/p>\n<p>Kemikaalien k\u00e4ytt\u00f6\u00e4 s\u00e4\u00e4telee REACH-asetus, lis\u00e4tietoa siit\u00e4 l\u00f6yd\u00e4t t\u00e4st\u00e4:<\/p>\n<p><a href=\"http:\/\/www.kemikaalineuvonta.fi\/fi\/Saadosalue\/REACH\/\">http:\/\/www.kemikaalineuvonta.fi\/fi\/Saadosalue\/REACH\/<\/a><\/p>\n<p>Kemikaalin valmistajan on laadittava jokaisesta kemikaalistaan asetuksen mukainen k\u00e4ytt\u00f6turvallisuustiedote, joka toimitetaan kemikaalin mukana ostajalle. Jos k\u00e4ytt\u00f6turvallisuustiedotteeseen tulee korjattavaa, on uusi p\u00e4ivitetty k\u00e4ytt\u00f6turvallisuustiedote toimitettava kaikille, jotka ovat kuluneen 12 kuukauden aikana ostaneet kyseist\u00e4 kemikaalia. Lis\u00e4\u00e4 k\u00e4ytt\u00f6turvallisuustiedotteen taustasta l\u00f6yd\u00e4t t\u00e4st\u00e4:<\/p>\n<p><a href=\"http:\/\/kemikaalineuvonta.fi\/fi\/Saadosalue\/REACH\/Kayttoturvallisuustiedote\/\">http:\/\/kemikaalineuvonta.fi\/fi\/Saadosalue\/REACH\/Kayttoturvallisuustiedote\/<\/a><\/p>\n<h3>Varoitusmerkit<\/h3>\n<p>Uuden asetuksen mukaisia varoitusmerkkej\u00e4 on 9 kappaletta. Ne ohjaavat kemikaalin k\u00e4ytt\u00e4j\u00e4\u00e4 toimimaan kemikaalin kanssa oikein. Varoitusmerkkej\u00e4 l\u00f6ytyy ihan jokap\u00e4iv\u00e4isist\u00e4kin kemikaaleista, joten jokaisen tulee tiet\u00e4\u00e4, mit\u00e4 merkit tarkoittavat. Oheisessa kuvassa on esitetty kaikki 9 merkki\u00e4 selityksineen.<\/p>\n<p><a href=\"http:\/\/www.verkkovaria.fi\/yhteiset\/kemia\/wp-content\/uploads\/2015\/10\/varoitusmerkit.jpeg\" rel=\"attachment wp-att-247\"><img loading=\"lazy\" decoding=\"async\" src=\"http:\/\/www.verkkovaria.fi\/yhteiset\/kemia\/wp-content\/uploads\/2015\/10\/varoitusmerkit.jpeg\" alt=\"varoitusmerkit\" width=\"850\" height=\"734\" \/><\/a><\/p>\n<p>Etsi kotoasi tai ty\u00f6paikaltasi kemikaaleja, joiden pullon kyljest\u00e4 l\u00f6ytyy varoitusmerkkej\u00e4. Yrit\u00e4 l\u00f6yt\u00e4\u00e4 mahdollisimman monta erilaista varoitusmerkki\u00e4. Merkitse itsellesi muistiin, mik\u00e4 merkki l\u00f6ytyi mist\u00e4kin aineesta ja miss\u00e4 kyseist\u00e4 pulloa s\u00e4ilytet\u00e4\u00e4n (esimerkiksi: huutomerkki, k\u00e4sitiskiaine, tiskip\u00f6yd\u00e4n nurkka). Katso lopuksi oman etsint\u00e4si tulosta. Mit\u00e4 mielt\u00e4 olet varoitusmerkeill\u00e4 varustettujen pullojen s\u00e4ilytyspaikoista? Onko jokaisen s\u00e4ilytyspaikka asianmukainen ja turvallinen? Tulisiko s\u00e4ilytyspaikkoja vaihtaa?<\/p>\n<h3>K\u00e4ytt\u00f6turvallisuustiedote<\/h3>\n<p>Kemikaalien k\u00e4ytt\u00f6turvallisuustiedotteet l\u00f6ytyv\u00e4t nykyisin s\u00e4hk\u00f6isess\u00e4 muodossa netist\u00e4, joten niiden k\u00e4siins\u00e4 saaminen ei ole vaikeaa.<\/p>\n<p>Jokaisesta k\u00e4ytt\u00f6turvallisuustiedotteesta l\u00f6ytyv\u00e4t aina samat asiat samoin numeroitujen otsakkeiden alta. Numerointi ja otsikointi menee aina n\u00e4in:<\/p>\n<ol>\n<li>Kemikaalin ja sen valmistajan, maahantuojan tai muun toiminnanharjoittajan tunnistetiedot<\/li>\n<li>Koostumus ja tiedot ainesosista<\/li>\n<li>Vaarallisten ominaisuuksien kuvaus<\/li>\n<li>Ensiapuohjeet<\/li>\n<li>Ohjeet tulipalon varalta<\/li>\n<li>Ohjeet onnettomuusp\u00e4\u00e4st\u00f6jen varalta<\/li>\n<li>K\u00e4sittely ja varastointi<\/li>\n<li>Altistumisen ehk\u00e4iseminen ja henkil\u00f6nsuojaimet<\/li>\n<li>Fysikaaliset ja kemialliset ominaisuudet<\/li>\n<li>Stabiilisuus ja reaktiivisuus<\/li>\n<li>Terveysvaikutuksiin liittyv\u00e4t tiedot<\/li>\n<li>Tiedot kemikaalin vaarallisuudesta ymp\u00e4rist\u00f6lle<\/li>\n<li>J\u00e4tteiden k\u00e4sittely<\/li>\n<li>Kuljetustiedot<\/li>\n<li>Kemikaaleja koskevat m\u00e4\u00e4r\u00e4ykset<\/li>\n<li>Muut tiedot<\/li>\n<\/ol>\n<p>Halutessasi tiet\u00e4\u00e4 mit\u00e4 tehd\u00e4, kun joku on sy\u00f6nyt kyseist\u00e4 kemikaalia, etsit siis suoraan kohdan 4. Jos sinun tulee h\u00e4vitt\u00e4\u00e4 kyseisen kemikaalin j\u00e4\u00e4nn\u00f6kset, etsit tiedotteesta kohdan 13. Saadessasi teht\u00e4v\u00e4ksesi kuljettaa kyseist\u00e4 kemikaalia paikasta toiseen, tarkistat ensin kohdasta 14 liittyyk\u00f6 kemikaalin kuljettamiseen joitakin tarpeellisia erikoisj\u00e4rjestelyj\u00e4. Kemikaalin oikeanlaista s\u00e4ilytt\u00e4mist\u00e4 varten luet k\u00e4ytt\u00f6turvallisuustiedotteesta erityisesti kohdan 7.<\/p>\n<h3>Teht\u00e4v\u00e4 H:<\/h3>\n<p>Alla on poimittu linkit muutamiin kemikaaleihin, joihin saatat ty\u00f6ss\u00e4si t\u00f6rm\u00e4t\u00e4. <strong>Valitse kemikaaleista yksi<\/strong> (mielest\u00e4si parhaiten omaan alaasi liittyv\u00e4)<strong> ja lue sen k\u00e4ytt\u00f6turvallisuustiedote alusta loppuun asti.<\/strong> Siirry linkkien alla olevaan teht\u00e4v\u00e4\u00e4n vasta luettuasi valitsemasi k\u00e4ytt\u00f6turvallisuustiedotteen kokonaan.<\/p>\n<ul>\n<li><em><strong>Mineraalit\u00e4rp\u00e4tti: <\/strong><\/em><a href=\"http:\/\/www.kiilto.com\/attachments\/1\/1\/safety_notices\/MINERAALIT%C4RP%C4TTI%20%5BFIN%5D.PDF\" target=\"_blank\">http:\/\/www.kiilto.com\/attachments\/1\/1\/safety_notices\/MINERAALIT%C4RP%C4TTI%20%5BFIN%5D.PDF<\/a><\/li>\n<li><em><strong>Kiilto Kodin Klorite Natural -puhdistusaine: <\/strong><\/em><a href=\"http:\/\/www.kiiltoclean.fi\/images\/pdf\/ktt_kiilto_kodin_klorite_natural.pdf\" target=\"_blank\">http:\/\/www.kiiltoclean.fi\/images\/pdf\/ktt_kiilto_kodin_klorite_natural.pdf<\/a><\/li>\n<li><em><strong>Erisan k\u00e4sihuuhde: <\/strong><\/em><a href=\"http:\/\/www.kiiltoclean.fi\/images\/pdf\/ktt_erisan_kasihuuhde.pdf\" target=\"_blank\">http:\/\/www.kiiltoclean.fi\/images\/pdf\/ktt_erisan_kasihuuhde.pdf<\/a><\/li>\n<li><em><strong>Teboil Diamond eXtreme 10W-60 -moottori\u00f6ljy: <\/strong><\/em><a href=\"http:\/\/www.teboil.fi\/Global\/K\u00e4ytt\u00f6turvallisuustiedotteet\/Voiteluaineet\/Teboil%20Diamond%20eXtreme%2010W-60%20%5BFIN%5D.pdf\" target=\"_blank\">http:\/\/www.teboil.fi\/Global\/K%C3%A4ytt%C3%B6turvallisuustiedotteet\/Voiteluaineet\/Teboil%20Diamond%20eXtreme%2010W-60%20%5BFIN%5D.pdf<\/a><\/li>\n<li><em><strong>Lentopetroli (kerosiini): <\/strong><\/em><a href=\"http:\/\/www.re85.fi\/ci\/St1%20Jet-A%20lentopetroli.pdf\" target=\"_blank\">http:\/\/www.re85.fi\/ci\/St1%20Jet-A%20lentopetroli.pdf<\/a><\/li>\n<li><em><strong>Happi: <\/strong><\/em><a href=\"http:\/\/www.woikoski.fi\/sites\/default\/files\/FI%20Happi_0.pdf\" target=\"_blank\">http:\/\/www.woikoski.fi\/sites\/default\/files\/FI%20Happi_0.pdf<\/a><\/li>\n<li><em><strong>Tiomersaali (s\u00e4il\u00f6nt\u00e4aineena rokotteissa, ripsiv\u00e4reiss\u00e4, piilolinssinesteiss\u00e4): <\/strong><\/em><a href=\"https:\/\/www.applichem.com\/fileadmin\/datenblaetter\/A1278_fi_FI.pdf\" target=\"_blank\">https:\/\/www.applichem.com\/fileadmin\/datenblaetter\/A1278_fi_FI.pdf<\/a><\/li>\n<\/ul>\n<p>\u00a0<\/p>\n<p><strong>Luettuasi koko k\u00e4ytt\u00f6turvallisuustiedotteen t\u00e4yt\u00e4 oheinen tekstidokumentti<\/strong> (= vastaa siin\u00e4 esitettyihin kysymyksiin) <strong>ja palauta se Fronteriin VerkkoKEMIAn palautuskansioon.<\/strong><\/p>\n<p><strong>Linkki teht\u00e4v\u00e4\u00e4n:<\/strong> <a href=\"http:\/\/www.verkkovaria.fi\/yhteiset\/kemia\/wp-content\/uploads\/2015\/10\/Kayttoturvallisuus_tehtava.odt\" rel=\"\">Kayttoturvallisuus_tehtava<\/a><\/p>\n<p>\u00a0<\/p>\n<p><em><strong>Pst!<\/strong> Jos kiinnostuit k\u00e4ytt\u00f6turvallisuustiedotteista, l\u00f6yd\u00e4t niit\u00e4 lis\u00e4\u00e4 helposti t\u00e4\u00e4lt\u00e4 (pdf-muodossa): <\/em><a href=\"http:\/\/kayttoturvallisuustiedotteet.tamro.fi\/webktt\/frmTiedotteet.aspx\">http:\/\/kayttoturvallisuustiedotteet.tamro.fi\/webktt\/frmTiedotteet.aspx<\/a><\/p>\n<p><em>Huomaa kuitenkin tarkistaa tiedotteiden p\u00e4iv\u00e4ykset: ennen vuotta 2012 tehdyt eiv\u00e4t v\u00e4ltt\u00e4m\u00e4tt\u00e4 ole en\u00e4\u00e4 kaikin osin REACH-asetuksen mukaisia.<\/em><\/p>\n<h3>Kertaus: mit\u00e4 sinun tulee osata tehty\u00e4si t\u00e4m\u00e4n osion<\/h3>\n<ul>\n<li>Tunnistaa kaikki 9 varoitusmerkki\u00e4 ja tiet\u00e4\u00e4, mist\u00e4 ne varoittavat<\/li>\n<li>Osata s\u00e4ilytt\u00e4\u00e4 varoitusmerkein varustettuja kemikaaleja asianmukaisesti<\/li>\n<li>Osata etsi\u00e4 kemikaalin k\u00e4ytt\u00f6turvallisuustiedotteesta kulloinkin tarvittavat tiedot<\/li>\n<li>Tiet\u00e4\u00e4, mist\u00e4 voit l\u00f6yt\u00e4\u00e4 k\u00e4ytt\u00e4miesi kemikaalien k\u00e4ytt\u00f6turvallisuustiedotteet (jos suoritat kemiaa ty\u00f6ss\u00e4oppimisjaksolla, selvit\u00e4, miss\u00e4 harjoittelupaikassasi s\u00e4ilytet\u00e4\u00e4n k\u00e4ytettyjen kemikaalien k\u00e4ytt\u00f6turvallisuustiedotteita!)<\/li>\n<\/ul>\n","protected":false},"excerpt":{"rendered":"<p>T\u00e4m\u00e4n osion osaamistavoite on: varoitusmerkein varustettujen kemikaalien turvallinen k\u00e4sittely ja s\u00e4ilytys, k\u00e4ytt\u00f6turvallisuustiedotteen sis\u00e4ll\u00f6n ymm\u00e4rt\u00e4minen ja huomioon ottaminen omissa ty\u00f6teht\u00e4viss\u00e4 Alalla kuin alalla joudutaan tekemisiin erilaisten kemikaalien kanssa. Osa kemikaaleista on t\u00e4ysin vaarattomia, mutta osaa t\u00e4ytyy osata k\u00e4sitell\u00e4 oikein, jotta ei aiheuttaisi vaaraa itselleen eik\u00e4 ymp\u00e4rist\u00f6lleen. Kemikaalien myrkyllisyys tai muu vaarallisuus tulee merkit\u00e4 tuotteeseen varoitusmerkein. Kaikista &hellip; <a href=\"https:\/\/www.verkkovaria.fi\/yhteiset\/kemia\/?page_id=88\">Continued<\/a><\/p>\n","protected":false},"author":1,"featured_media":252,"parent":0,"menu_order":0,"comment_status":"closed","ping_status":"closed","template":"","meta":{"footnotes":"","_links_to":"","_links_to_target":""},"class_list":["post-88","page","type-page","status-publish","has-post-thumbnail","hentry"],"_links":{"self":[{"href":"https:\/\/www.verkkovaria.fi\/yhteiset\/kemia\/index.php?rest_route=\/wp\/v2\/pages\/88","targetHints":{"allow":["GET"]}}],"collection":[{"href":"https:\/\/www.verkkovaria.fi\/yhteiset\/kemia\/index.php?rest_route=\/wp\/v2\/pages"}],"about":[{"href":"https:\/\/www.verkkovaria.fi\/yhteiset\/kemia\/index.php?rest_route=\/wp\/v2\/types\/page"}],"author":[{"embeddable":true,"href":"https:\/\/www.verkkovaria.fi\/yhteiset\/kemia\/index.php?rest_route=\/wp\/v2\/users\/1"}],"replies":[{"embeddable":true,"href":"https:\/\/www.verkkovaria.fi\/yhteiset\/kemia\/index.php?rest_route=%2Fwp%2Fv2%2Fcomments&post=88"}],"version-history":[{"count":22,"href":"https:\/\/www.verkkovaria.fi\/yhteiset\/kemia\/index.php?rest_route=\/wp\/v2\/pages\/88\/revisions"}],"predecessor-version":[{"id":460,"href":"https:\/\/www.verkkovaria.fi\/yhteiset\/kemia\/index.php?rest_route=\/wp\/v2\/pages\/88\/revisions\/460"}],"wp:featuredmedia":[{"embeddable":true,"href":"https:\/\/www.verkkovaria.fi\/yhteiset\/kemia\/index.php?rest_route=\/wp\/v2\/media\/252"}],"wp:attachment":[{"href":"https:\/\/www.verkkovaria.fi\/yhteiset\/kemia\/index.php?rest_route=%2Fwp%2Fv2%2Fmedia&parent=88"}],"curies":[{"name":"wp","href":"https:\/\/api.w.org\/{rel}","templated":true}]}}