{"id":125,"date":"2015-10-02T10:31:39","date_gmt":"2015-10-02T10:31:39","guid":{"rendered":"http:\/\/www.verkkovaria.fi\/yhteiset\/kulttuurintuntemus_venaja\/?page_id=125"},"modified":"2016-07-05T11:36:34","modified_gmt":"2016-07-05T11:36:34","slug":"ohjeita-verkkokirjoittamiseen","status":"publish","type":"page","link":"https:\/\/www.verkkovaria.fi\/yhteiset\/kulttuurintuntemus_venaja\/?page_id=125","title":{"rendered":"Ohjeet verkko-opetukseen"},"content":{"rendered":"<p>Ven\u00e4j\u00e4n verkkototeutuksesta l\u00f6ytyv\u00e4t sis\u00e4ll\u00f6t Ven\u00e4j\u00e4 1: Ven\u00e4j\u00e4n kielen alkeet ja Ven\u00e4j\u00e4 2.\u00a0Ven\u00e4j\u00e4n kielen alkeet (vieraat kielet, B-kieli) kuuluvat Viestint\u00e4 ja vuorovaikutus -tutkinnon osaan.<\/p>\n<p>Verkkototeutuksen opiskelu on hyv\u00e4 aloittaa l\u00e4hitapaamisella, jossa sovitaan k\u00e4yt\u00e4nn\u00f6n asioista. Sovittavia asioita ovat ainakin:<\/p>\n<ul>\n<li>k\u00e4ytett\u00e4v\u00e4t oppimisalustat (teht\u00e4viss\u00e4 viitattu esim. Skypen k\u00e4ytt\u00f6\u00f6n, voidaan sopia toisinkin)<\/li>\n<li>k\u00e4ytett\u00e4v\u00e4 sosiaalisen median alusta<\/li>\n<li>teht\u00e4v\u00e4t ja niiden palautusten aikataulut\n<ul>\n<li>huom. osassa teht\u00e4vist\u00e4 ohjeistetaan tutustumaan ja opiskelemaan sanoja, opettaja voi sopia my\u00f6s kirjallisista-\/videotuotoksista, jotka palautetaan sovitulle oppimisalustalle<\/li>\n<\/ul>\n<\/li>\n<li>ohjaamiseen k\u00e4ytett\u00e4v\u00e4 sovellus (esim. Facebook-ryhm\u00e4, Whatsapp, s\u00e4hk\u00f6posti tms.) ja ohjaamisen aikataulut<\/li>\n<li>parit\u00f6it\u00e4 varten parien valinta<\/li>\n<li>Quizletin k\u00e4ytt\u00f6 ja tunnusten teko<\/li>\n<li>Ven\u00e4j\u00e4 2: teht\u00e4v\u00e4 2. tekotapa (Skype tms. vai video)<\/li>\n<\/ul>\n<p>&nbsp;<\/p>\n<p>Arviointia ja itsearviointia saattaa helpottaa l\u00e4hitapaaminen opiskelun lopuksi. T\u00e4m\u00e4n voi halutessaan hoitaa toisinkin.<\/p>\n","protected":false},"excerpt":{"rendered":"<p>Ven\u00e4j\u00e4n verkkototeutuksesta l\u00f6ytyv\u00e4t sis\u00e4ll\u00f6t Ven\u00e4j\u00e4 1: Ven\u00e4j\u00e4n kielen alkeet ja Ven\u00e4j\u00e4 2.\u00a0Ven\u00e4j\u00e4n kielen alkeet (vieraat kielet, B-kieli) kuuluvat Viestint\u00e4 ja vuorovaikutus -tutkinnon osaan. Verkkototeutuksen opiskelu on hyv\u00e4 aloittaa l\u00e4hitapaamisella, jossa sovitaan k\u00e4yt\u00e4nn\u00f6n asioista. Sovittavia asioita ovat ainakin: k\u00e4ytett\u00e4v\u00e4t oppimisalustat (teht\u00e4viss\u00e4 viitattu esim. Skypen k\u00e4ytt\u00f6\u00f6n, voidaan sopia toisinkin) k\u00e4ytett\u00e4v\u00e4 sosiaalisen median alusta teht\u00e4v\u00e4t ja niiden palautusten &hellip; <a href=\"https:\/\/www.verkkovaria.fi\/yhteiset\/kulttuurintuntemus_venaja\/?page_id=125\">Continued<\/a><\/p>\n","protected":false},"author":1,"featured_media":0,"parent":0,"menu_order":0,"comment_status":"closed","ping_status":"closed","template":"","meta":{"footnotes":"","_links_to":"","_links_to_target":""},"class_list":["post-125","page","type-page","status-publish","hentry"],"_links":{"self":[{"href":"https:\/\/www.verkkovaria.fi\/yhteiset\/kulttuurintuntemus_venaja\/index.php?rest_route=\/wp\/v2\/pages\/125","targetHints":{"allow":["GET"]}}],"collection":[{"href":"https:\/\/www.verkkovaria.fi\/yhteiset\/kulttuurintuntemus_venaja\/index.php?rest_route=\/wp\/v2\/pages"}],"about":[{"href":"https:\/\/www.verkkovaria.fi\/yhteiset\/kulttuurintuntemus_venaja\/index.php?rest_route=\/wp\/v2\/types\/page"}],"author":[{"embeddable":true,"href":"https:\/\/www.verkkovaria.fi\/yhteiset\/kulttuurintuntemus_venaja\/index.php?rest_route=\/wp\/v2\/users\/1"}],"replies":[{"embeddable":true,"href":"https:\/\/www.verkkovaria.fi\/yhteiset\/kulttuurintuntemus_venaja\/index.php?rest_route=%2Fwp%2Fv2%2Fcomments&post=125"}],"version-history":[{"count":7,"href":"https:\/\/www.verkkovaria.fi\/yhteiset\/kulttuurintuntemus_venaja\/index.php?rest_route=\/wp\/v2\/pages\/125\/revisions"}],"predecessor-version":[{"id":264,"href":"https:\/\/www.verkkovaria.fi\/yhteiset\/kulttuurintuntemus_venaja\/index.php?rest_route=\/wp\/v2\/pages\/125\/revisions\/264"}],"wp:attachment":[{"href":"https:\/\/www.verkkovaria.fi\/yhteiset\/kulttuurintuntemus_venaja\/index.php?rest_route=%2Fwp%2Fv2%2Fmedia&parent=125"}],"curies":[{"name":"wp","href":"https:\/\/api.w.org\/{rel}","templated":true}]}}