{"id":150,"date":"2015-10-13T07:17:50","date_gmt":"2015-10-13T07:17:50","guid":{"rendered":"http:\/\/www.verkkovaria.fi\/yhteiset\/kulttuurintuntemus_venaja\/?page_id=150"},"modified":"2016-03-30T07:56:25","modified_gmt":"2016-03-30T07:56:25","slug":"tehtava-2-venalainen-kulttuuri-ja-arki","status":"publish","type":"page","link":"https:\/\/www.verkkovaria.fi\/yhteiset\/kulttuurintuntemus_venaja\/?page_id=150","title":{"rendered":"Teht\u00e4v\u00e4 2: Ven\u00e4l\u00e4inen kulttuuri ja arki"},"content":{"rendered":"<p>Tavoitteena on perehty\u00e4 ven\u00e4l\u00e4iseen arkeen ja kulttuuriin. Tulevassa ty\u00f6ss\u00e4si saatat p\u00e4\u00e4st\u00e4 ty\u00f6matkalle Ven\u00e4j\u00e4lle. Sinun olisi hyv\u00e4 tiet\u00e4\u00e4 paikallisia tapoja ja tutustua ven\u00e4l\u00e4iseen arkeen. Toisaalta osasta aiheista on varmasti hy\u00f6ty\u00e4 my\u00f6s tulevassa ty\u00f6paikassasi asioidessasi ven\u00e4l\u00e4isten asiakkaiden tai ty\u00f6kavereiden kanssa.\u00a0<\/p>\n<p>Teht\u00e4v\u00e4n voi suorittaa kahdella eri tavalla. Voitte keskustella ryhm\u00e4n kesken Skypen v\u00e4lityksell\u00e4 ven\u00e4l\u00e4isest\u00e4 arjesta ja kulttuurista tai voitte\u00a0tehd\u00e4 omat sosiaalisen median alustalle palautettavat videot aiheesta. Suoritustapa valitaan opiskelun alussa.<\/p>\n<p>Valitsette sitten kumman tavan tahansa, teid\u00e4n tulee etsi\u00e4 vastaukset alla oleviin kysymyksiin. Voitte tuoda esille my\u00f6s omia kysymyksi\u00e4.<\/p>\n<p><strong>Tutustu kysymyksiin ja etsi niihin vastaukset:<\/strong><\/p>\n<ul>\n<li><em>Miten tervehdit vierasta ihmist\u00e4? Onko i\u00e4ll\u00e4 vaikutusta asiaan?<\/em><\/li>\n<li><em>Mist\u00e4 tied\u00e4t kuuluuko sinun teititell\u00e4 vai sinutella?<\/em><\/li>\n<li><em>Mik\u00e4 on is\u00e4nnimi?<\/em><\/li>\n<li><em>Millaista on ven\u00e4l\u00e4inen vieraanvaraisuus?<\/em><\/li>\n<li><em>Millaista on kulkeminen julkisilla kulkuneuvoilla? Mist\u00e4 ostat lippuja?<\/em><\/li>\n<li><em>Miten asiointi kaupassa saattaa poiketa suomalaisesta kaupassak\u00e4ynnist\u00e4.<\/em><\/li>\n<li><em>Miten eri liikkeet ovat auki? Voit etsi\u00e4 my\u00f6s t\u00e4rkeimm\u00e4t juhlap\u00e4iv\u00e4t, jolloin liikkeet ovat suljettuna.<\/em><\/li>\n<li><em>Millaisia ovat sukupuoliroolit?<\/em><\/li>\n<li><em>Mit\u00e4 kohteliaisuussanoja ja sanontoja sinun kannattaisi tiet\u00e4\u00e4 menness\u00e4si Ven\u00e4j\u00e4lle?<\/em><\/li>\n<li><em>Annetaanko Ven\u00e4j\u00e4ll\u00e4 tippi\u00e4 esim. ravintolassa?<\/em><\/li>\n<li><em>Mist\u00e4 aiheista on sopivaa jutella ven\u00e4l\u00e4isen kolleegan kanssa?<\/em><\/li>\n<\/ul>\n<p>\u00a0<\/p>\n<p>Mik\u00e4li p\u00e4\u00e4t\u00e4tte suorittaa teht\u00e4v\u00e4n Skypen v\u00e4lityksell\u00e4, niin sinun on annettava Skype-nimesi opettajalle ajoissa. Muista olla rauhallisessa paikassa keskustelun aikaan.<\/p>\n<p>Jos teette omat videot, niin k\u00e4yk\u00e4\u00e4 katsomassa ja kommentoimassa v\u00e4hint\u00e4\u00e4n kolmen muun opiskelijan videota sosiaalisen median alustalla. Kommentoi esim. eroja omaan videoon, mit\u00e4 hauskaa huomasit, mist\u00e4 olet eri mielt\u00e4\/samaa mielt\u00e4. Kommentoinnin tavoitteena on saada lis\u00e4\u00e4 tietoa aiheesta.<\/p>\n","protected":false},"excerpt":{"rendered":"<p>Tavoitteena on perehty\u00e4 ven\u00e4l\u00e4iseen arkeen ja kulttuuriin. Tulevassa ty\u00f6ss\u00e4si saatat p\u00e4\u00e4st\u00e4 ty\u00f6matkalle Ven\u00e4j\u00e4lle. Sinun olisi hyv\u00e4 tiet\u00e4\u00e4 paikallisia tapoja ja tutustua ven\u00e4l\u00e4iseen arkeen. Toisaalta osasta aiheista on varmasti hy\u00f6ty\u00e4 my\u00f6s tulevassa ty\u00f6paikassasi asioidessasi ven\u00e4l\u00e4isten asiakkaiden tai ty\u00f6kavereiden kanssa.\u00a0 Teht\u00e4v\u00e4n voi suorittaa kahdella eri tavalla. Voitte keskustella ryhm\u00e4n kesken Skypen v\u00e4lityksell\u00e4 ven\u00e4l\u00e4isest\u00e4 arjesta ja kulttuurista tai &hellip; <a href=\"https:\/\/www.verkkovaria.fi\/yhteiset\/kulttuurintuntemus_venaja\/?page_id=150\">Continued<\/a><\/p>\n","protected":false},"author":1,"featured_media":0,"parent":144,"menu_order":0,"comment_status":"closed","ping_status":"closed","template":"","meta":{"footnotes":"","_links_to":"","_links_to_target":""},"class_list":["post-150","page","type-page","status-publish","hentry"],"_links":{"self":[{"href":"https:\/\/www.verkkovaria.fi\/yhteiset\/kulttuurintuntemus_venaja\/index.php?rest_route=\/wp\/v2\/pages\/150","targetHints":{"allow":["GET"]}}],"collection":[{"href":"https:\/\/www.verkkovaria.fi\/yhteiset\/kulttuurintuntemus_venaja\/index.php?rest_route=\/wp\/v2\/pages"}],"about":[{"href":"https:\/\/www.verkkovaria.fi\/yhteiset\/kulttuurintuntemus_venaja\/index.php?rest_route=\/wp\/v2\/types\/page"}],"author":[{"embeddable":true,"href":"https:\/\/www.verkkovaria.fi\/yhteiset\/kulttuurintuntemus_venaja\/index.php?rest_route=\/wp\/v2\/users\/1"}],"replies":[{"embeddable":true,"href":"https:\/\/www.verkkovaria.fi\/yhteiset\/kulttuurintuntemus_venaja\/index.php?rest_route=%2Fwp%2Fv2%2Fcomments&post=150"}],"version-history":[{"count":6,"href":"https:\/\/www.verkkovaria.fi\/yhteiset\/kulttuurintuntemus_venaja\/index.php?rest_route=\/wp\/v2\/pages\/150\/revisions"}],"predecessor-version":[{"id":251,"href":"https:\/\/www.verkkovaria.fi\/yhteiset\/kulttuurintuntemus_venaja\/index.php?rest_route=\/wp\/v2\/pages\/150\/revisions\/251"}],"up":[{"embeddable":true,"href":"https:\/\/www.verkkovaria.fi\/yhteiset\/kulttuurintuntemus_venaja\/index.php?rest_route=\/wp\/v2\/pages\/144"}],"wp:attachment":[{"href":"https:\/\/www.verkkovaria.fi\/yhteiset\/kulttuurintuntemus_venaja\/index.php?rest_route=%2Fwp%2Fv2%2Fmedia&parent=150"}],"curies":[{"name":"wp","href":"https:\/\/api.w.org\/{rel}","templated":true}]}}