{"id":155,"date":"2015-10-13T07:19:14","date_gmt":"2015-10-13T07:19:14","guid":{"rendered":"http:\/\/www.verkkovaria.fi\/yhteiset\/kulttuurintuntemus_venaja\/?page_id=155"},"modified":"2016-03-30T08:04:28","modified_gmt":"2016-03-30T08:04:28","slug":"tehtava-4-tyohon-perehdyttaminen","status":"publish","type":"page","link":"https:\/\/www.verkkovaria.fi\/yhteiset\/kulttuurintuntemus_venaja\/?page_id=155","title":{"rendered":"Teht\u00e4v\u00e4 4: Ty\u00f6h\u00f6n perehdytt\u00e4minen"},"content":{"rendered":"<p>Nelj\u00e4nness\u00e4 teht\u00e4v\u00e4ss\u00e4 opettelemme sanastoa, jolla voit tarvittaessa perehdytt\u00e4\u00e4 ven\u00e4l\u00e4isen kollegan. Tutustumme perussanastoon, saat tehd\u00e4 itse sanaston ty\u00f6n mahdollisista riskeist\u00e4 ja vaaroista. Tavoitteena on oppia auttamaan ven\u00e4j\u00e4n kielt\u00e4 puhuvaa kollegaa ty\u00f6paikalla ja oppia lis\u00e4\u00e4 omaan alaan liittyv\u00e4\u00e4 sanastoa.<\/p>\n<p>1) Tutustu ensin perussanastoon ja opettele sielt\u00e4 sinulle t\u00e4rke\u00e4t sanat sek\u00e4 sanonnat.<\/p>\n<p><a href=\"http:\/\/www.projectglossary.eu\/download\/verkko-opetuksen_sanasto.pdf\" target=\"_blank\">SUOMALAIS-VEN\u00c4L\u00c4INEN VERKKO-OPETUKSEN JA AMMATILLISEN KOULUTUKSEN SANASTO<\/a><\/p>\n<p><a href=\"http:\/\/mamu.pkky.fi\/Ammat_sanastot.htm#Ammatillisia_sanastoja\" target=\"_blank\">Ammatillisia sanastoja\/Pohjois-Karjalan aikuisopisto<\/a><\/p>\n<p>2) Tee oma sanasto ty\u00f6si mahdollisista riskeist\u00e4 ja vaaroista Quizletiin. K\u00e4yt\u00e4 luotettavia nettisanakirjoja. Tarkista vastaavuus googlen kuvahaulla. Jaa listasi sosiaalisen median alustalle. Katso muiden listat ja t\u00e4ydenn\u00e4 omaasi uusia sanoja.<\/p>\n<p>\u00a0<\/p>\n","protected":false},"excerpt":{"rendered":"<p>Nelj\u00e4nness\u00e4 teht\u00e4v\u00e4ss\u00e4 opettelemme sanastoa, jolla voit tarvittaessa perehdytt\u00e4\u00e4 ven\u00e4l\u00e4isen kollegan. Tutustumme perussanastoon, saat tehd\u00e4 itse sanaston ty\u00f6n mahdollisista riskeist\u00e4 ja vaaroista. Tavoitteena on oppia auttamaan ven\u00e4j\u00e4n kielt\u00e4 puhuvaa kollegaa ty\u00f6paikalla ja oppia lis\u00e4\u00e4 omaan alaan liittyv\u00e4\u00e4 sanastoa. 1) Tutustu ensin perussanastoon ja opettele sielt\u00e4 sinulle t\u00e4rke\u00e4t sanat sek\u00e4 sanonnat. SUOMALAIS-VEN\u00c4L\u00c4INEN VERKKO-OPETUKSEN JA AMMATILLISEN KOULUTUKSEN SANASTO &hellip; <a href=\"https:\/\/www.verkkovaria.fi\/yhteiset\/kulttuurintuntemus_venaja\/?page_id=155\">Continued<\/a><\/p>\n","protected":false},"author":1,"featured_media":0,"parent":144,"menu_order":0,"comment_status":"closed","ping_status":"closed","template":"","meta":{"footnotes":"","_links_to":"","_links_to_target":""},"class_list":["post-155","page","type-page","status-publish","hentry"],"_links":{"self":[{"href":"https:\/\/www.verkkovaria.fi\/yhteiset\/kulttuurintuntemus_venaja\/index.php?rest_route=\/wp\/v2\/pages\/155","targetHints":{"allow":["GET"]}}],"collection":[{"href":"https:\/\/www.verkkovaria.fi\/yhteiset\/kulttuurintuntemus_venaja\/index.php?rest_route=\/wp\/v2\/pages"}],"about":[{"href":"https:\/\/www.verkkovaria.fi\/yhteiset\/kulttuurintuntemus_venaja\/index.php?rest_route=\/wp\/v2\/types\/page"}],"author":[{"embeddable":true,"href":"https:\/\/www.verkkovaria.fi\/yhteiset\/kulttuurintuntemus_venaja\/index.php?rest_route=\/wp\/v2\/users\/1"}],"replies":[{"embeddable":true,"href":"https:\/\/www.verkkovaria.fi\/yhteiset\/kulttuurintuntemus_venaja\/index.php?rest_route=%2Fwp%2Fv2%2Fcomments&post=155"}],"version-history":[{"count":9,"href":"https:\/\/www.verkkovaria.fi\/yhteiset\/kulttuurintuntemus_venaja\/index.php?rest_route=\/wp\/v2\/pages\/155\/revisions"}],"predecessor-version":[{"id":253,"href":"https:\/\/www.verkkovaria.fi\/yhteiset\/kulttuurintuntemus_venaja\/index.php?rest_route=\/wp\/v2\/pages\/155\/revisions\/253"}],"up":[{"embeddable":true,"href":"https:\/\/www.verkkovaria.fi\/yhteiset\/kulttuurintuntemus_venaja\/index.php?rest_route=\/wp\/v2\/pages\/144"}],"wp:attachment":[{"href":"https:\/\/www.verkkovaria.fi\/yhteiset\/kulttuurintuntemus_venaja\/index.php?rest_route=%2Fwp%2Fv2%2Fmedia&parent=155"}],"curies":[{"name":"wp","href":"https:\/\/api.w.org\/{rel}","templated":true}]}}