{"id":157,"date":"2015-10-13T08:27:49","date_gmt":"2015-10-13T08:27:49","guid":{"rendered":"http:\/\/www.verkkovaria.fi\/yhteiset\/kulttuurintuntemus_venaja\/?page_id=157"},"modified":"2016-07-05T11:34:59","modified_gmt":"2016-07-05T11:34:59","slug":"tehtava-5-oman-alan-tyosanaston-laajentaminen","status":"publish","type":"page","link":"https:\/\/www.verkkovaria.fi\/yhteiset\/kulttuurintuntemus_venaja\/?page_id=157","title":{"rendered":"Teht\u00e4v\u00e4 5: Oman alan ty\u00f6sanaston laajentaminen"},"content":{"rendered":"<p>Viidenness\u00e4 teht\u00e4v\u00e4ss\u00e4 on tavoitteena syvent\u00e4\u00e4 oman alan ty\u00f6sanaston osaamista. Ven\u00e4j\u00e4 1: Ven\u00e4j\u00e4n kielen alkeet -verkkototeutuksen viimeisess\u00e4 teht\u00e4v\u00e4ss\u00e4 teit itsellesi listan t\u00e4rkeist\u00e4 sanoista, joita saatat tarvita tulevassa ty\u00f6paikassasi. K\u00e4yt\u00e4 t\u00e4t\u00e4 sanastoa pohjana teht\u00e4v\u00e4ss\u00e4.<\/p>\n<ol>\n<li>Pohdi tarkkaan oman ty\u00f6si eri osa-alueita ja niiss\u00e4 tarvittavaa sanastoa. Mieti pit\u00e4isik\u00f6 sinun kenties tiet\u00e4\u00e4 esimerkiksi erilaisten ty\u00f6v\u00e4lineiden tai l\u00e4\u00e4kkeiden nimi\u00e4. Kampaajana voisit ker\u00e4t\u00e4 eri hiusmallien nimet. Rakennusalalla voisit etsi\u00e4 eri ty\u00f6vaiheiden nimi\u00e4. Matkailualan opiskelijat voisivat ker\u00e4t\u00e4 Suomen eri matkailupaikkoihin tai n\u00e4ht\u00e4vyyksiin liittyv\u00e4\u00e4 sanastoa. N\u00e4m\u00e4 kaikki ovat vain esimerkkej\u00e4 ja voit tehd\u00e4 juuri sellaisen sanaston, jonka koet tarpeelliseksi itsellesi.<\/li>\n<li>Ker\u00e4\u00e4 v\u00e4hint\u00e4\u00e4n 30 uutta sanaa tai sanontaa ja t\u00e4ydenn\u00e4 listaasi Quizletiss\u00e4. Voit my\u00f6s luoda uuden listan. \u00a0Voit tarkistaa sanan vastaavuuden k\u00e4ytt\u00e4m\u00e4ll\u00e4 googlen kuvahakua.<\/li>\n<li>Laita listastasi linkki sosiaalisen median alustalle ja kommentoi v\u00e4hint\u00e4\u00e4n nelj\u00e4n opiskelijan listoja.\u00a0Kommentoi esim. eroja omaan listaan, mit\u00e4 hauskaa huomasit, opitko uusia itsellesi t\u00e4rkeit\u00e4 sanoja. Kommentoinnin tavoitteena on saada lis\u00e4\u00e4 tietoa aiheesta.<\/li>\n<li>Lis\u00e4\u00e4 viel\u00e4 lopuksi listaasi sanoja (joita sinulla ei viel\u00e4 ole) toisten opiskelijoiden listoilta.<\/li>\n<\/ol>\n<p>K\u00e4yt\u00e4 netin sanakirjoja harkiten. Hyv\u00e4ksi todettu on esimerkiksi\u00a0<a href=\"http:\/\/www.sanakirja.org\/\" target=\"_blank\">sanakirja.org<\/a>. Mik\u00e4li haluat k\u00e4ytt\u00e4\u00e4 Google Translatea, tarkista aina sanojen vastaavuus Googlen kuvahausta. Voit k\u00e4ytt\u00e4\u00e4 my\u00f6s edellisen teht\u00e4v\u00e4n sanastoja.<\/p>\n","protected":false},"excerpt":{"rendered":"<p>Viidenness\u00e4 teht\u00e4v\u00e4ss\u00e4 on tavoitteena syvent\u00e4\u00e4 oman alan ty\u00f6sanaston osaamista. Ven\u00e4j\u00e4 1: Ven\u00e4j\u00e4n kielen alkeet -verkkototeutuksen viimeisess\u00e4 teht\u00e4v\u00e4ss\u00e4 teit itsellesi listan t\u00e4rkeist\u00e4 sanoista, joita saatat tarvita tulevassa ty\u00f6paikassasi. K\u00e4yt\u00e4 t\u00e4t\u00e4 sanastoa pohjana teht\u00e4v\u00e4ss\u00e4. Pohdi tarkkaan oman ty\u00f6si eri osa-alueita ja niiss\u00e4 tarvittavaa sanastoa. Mieti pit\u00e4isik\u00f6 sinun kenties tiet\u00e4\u00e4 esimerkiksi erilaisten ty\u00f6v\u00e4lineiden tai l\u00e4\u00e4kkeiden nimi\u00e4. Kampaajana voisit &hellip; <a href=\"https:\/\/www.verkkovaria.fi\/yhteiset\/kulttuurintuntemus_venaja\/?page_id=157\">Continued<\/a><\/p>\n","protected":false},"author":1,"featured_media":0,"parent":144,"menu_order":0,"comment_status":"closed","ping_status":"closed","template":"","meta":{"footnotes":"","_links_to":"","_links_to_target":""},"class_list":["post-157","page","type-page","status-publish","hentry"],"_links":{"self":[{"href":"https:\/\/www.verkkovaria.fi\/yhteiset\/kulttuurintuntemus_venaja\/index.php?rest_route=\/wp\/v2\/pages\/157","targetHints":{"allow":["GET"]}}],"collection":[{"href":"https:\/\/www.verkkovaria.fi\/yhteiset\/kulttuurintuntemus_venaja\/index.php?rest_route=\/wp\/v2\/pages"}],"about":[{"href":"https:\/\/www.verkkovaria.fi\/yhteiset\/kulttuurintuntemus_venaja\/index.php?rest_route=\/wp\/v2\/types\/page"}],"author":[{"embeddable":true,"href":"https:\/\/www.verkkovaria.fi\/yhteiset\/kulttuurintuntemus_venaja\/index.php?rest_route=\/wp\/v2\/users\/1"}],"replies":[{"embeddable":true,"href":"https:\/\/www.verkkovaria.fi\/yhteiset\/kulttuurintuntemus_venaja\/index.php?rest_route=%2Fwp%2Fv2%2Fcomments&post=157"}],"version-history":[{"count":9,"href":"https:\/\/www.verkkovaria.fi\/yhteiset\/kulttuurintuntemus_venaja\/index.php?rest_route=\/wp\/v2\/pages\/157\/revisions"}],"predecessor-version":[{"id":263,"href":"https:\/\/www.verkkovaria.fi\/yhteiset\/kulttuurintuntemus_venaja\/index.php?rest_route=\/wp\/v2\/pages\/157\/revisions\/263"}],"up":[{"embeddable":true,"href":"https:\/\/www.verkkovaria.fi\/yhteiset\/kulttuurintuntemus_venaja\/index.php?rest_route=\/wp\/v2\/pages\/144"}],"wp:attachment":[{"href":"https:\/\/www.verkkovaria.fi\/yhteiset\/kulttuurintuntemus_venaja\/index.php?rest_route=%2Fwp%2Fv2%2Fmedia&parent=157"}],"curies":[{"name":"wp","href":"https:\/\/api.w.org\/{rel}","templated":true}]}}