{"id":216,"date":"2016-03-16T11:42:22","date_gmt":"2016-03-16T11:42:22","guid":{"rendered":"http:\/\/www.verkkovaria.fi\/yhteiset\/kulttuurintuntemus_venaja\/?page_id=216"},"modified":"2016-07-05T11:27:57","modified_gmt":"2016-07-05T11:27:57","slug":"opiskeluprosessi","status":"publish","type":"page","link":"https:\/\/www.verkkovaria.fi\/yhteiset\/kulttuurintuntemus_venaja\/?page_id=216","title":{"rendered":"Opiskeluprosessi"},"content":{"rendered":"<p>Halutessasi opiskella Ven\u00e4j\u00e4n kielen alkeita ota yhteys ryhm\u00e4nohjaajaan tai opinto-ohjaajaan.<\/p>\n<p>T\u00e4ss\u00e4 verkkototeutuksessa voit opiskella Ven\u00e4j\u00e4n kielen alkeita ja t\u00f6iss\u00e4 tarvittavaa ven\u00e4j\u00e4n sanastoa. Tutustut my\u00f6s Ven\u00e4j\u00e4\u00e4n ja maan kulttuuriin ja arkeen.\u00a0<\/p>\n<p>Teht\u00e4v\u00e4t l\u00f6ytyv\u00e4t Opiskelijalle-alasvetovalikosta.<\/p>\n","protected":false},"excerpt":{"rendered":"<p>Halutessasi opiskella Ven\u00e4j\u00e4n kielen alkeita ota yhteys ryhm\u00e4nohjaajaan tai opinto-ohjaajaan. T\u00e4ss\u00e4 verkkototeutuksessa voit opiskella Ven\u00e4j\u00e4n kielen alkeita ja t\u00f6iss\u00e4 tarvittavaa ven\u00e4j\u00e4n sanastoa. Tutustut my\u00f6s Ven\u00e4j\u00e4\u00e4n ja maan kulttuuriin ja arkeen.\u00a0 Teht\u00e4v\u00e4t l\u00f6ytyv\u00e4t Opiskelijalle-alasvetovalikosta.<\/p>\n","protected":false},"author":1,"featured_media":0,"parent":0,"menu_order":0,"comment_status":"closed","ping_status":"closed","template":"","meta":{"footnotes":"","_links_to":"","_links_to_target":""},"class_list":["post-216","page","type-page","status-publish","hentry"],"_links":{"self":[{"href":"https:\/\/www.verkkovaria.fi\/yhteiset\/kulttuurintuntemus_venaja\/index.php?rest_route=\/wp\/v2\/pages\/216","targetHints":{"allow":["GET"]}}],"collection":[{"href":"https:\/\/www.verkkovaria.fi\/yhteiset\/kulttuurintuntemus_venaja\/index.php?rest_route=\/wp\/v2\/pages"}],"about":[{"href":"https:\/\/www.verkkovaria.fi\/yhteiset\/kulttuurintuntemus_venaja\/index.php?rest_route=\/wp\/v2\/types\/page"}],"author":[{"embeddable":true,"href":"https:\/\/www.verkkovaria.fi\/yhteiset\/kulttuurintuntemus_venaja\/index.php?rest_route=\/wp\/v2\/users\/1"}],"replies":[{"embeddable":true,"href":"https:\/\/www.verkkovaria.fi\/yhteiset\/kulttuurintuntemus_venaja\/index.php?rest_route=%2Fwp%2Fv2%2Fcomments&post=216"}],"version-history":[{"count":5,"href":"https:\/\/www.verkkovaria.fi\/yhteiset\/kulttuurintuntemus_venaja\/index.php?rest_route=\/wp\/v2\/pages\/216\/revisions"}],"predecessor-version":[{"id":260,"href":"https:\/\/www.verkkovaria.fi\/yhteiset\/kulttuurintuntemus_venaja\/index.php?rest_route=\/wp\/v2\/pages\/216\/revisions\/260"}],"wp:attachment":[{"href":"https:\/\/www.verkkovaria.fi\/yhteiset\/kulttuurintuntemus_venaja\/index.php?rest_route=%2Fwp%2Fv2%2Fmedia&parent=216"}],"curies":[{"name":"wp","href":"https:\/\/api.w.org\/{rel}","templated":true}]}}