{"id":219,"date":"2016-03-16T11:42:35","date_gmt":"2016-03-16T11:42:35","guid":{"rendered":"http:\/\/www.verkkovaria.fi\/yhteiset\/kulttuurintuntemus_venaja\/?page_id=219"},"modified":"2016-07-05T11:28:42","modified_gmt":"2016-07-05T11:28:42","slug":"arviointi","status":"publish","type":"page","link":"https:\/\/www.verkkovaria.fi\/yhteiset\/kulttuurintuntemus_venaja\/?page_id=219","title":{"rendered":"Arviointi"},"content":{"rendered":"<p>Ven\u00e4j\u00e4n kielen alkeet (vieraat kielet, B-kieli) kuuluu Viestint\u00e4 ja vuorovaikutus -tutkinnon osaan. Tutkinnon osan osaamistavoitteet ja arviointikriteerit l\u00f6ytyv\u00e4t Opintopolusta: <a href=\"https:\/\/eperusteet.opintopolku.fi\/#\/fi\/esitys\/612\/ops\/tutkinnonosat\/7445\" target=\"_blank\">ePerusteet, Viestint\u00e4 ja vuorovaikutusosaaminen<\/a><\/p>\n<p>Osaamistavoitteiden mukaan opiskelija:<\/p>\n<ul>\n<li>osaa viesti\u00e4 vieraalla kielell\u00e4 ty\u00f6el\u00e4m\u00e4n tilanteissa<\/li>\n<li>osaa toimia erilaisissa vuorovaikutustilanteissa vieraalla kielell\u00e4<\/li>\n<li>osaa kirjoittaa alaan liittyvi\u00e4 tekstej\u00e4 vieraalla kielell\u00e4<\/li>\n<li>osaa tunnistaa kielen ja kulttuurin merkityksen<\/li>\n<li>osaa kehitt\u00e4\u00e4 kielen oppimisen strategioitansa ja oppimistapojaan.<\/li>\n<\/ul>\n<p>Ven\u00e4j\u00e4n opinnot arvioidaan arvosanalla 1-3.<\/p>\n","protected":false},"excerpt":{"rendered":"<p>Ven\u00e4j\u00e4n kielen alkeet (vieraat kielet, B-kieli) kuuluu Viestint\u00e4 ja vuorovaikutus -tutkinnon osaan. Tutkinnon osan osaamistavoitteet ja arviointikriteerit l\u00f6ytyv\u00e4t Opintopolusta: ePerusteet, Viestint\u00e4 ja vuorovaikutusosaaminen Osaamistavoitteiden mukaan opiskelija: osaa viesti\u00e4 vieraalla kielell\u00e4 ty\u00f6el\u00e4m\u00e4n tilanteissa osaa toimia erilaisissa vuorovaikutustilanteissa vieraalla kielell\u00e4 osaa kirjoittaa alaan liittyvi\u00e4 tekstej\u00e4 vieraalla kielell\u00e4 osaa tunnistaa kielen ja kulttuurin merkityksen osaa kehitt\u00e4\u00e4 kielen oppimisen &hellip; <a href=\"https:\/\/www.verkkovaria.fi\/yhteiset\/kulttuurintuntemus_venaja\/?page_id=219\">Continued<\/a><\/p>\n","protected":false},"author":1,"featured_media":0,"parent":0,"menu_order":0,"comment_status":"closed","ping_status":"closed","template":"","meta":{"footnotes":"","_links_to":"","_links_to_target":""},"class_list":["post-219","page","type-page","status-publish","hentry"],"_links":{"self":[{"href":"https:\/\/www.verkkovaria.fi\/yhteiset\/kulttuurintuntemus_venaja\/index.php?rest_route=\/wp\/v2\/pages\/219","targetHints":{"allow":["GET"]}}],"collection":[{"href":"https:\/\/www.verkkovaria.fi\/yhteiset\/kulttuurintuntemus_venaja\/index.php?rest_route=\/wp\/v2\/pages"}],"about":[{"href":"https:\/\/www.verkkovaria.fi\/yhteiset\/kulttuurintuntemus_venaja\/index.php?rest_route=\/wp\/v2\/types\/page"}],"author":[{"embeddable":true,"href":"https:\/\/www.verkkovaria.fi\/yhteiset\/kulttuurintuntemus_venaja\/index.php?rest_route=\/wp\/v2\/users\/1"}],"replies":[{"embeddable":true,"href":"https:\/\/www.verkkovaria.fi\/yhteiset\/kulttuurintuntemus_venaja\/index.php?rest_route=%2Fwp%2Fv2%2Fcomments&post=219"}],"version-history":[{"count":6,"href":"https:\/\/www.verkkovaria.fi\/yhteiset\/kulttuurintuntemus_venaja\/index.php?rest_route=\/wp\/v2\/pages\/219\/revisions"}],"predecessor-version":[{"id":261,"href":"https:\/\/www.verkkovaria.fi\/yhteiset\/kulttuurintuntemus_venaja\/index.php?rest_route=\/wp\/v2\/pages\/219\/revisions\/261"}],"wp:attachment":[{"href":"https:\/\/www.verkkovaria.fi\/yhteiset\/kulttuurintuntemus_venaja\/index.php?rest_route=%2Fwp%2Fv2%2Fmedia&parent=219"}],"curies":[{"name":"wp","href":"https:\/\/api.w.org\/{rel}","templated":true}]}}