{"id":24,"date":"2015-09-14T07:38:20","date_gmt":"2015-09-14T07:38:20","guid":{"rendered":"http:\/\/www.verkkovaria.fi\/yhteiset\/kulttuurintuntemus_venaja\/?page_id=24"},"modified":"2016-03-30T07:25:50","modified_gmt":"2016-03-30T07:25:50","slug":"tehtava-1-aakkoset","status":"publish","type":"page","link":"https:\/\/www.verkkovaria.fi\/yhteiset\/kulttuurintuntemus_venaja\/?page_id=24","title":{"rendered":"Teht\u00e4v\u00e4 1: Aakkoset"},"content":{"rendered":"<p>Ensimm\u00e4isess\u00e4 teht\u00e4v\u00e4ss\u00e4 tutustumme kyrillisiin aakkosiin. Alussa ne voivat tuntua vaikeilta, mutta tekem\u00e4ll\u00e4 teht\u00e4vi\u00e4 ja harjoittelemalla opit aakkoset\u00a0muutamassa viikossa.<\/p>\n<p>K\u00e4y tutustumassa aakkosiin seuraavassa linkiss\u00e4:\u00a0<a href=\"http:\/\/www03.edu.fi\/oppimateriaalit\/venalaiset_aakkoset\/\" target=\"_blank\">Edu.fi: Aakkoset 1<\/a><\/p>\n<p>Harjoittele sivulla kirjainten \u00e4\u00e4nt\u00e4mist\u00e4 ja pelaa sen j\u00e4lkeen sivulla olevaa peli\u00e4.<\/p>\n<p>Katso my\u00f6s seuraavasta linkist\u00e4 mit\u00e4 kirjainta tai kirjainsarjaa kirjaimet vastaavat suomen kieless\u00e4:\u00a0<a href=\"https:\/\/quizlet.com\/91831085\/aakkoset-seka-translitterointi-suomeksi-flash-cards\/\" target=\"_blank\">Quizlet: Aakkoset 2<\/a><\/p>\n<p>Nyt olet tutustunut aakkosiin!<\/p>\n<p>\u00a0<\/p>\n","protected":false},"excerpt":{"rendered":"<p>Ensimm\u00e4isess\u00e4 teht\u00e4v\u00e4ss\u00e4 tutustumme kyrillisiin aakkosiin. Alussa ne voivat tuntua vaikeilta, mutta tekem\u00e4ll\u00e4 teht\u00e4vi\u00e4 ja harjoittelemalla opit aakkoset\u00a0muutamassa viikossa. K\u00e4y tutustumassa aakkosiin seuraavassa linkiss\u00e4:\u00a0Edu.fi: Aakkoset 1 Harjoittele sivulla kirjainten \u00e4\u00e4nt\u00e4mist\u00e4 ja pelaa sen j\u00e4lkeen sivulla olevaa peli\u00e4. Katso my\u00f6s seuraavasta linkist\u00e4 mit\u00e4 kirjainta tai kirjainsarjaa kirjaimet vastaavat suomen kieless\u00e4:\u00a0Quizlet: Aakkoset 2 Nyt olet tutustunut aakkosiin! \u00a0<\/p>\n","protected":false},"author":1,"featured_media":175,"parent":15,"menu_order":0,"comment_status":"closed","ping_status":"closed","template":"","meta":{"footnotes":"","_links_to":"","_links_to_target":""},"class_list":["post-24","page","type-page","status-publish","has-post-thumbnail","hentry"],"_links":{"self":[{"href":"https:\/\/www.verkkovaria.fi\/yhteiset\/kulttuurintuntemus_venaja\/index.php?rest_route=\/wp\/v2\/pages\/24","targetHints":{"allow":["GET"]}}],"collection":[{"href":"https:\/\/www.verkkovaria.fi\/yhteiset\/kulttuurintuntemus_venaja\/index.php?rest_route=\/wp\/v2\/pages"}],"about":[{"href":"https:\/\/www.verkkovaria.fi\/yhteiset\/kulttuurintuntemus_venaja\/index.php?rest_route=\/wp\/v2\/types\/page"}],"author":[{"embeddable":true,"href":"https:\/\/www.verkkovaria.fi\/yhteiset\/kulttuurintuntemus_venaja\/index.php?rest_route=\/wp\/v2\/users\/1"}],"replies":[{"embeddable":true,"href":"https:\/\/www.verkkovaria.fi\/yhteiset\/kulttuurintuntemus_venaja\/index.php?rest_route=%2Fwp%2Fv2%2Fcomments&post=24"}],"version-history":[{"count":5,"href":"https:\/\/www.verkkovaria.fi\/yhteiset\/kulttuurintuntemus_venaja\/index.php?rest_route=\/wp\/v2\/pages\/24\/revisions"}],"predecessor-version":[{"id":244,"href":"https:\/\/www.verkkovaria.fi\/yhteiset\/kulttuurintuntemus_venaja\/index.php?rest_route=\/wp\/v2\/pages\/24\/revisions\/244"}],"up":[{"embeddable":true,"href":"https:\/\/www.verkkovaria.fi\/yhteiset\/kulttuurintuntemus_venaja\/index.php?rest_route=\/wp\/v2\/pages\/15"}],"wp:featuredmedia":[{"embeddable":true,"href":"https:\/\/www.verkkovaria.fi\/yhteiset\/kulttuurintuntemus_venaja\/index.php?rest_route=\/wp\/v2\/media\/175"}],"wp:attachment":[{"href":"https:\/\/www.verkkovaria.fi\/yhteiset\/kulttuurintuntemus_venaja\/index.php?rest_route=%2Fwp%2Fv2%2Fmedia&parent=24"}],"curies":[{"name":"wp","href":"https:\/\/api.w.org\/{rel}","templated":true}]}}