{"id":35,"date":"2015-09-14T11:39:07","date_gmt":"2015-09-14T11:39:07","guid":{"rendered":"http:\/\/www.verkkovaria.fi\/yhteiset\/kulttuurintuntemus_venaja\/?page_id=35"},"modified":"2016-07-05T11:30:21","modified_gmt":"2016-07-05T11:30:21","slug":"tehtava-4-arkipaivan-tilanteet","status":"publish","type":"page","link":"https:\/\/www.verkkovaria.fi\/yhteiset\/kulttuurintuntemus_venaja\/?page_id=35","title":{"rendered":"Teht\u00e4v\u00e4 4: Arkip\u00e4iv\u00e4n tilanteet"},"content":{"rendered":"<p>Nelj\u00e4nness\u00e4 teht\u00e4v\u00e4ss\u00e4 opit arkip\u00e4iv\u00e4n kielitaitoa, kuten asioimaan kaupassa tai ravintolassa ja opastamaan tai kysym\u00e4\u00e4n neuvoa liikkuessasi kaupungilla.<\/p>\n<p>Tutustu teht\u00e4viin ja opettele sanasto. Harjoittele sen j\u00e4lkeen muiden opiskelijoiden\u00a0kanssa esimerkiksi Skypen v\u00e4lityksell\u00e4. Tavoitteena on oppia selviytym\u00e4\u00e4n kaupassa, tilaamaan kahvilassa, neuvomaan turisti perille sek\u00e4 tilaamaan matkalippu ven\u00e4j\u00e4ksi. N\u00e4it\u00e4 tilanteita on hyv\u00e4 harjoitella yhdess\u00e4, joten el\u00e4ytyk\u00e4\u00e4 tilanteisiin, joissa toinen on myyj\u00e4\/tarjoilija\/turisti ja toinen asiakas. Kaikki tilanteet on k\u00e4yt\u00e4v\u00e4 l\u00e4pi.<\/p>\n<p>Tehk\u00e4\u00e4 lopuksi\u00a0video jostain tilanteesta, jota olette harjoitelleet. Videon kesto on n. 1 minuutti. Tilanteena voi olla esimerkiksi lipun ostaminen tai turistin neuvominen esimerkiksi Tikkurilan asemalta Helsinkiin tai muuhun kohteeseen.<\/p>\n<p>Harjoitukset Quizletissa:<\/p>\n<ul>\n<li><a href=\"https:\/\/quizlet.com\/_1iodpy\" target=\"_blank\">Kaupassa<\/a><\/li>\n<li><a href=\"https:\/\/quizlet.com\/_1ioewo\" target=\"_blank\">Kahvilassa<\/a><\/li>\n<li><a href=\"https:\/\/quizlet.com\/_1ioffp\" target=\"_blank\">Suunnan kysyminen<\/a><\/li>\n<li><a href=\"https:\/\/quizlet.com\/_1iog40\" target=\"_blank\">Matkustaminen<\/a><\/li>\n<\/ul>\n","protected":false},"excerpt":{"rendered":"<p>Nelj\u00e4nness\u00e4 teht\u00e4v\u00e4ss\u00e4 opit arkip\u00e4iv\u00e4n kielitaitoa, kuten asioimaan kaupassa tai ravintolassa ja opastamaan tai kysym\u00e4\u00e4n neuvoa liikkuessasi kaupungilla. Tutustu teht\u00e4viin ja opettele sanasto. Harjoittele sen j\u00e4lkeen muiden opiskelijoiden\u00a0kanssa esimerkiksi Skypen v\u00e4lityksell\u00e4. Tavoitteena on oppia selviytym\u00e4\u00e4n kaupassa, tilaamaan kahvilassa, neuvomaan turisti perille sek\u00e4 tilaamaan matkalippu ven\u00e4j\u00e4ksi. N\u00e4it\u00e4 tilanteita on hyv\u00e4 harjoitella yhdess\u00e4, joten el\u00e4ytyk\u00e4\u00e4 tilanteisiin, joissa toinen &hellip; <a href=\"https:\/\/www.verkkovaria.fi\/yhteiset\/kulttuurintuntemus_venaja\/?page_id=35\">Continued<\/a><\/p>\n","protected":false},"author":1,"featured_media":176,"parent":15,"menu_order":0,"comment_status":"closed","ping_status":"closed","template":"","meta":{"footnotes":"","_links_to":"","_links_to_target":""},"class_list":["post-35","page","type-page","status-publish","has-post-thumbnail","hentry"],"_links":{"self":[{"href":"https:\/\/www.verkkovaria.fi\/yhteiset\/kulttuurintuntemus_venaja\/index.php?rest_route=\/wp\/v2\/pages\/35","targetHints":{"allow":["GET"]}}],"collection":[{"href":"https:\/\/www.verkkovaria.fi\/yhteiset\/kulttuurintuntemus_venaja\/index.php?rest_route=\/wp\/v2\/pages"}],"about":[{"href":"https:\/\/www.verkkovaria.fi\/yhteiset\/kulttuurintuntemus_venaja\/index.php?rest_route=\/wp\/v2\/types\/page"}],"author":[{"embeddable":true,"href":"https:\/\/www.verkkovaria.fi\/yhteiset\/kulttuurintuntemus_venaja\/index.php?rest_route=\/wp\/v2\/users\/1"}],"replies":[{"embeddable":true,"href":"https:\/\/www.verkkovaria.fi\/yhteiset\/kulttuurintuntemus_venaja\/index.php?rest_route=%2Fwp%2Fv2%2Fcomments&post=35"}],"version-history":[{"count":6,"href":"https:\/\/www.verkkovaria.fi\/yhteiset\/kulttuurintuntemus_venaja\/index.php?rest_route=\/wp\/v2\/pages\/35\/revisions"}],"predecessor-version":[{"id":262,"href":"https:\/\/www.verkkovaria.fi\/yhteiset\/kulttuurintuntemus_venaja\/index.php?rest_route=\/wp\/v2\/pages\/35\/revisions\/262"}],"up":[{"embeddable":true,"href":"https:\/\/www.verkkovaria.fi\/yhteiset\/kulttuurintuntemus_venaja\/index.php?rest_route=\/wp\/v2\/pages\/15"}],"wp:featuredmedia":[{"embeddable":true,"href":"https:\/\/www.verkkovaria.fi\/yhteiset\/kulttuurintuntemus_venaja\/index.php?rest_route=\/wp\/v2\/media\/176"}],"wp:attachment":[{"href":"https:\/\/www.verkkovaria.fi\/yhteiset\/kulttuurintuntemus_venaja\/index.php?rest_route=%2Fwp%2Fv2%2Fmedia&parent=35"}],"curies":[{"name":"wp","href":"https:\/\/api.w.org\/{rel}","templated":true}]}}