{"id":37,"date":"2015-09-15T06:32:31","date_gmt":"2015-09-15T06:32:31","guid":{"rendered":"http:\/\/www.verkkovaria.fi\/yhteiset\/kulttuurintuntemus_venaja\/?page_id=37"},"modified":"2016-03-30T07:42:39","modified_gmt":"2016-03-30T07:42:39","slug":"tehtava-5-venajan-kielen-perusrakenteet","status":"publish","type":"page","link":"https:\/\/www.verkkovaria.fi\/yhteiset\/kulttuurintuntemus_venaja\/?page_id=37","title":{"rendered":"Teht\u00e4v\u00e4 5: Ven\u00e4j\u00e4n kielen perusrakenteet"},"content":{"rendered":"<p>Viidenness\u00e4\u00a0teht\u00e4v\u00e4ss\u00e4 k\u00e4ymme l\u00e4pi ven\u00e4j\u00e4n kielen perusrakenteita, jotta sinun olisi helpompi tuottaa puhetta sek\u00e4 ymm\u00e4rt\u00e4\u00e4 ven\u00e4j\u00e4\u00e4 puhuvia. Tavoitteena on oppia \u00e4\u00e4nt\u00e4misen perusteet, ymm\u00e4rt\u00e4\u00e4 miten verbit taipuvat ja muistaa substantiivien suvun muodostuksen s\u00e4\u00e4nn\u00f6t. Lis\u00e4ksi on hyv\u00e4 opetella persoonapronominit ja muutamia t\u00e4rkeit\u00e4 kysymyssanoja, jotta voisi muodostaa kysymyslauseita.<\/p>\n<p><strong>Substantiivien suku<\/strong><\/p>\n<p>Ven\u00e4j\u00e4n kieless\u00e4 sanoilla on kolme sukua. Maskuliini, feminiini ja neutri. Tutustu Ylen abitreenisivustolla substantiivin suvun muodostamiseen. Katso pystytk\u00f6 teht\u00e4v\u00e4n avulla m\u00e4\u00e4rittelem\u00e4\u00e4n s\u00e4\u00e4nn\u00f6n ja tarkista sen j\u00e4lkeen oikeat vastaukset.<\/p>\n<ul>\n<li><a href=\"http:\/\/www.yle.fi\/moodle\/yle\/attempt.php?q=1302\" target=\"_blank\">Substantiivin suku<\/a><\/li>\n<\/ul>\n<p>\u00a0<\/p>\n<p><strong>Sanan paino<\/strong><\/p>\n<p>Ven\u00e4j\u00e4n kieless\u00e4 sanan paino vaihtelee, kun meill\u00e4 suomen kieless\u00e4 se pysyy aina ensimm\u00e4isell\u00e4 tavulla. T\u00e4m\u00e4 vaikuttaa sanan \u00e4\u00e4nt\u00e4miseen. K\u00e4y katsomassa Ylen abitreenisivuston linkki, jossa on v\u00e4h\u00e4n kertausta sanan suvusta, sek\u00e4 harjoitus sanan painosta.<\/p>\n<ul>\n<li><a href=\"http:\/\/oppiminen.yle.fi\/venaja\/venajaa-matkailijoille\/kahvilassa\/kielioppia\" target=\"_blank\">Sanan paino<\/a><\/li>\n<\/ul>\n<p>\u00a0<\/p>\n<p><strong>Verbit<\/strong><\/p>\n<p>Verbit jaetaan ven\u00e4j\u00e4n kieless\u00e4 kahteen ryhm\u00e4\u00e4n: ketjuihin ja vitjoihin. K\u00e4y tutustumassa s\u00e4\u00e4nt\u00f6\u00f6n Opetushallituksen Et\u00e4lukion ven\u00e4j\u00e4n kielen kurssin sivuilla.<\/p>\n<ul>\n<li><a href=\"http:\/\/www02.oph.fi\/etalukio\/venaja\/venaja1\/preesenstaivutus.html\" target=\"_blank\">Verbit<\/a><\/li>\n<\/ul>\n<p>\u00a0<\/p>\n<p><strong>Kysymyssanat ja persoonapronominit<\/strong><\/p>\n<p>Harjoittele viel\u00e4 lopuksi kysymyssanoja ja persoonapronomineja seuraavissa teht\u00e4viss\u00e4.<\/p>\n<ul>\n<li><a href=\"https:\/\/quizlet.com\/_1itvww\" target=\"_blank\">Persoonapronominit<\/a><\/li>\n<li><a href=\"https:\/\/quizlet.com\/_1itw38\" target=\"_blank\">Kysymyssanoja<\/a><\/li>\n<\/ul>\n<p>Kysymyksen voit muodostaa venj\u00e4n kieless\u00e4 kahdella tavalla.<\/p>\n<ol>\n<li>Aloitat kysymyksen joko kysymyssanalla:\u00a0\u0413\u0434\u0435 \u043c\u0430\u0433\u0430\u0437\u0438\u043d? (Miss\u00e4 on kauppa?)<\/li>\n<li>Tai intonaation avulla, jolloin intonaatio nousee loppua kohti:\u00a0\u042d\u0442\u043e \u043c\u0430\u0433\u0430\u0437\u0438\u043d? (Onko t\u00e4m\u00e4 kauppa?)<\/li>\n<\/ol>\n<p>K\u00e4y lopuksi viel\u00e4 tekem\u00e4ss\u00e4 kolme kysymyst\u00e4 sosiaalisen median alustalle ja vastaa v\u00e4hint\u00e4\u00e4n kolmen opintokaverin kysymyksiin.<\/p>\n","protected":false},"excerpt":{"rendered":"<p>Viidenness\u00e4\u00a0teht\u00e4v\u00e4ss\u00e4 k\u00e4ymme l\u00e4pi ven\u00e4j\u00e4n kielen perusrakenteita, jotta sinun olisi helpompi tuottaa puhetta sek\u00e4 ymm\u00e4rt\u00e4\u00e4 ven\u00e4j\u00e4\u00e4 puhuvia. Tavoitteena on oppia \u00e4\u00e4nt\u00e4misen perusteet, ymm\u00e4rt\u00e4\u00e4 miten verbit taipuvat ja muistaa substantiivien suvun muodostuksen s\u00e4\u00e4nn\u00f6t. Lis\u00e4ksi on hyv\u00e4 opetella persoonapronominit ja muutamia t\u00e4rkeit\u00e4 kysymyssanoja, jotta voisi muodostaa kysymyslauseita. Substantiivien suku Ven\u00e4j\u00e4n kieless\u00e4 sanoilla on kolme sukua. Maskuliini, feminiini ja &hellip; <a href=\"https:\/\/www.verkkovaria.fi\/yhteiset\/kulttuurintuntemus_venaja\/?page_id=37\">Continued<\/a><\/p>\n","protected":false},"author":1,"featured_media":106,"parent":15,"menu_order":0,"comment_status":"closed","ping_status":"closed","template":"","meta":{"footnotes":"","_links_to":"","_links_to_target":""},"class_list":["post-37","page","type-page","status-publish","has-post-thumbnail","hentry"],"_links":{"self":[{"href":"https:\/\/www.verkkovaria.fi\/yhteiset\/kulttuurintuntemus_venaja\/index.php?rest_route=\/wp\/v2\/pages\/37","targetHints":{"allow":["GET"]}}],"collection":[{"href":"https:\/\/www.verkkovaria.fi\/yhteiset\/kulttuurintuntemus_venaja\/index.php?rest_route=\/wp\/v2\/pages"}],"about":[{"href":"https:\/\/www.verkkovaria.fi\/yhteiset\/kulttuurintuntemus_venaja\/index.php?rest_route=\/wp\/v2\/types\/page"}],"author":[{"embeddable":true,"href":"https:\/\/www.verkkovaria.fi\/yhteiset\/kulttuurintuntemus_venaja\/index.php?rest_route=\/wp\/v2\/users\/1"}],"replies":[{"embeddable":true,"href":"https:\/\/www.verkkovaria.fi\/yhteiset\/kulttuurintuntemus_venaja\/index.php?rest_route=%2Fwp%2Fv2%2Fcomments&post=37"}],"version-history":[{"count":6,"href":"https:\/\/www.verkkovaria.fi\/yhteiset\/kulttuurintuntemus_venaja\/index.php?rest_route=\/wp\/v2\/pages\/37\/revisions"}],"predecessor-version":[{"id":248,"href":"https:\/\/www.verkkovaria.fi\/yhteiset\/kulttuurintuntemus_venaja\/index.php?rest_route=\/wp\/v2\/pages\/37\/revisions\/248"}],"up":[{"embeddable":true,"href":"https:\/\/www.verkkovaria.fi\/yhteiset\/kulttuurintuntemus_venaja\/index.php?rest_route=\/wp\/v2\/pages\/15"}],"wp:featuredmedia":[{"embeddable":true,"href":"https:\/\/www.verkkovaria.fi\/yhteiset\/kulttuurintuntemus_venaja\/index.php?rest_route=\/wp\/v2\/media\/106"}],"wp:attachment":[{"href":"https:\/\/www.verkkovaria.fi\/yhteiset\/kulttuurintuntemus_venaja\/index.php?rest_route=%2Fwp%2Fv2%2Fmedia&parent=37"}],"curies":[{"name":"wp","href":"https:\/\/api.w.org\/{rel}","templated":true}]}}