{"id":4,"date":"2015-09-11T11:34:39","date_gmt":"2015-09-11T11:34:39","guid":{"rendered":"http:\/\/www.verkkovaria.fi\/yhteiset\/kulttuurintuntemus_venaja\/?page_id=4"},"modified":"2016-03-29T12:18:55","modified_gmt":"2016-03-29T12:18:55","slug":"etusivu","status":"publish","type":"page","link":"https:\/\/www.verkkovaria.fi\/yhteiset\/kulttuurintuntemus_venaja\/","title":{"rendered":"Etusivu"},"content":{"rendered":"<p style=\"text-align: left;\">Privet! Tervetuloa opiskelemaan ven\u00e4j\u00e4n kielen alkeita! Tarjolla on kaksi ven\u00e4j\u00e4n sis\u00e4lt\u00f6\u00e4, joista toisessa p\u00e4\u00e4set opiskelemaan sanontoja, joita tarvitset arkip\u00e4iv\u00e4n tilanteissa. Toisessa sis\u00e4ll\u00f6ss\u00e4 keskityt\u00e4\u00e4n enemm\u00e4n sanastoon, jota tarvitset tulevassa ty\u00f6ss\u00e4si. Teht\u00e4v\u00e4t on suunniteltu niin, ett\u00e4 ne sopivat kaikille aloille.<\/p>\n<p style=\"text-align: left;\">Olet ehk\u00e4 tietoinen, ett\u00e4 ven\u00e4j\u00e4n kielt\u00e4 tarvitaan nyky\u00e4\u00e4n hyvin monella alalla, kuten asiakaspalveluammateissa (esim. ravintola-alalla\/matkailupuolella). L\u00e4hihoitajan ammatissa sinulla saattaa olla ven\u00e4j\u00e4nkielisi\u00e4 hoidettavia. Rakennusalalla monet ty\u00f6miehet puhuvat \u00e4idinkielen\u00e4\u00e4n ven\u00e4j\u00e4\u00e4. T\u00e4llaisissa tilanteissa olisi hy\u00f6dyllist\u00e4 osata hieman perussanastoa, kuten tervehdyksi\u00e4, kohteliaisuussanoja, sek\u00e4 muita t\u00e4rkeit\u00e4 sanontoja.<\/p>\n","protected":false},"excerpt":{"rendered":"<p>Privet! Tervetuloa opiskelemaan ven\u00e4j\u00e4n kielen alkeita! Tarjolla on kaksi ven\u00e4j\u00e4n sis\u00e4lt\u00f6\u00e4, joista toisessa p\u00e4\u00e4set opiskelemaan sanontoja, joita tarvitset arkip\u00e4iv\u00e4n tilanteissa. Toisessa sis\u00e4ll\u00f6ss\u00e4 keskityt\u00e4\u00e4n enemm\u00e4n sanastoon, jota tarvitset tulevassa ty\u00f6ss\u00e4si. Teht\u00e4v\u00e4t on suunniteltu niin, ett\u00e4 ne sopivat kaikille aloille. Olet ehk\u00e4 tietoinen, ett\u00e4 ven\u00e4j\u00e4n kielt\u00e4 tarvitaan nyky\u00e4\u00e4n hyvin monella alalla, kuten asiakaspalveluammateissa (esim. ravintola-alalla\/matkailupuolella). L\u00e4hihoitajan ammatissa &hellip; <a href=\"https:\/\/www.verkkovaria.fi\/yhteiset\/kulttuurintuntemus_venaja\/\">Continued<\/a><\/p>\n","protected":false},"author":1,"featured_media":100,"parent":0,"menu_order":0,"comment_status":"closed","ping_status":"closed","template":"frontpage.php","meta":{"footnotes":"","_links_to":"","_links_to_target":""},"class_list":["post-4","page","type-page","status-publish","has-post-thumbnail","hentry"],"_links":{"self":[{"href":"https:\/\/www.verkkovaria.fi\/yhteiset\/kulttuurintuntemus_venaja\/index.php?rest_route=\/wp\/v2\/pages\/4","targetHints":{"allow":["GET"]}}],"collection":[{"href":"https:\/\/www.verkkovaria.fi\/yhteiset\/kulttuurintuntemus_venaja\/index.php?rest_route=\/wp\/v2\/pages"}],"about":[{"href":"https:\/\/www.verkkovaria.fi\/yhteiset\/kulttuurintuntemus_venaja\/index.php?rest_route=\/wp\/v2\/types\/page"}],"author":[{"embeddable":true,"href":"https:\/\/www.verkkovaria.fi\/yhteiset\/kulttuurintuntemus_venaja\/index.php?rest_route=\/wp\/v2\/users\/1"}],"replies":[{"embeddable":true,"href":"https:\/\/www.verkkovaria.fi\/yhteiset\/kulttuurintuntemus_venaja\/index.php?rest_route=%2Fwp%2Fv2%2Fcomments&post=4"}],"version-history":[{"count":10,"href":"https:\/\/www.verkkovaria.fi\/yhteiset\/kulttuurintuntemus_venaja\/index.php?rest_route=\/wp\/v2\/pages\/4\/revisions"}],"predecessor-version":[{"id":230,"href":"https:\/\/www.verkkovaria.fi\/yhteiset\/kulttuurintuntemus_venaja\/index.php?rest_route=\/wp\/v2\/pages\/4\/revisions\/230"}],"wp:featuredmedia":[{"embeddable":true,"href":"https:\/\/www.verkkovaria.fi\/yhteiset\/kulttuurintuntemus_venaja\/index.php?rest_route=\/wp\/v2\/media\/100"}],"wp:attachment":[{"href":"https:\/\/www.verkkovaria.fi\/yhteiset\/kulttuurintuntemus_venaja\/index.php?rest_route=%2Fwp%2Fv2%2Fmedia&parent=4"}],"curies":[{"name":"wp","href":"https:\/\/api.w.org\/{rel}","templated":true}]}}