{"id":71,"date":"2016-02-29T17:29:18","date_gmt":"2016-02-29T17:29:18","guid":{"rendered":"http:\/\/www.verkkovaria.fi\/yhteiset\/tyoelamataidot\/?page_id=71"},"modified":"2016-07-05T11:43:37","modified_gmt":"2016-07-05T11:43:37","slug":"arviointi","status":"publish","type":"page","link":"https:\/\/www.verkkovaria.fi\/yhteiset\/tyoelamataidot\/?page_id=71","title":{"rendered":"Arviointi"},"content":{"rendered":"<p><strong>Yhteiskunnassa ja ty\u00f6el\u00e4m\u00e4ss\u00e4 tarvittava osaaminen: Ty\u00f6el\u00e4m\u00e4taidot<\/strong><\/p>\n<p>Ty\u00f6el\u00e4m\u00e4taidot\u00a0on pakollinen\u00a0osa Yhteiskunnassa ja ty\u00f6el\u00e4m\u00e4ss\u00e4 tarvittava osaaminen -tutkinnon osaa ja sen\u00a0laajuus on 1 osp.\u00a0Osaaminen arvioidaan numerolla\u00a01-3. Ty\u00f6el\u00e4m\u00e4taitojen osaamistavoitteet ja arvioinnin kriteerit l\u00f6ytyv\u00e4t Opintopolusta: <a href=\"https:\/\/eperusteet.opintopolku.fi\/#\/fi\/esitys\/612\/ops\/tutkinnonosat\/7447#osaalue1506\" target=\"_blank\">ePerusteet: Yhteiskunnassa ja ty\u00f6el\u00e4m\u00e4ss\u00e4 tarvittava osaaminen, Ty\u00f6el\u00e4m\u00e4taidot<\/a>.<\/p>\n<p>Osaamistavoitteiden mukaan opiskelija:<\/p>\n<ul>\n<li>osaa hakea itselleen ty\u00f6paikkaa<\/li>\n<li>osaa kuvata ty\u00f6sopimusj\u00e4rjestelm\u00e4\u00e4 ja ty\u00f6sopimuksen keskeiset asiat<\/li>\n<li>osaa perehty\u00e4 ty\u00f6paikan toimintaan ja ty\u00f6teht\u00e4viin sek\u00e4 huolehtia ty\u00f6turvallisuudesta<\/li>\n<li>osaa ty\u00f6skennell\u00e4 ty\u00f6paikassa ja kehitt\u00e4\u00e4 osaamistaan.<\/li>\n<\/ul>\n","protected":false},"excerpt":{"rendered":"<p>Yhteiskunnassa ja ty\u00f6el\u00e4m\u00e4ss\u00e4 tarvittava osaaminen: Ty\u00f6el\u00e4m\u00e4taidot Ty\u00f6el\u00e4m\u00e4taidot\u00a0on pakollinen\u00a0osa Yhteiskunnassa ja ty\u00f6el\u00e4m\u00e4ss\u00e4 tarvittava osaaminen -tutkinnon osaa ja sen\u00a0laajuus on 1 osp.\u00a0Osaaminen arvioidaan numerolla\u00a01-3. Ty\u00f6el\u00e4m\u00e4taitojen osaamistavoitteet ja arvioinnin kriteerit l\u00f6ytyv\u00e4t Opintopolusta: ePerusteet: Yhteiskunnassa ja ty\u00f6el\u00e4m\u00e4ss\u00e4 tarvittava osaaminen, Ty\u00f6el\u00e4m\u00e4taidot. Osaamistavoitteiden mukaan opiskelija: osaa hakea itselleen ty\u00f6paikkaa osaa kuvata ty\u00f6sopimusj\u00e4rjestelm\u00e4\u00e4 ja ty\u00f6sopimuksen keskeiset asiat osaa perehty\u00e4 ty\u00f6paikan toimintaan ja &hellip; <a href=\"https:\/\/www.verkkovaria.fi\/yhteiset\/tyoelamataidot\/?page_id=71\">Continued<\/a><\/p>\n","protected":false},"author":2,"featured_media":0,"parent":54,"menu_order":0,"comment_status":"closed","ping_status":"closed","template":"subpage.php","meta":{"footnotes":"","_links_to":"","_links_to_target":""},"class_list":["post-71","page","type-page","status-publish","hentry"],"_links":{"self":[{"href":"https:\/\/www.verkkovaria.fi\/yhteiset\/tyoelamataidot\/index.php?rest_route=\/wp\/v2\/pages\/71","targetHints":{"allow":["GET"]}}],"collection":[{"href":"https:\/\/www.verkkovaria.fi\/yhteiset\/tyoelamataidot\/index.php?rest_route=\/wp\/v2\/pages"}],"about":[{"href":"https:\/\/www.verkkovaria.fi\/yhteiset\/tyoelamataidot\/index.php?rest_route=\/wp\/v2\/types\/page"}],"author":[{"embeddable":true,"href":"https:\/\/www.verkkovaria.fi\/yhteiset\/tyoelamataidot\/index.php?rest_route=\/wp\/v2\/users\/2"}],"replies":[{"embeddable":true,"href":"https:\/\/www.verkkovaria.fi\/yhteiset\/tyoelamataidot\/index.php?rest_route=%2Fwp%2Fv2%2Fcomments&post=71"}],"version-history":[{"count":20,"href":"https:\/\/www.verkkovaria.fi\/yhteiset\/tyoelamataidot\/index.php?rest_route=\/wp\/v2\/pages\/71\/revisions"}],"predecessor-version":[{"id":253,"href":"https:\/\/www.verkkovaria.fi\/yhteiset\/tyoelamataidot\/index.php?rest_route=\/wp\/v2\/pages\/71\/revisions\/253"}],"up":[{"embeddable":true,"href":"https:\/\/www.verkkovaria.fi\/yhteiset\/tyoelamataidot\/index.php?rest_route=\/wp\/v2\/pages\/54"}],"wp:attachment":[{"href":"https:\/\/www.verkkovaria.fi\/yhteiset\/tyoelamataidot\/index.php?rest_route=%2Fwp%2Fv2%2Fmedia&parent=71"}],"curies":[{"name":"wp","href":"https:\/\/api.w.org\/{rel}","templated":true}]}}